{"id":1051,"date":"2021-11-03T10:24:05","date_gmt":"2021-11-03T09:24:05","guid":{"rendered":"https:\/\/alumar.de\/insektenschutz\/?page_id=1051"},"modified":"2025-09-18T17:05:53","modified_gmt":"2025-09-18T15:05:53","slug":"karriere","status":"publish","type":"page","link":"https:\/\/alumar.de\/insektenschutz\/karriere\/","title":{"rendered":"Karriere"},"content":{"rendered":"\n<div class=\"wp-block-citadela-blocks-custom-container citadela-block-custom-container size-fullwidth bg-type-image inside-space-none bg-size-cover has-overlay has-min-height vertical-align-top\" style=\"min-height:420px\"><div class=\"bg-image-wrapper\" style=\"background-image:url(https:\/\/alumar.de\/insektenschutz\/wp-content\/uploads\/2021\/11\/Stellenangebot_Produktionsmitarbeiter_Moenchengladbach.jpg);background-repeat:no-repeat;background-position:54% 46%\"><\/div><div class=\"bg-image-overlay\" style=\"background-color:#82a2b5;opacity:0.4\"><\/div><div class=\"inner-holder\">\n<div class=\"wp-block-group\"><div class=\"wp-block-group__inner-container is-layout-flow wp-block-group-is-layout-flow\">\n<div style=\"height:80px\" aria-hidden=\"true\" class=\"wp-block-spacer\"><\/div>\n\n\n\n<h1 class=\"wp-block-heading has-text-align-center has-white-color has-text-color\">KARRIERE <\/h1>\n<\/div><\/div>\n\n\n\n<div class=\"wp-block-citadela-blocks-spacer citadela-block-spacer\"><div class=\"inner-holder\" style=\"padding-top:5vw\"><\/div><\/div>\n<\/div><\/div>\n\n\n\n<div style=\"height:100px\" aria-hidden=\"true\" class=\"wp-block-spacer\"><\/div>\n\n\n\n<div class=\"wp-block-columns is-layout-flex wp-container-core-columns-is-layout-9d6595d7 wp-block-columns-is-layout-flex\">\n<div class=\"wp-block-column is-layout-flow wp-block-column-is-layout-flow\" style=\"flex-basis:15px\"><\/div>\n\n\n\n<div class=\"wp-block-column is-layout-flow wp-block-column-is-layout-flow\" style=\"flex-basis:100%\">\n<h2 class=\"wp-block-heading has-text-align-center has-text-color\" style=\"color:#82a2b5\"><strong>KARRIERE BEI ALUMAR IN <\/strong>VIERSEN<\/h2>\n\n\n\n<p class=\"has-text-align-left\">Hinter Alumar steht ein Team das mit Herzblut an der Vision arbeitet, qualitativ hochwertigen Insektenschutz an allen Fenstern anzubringen. Ganz gleich, ob du schon Erfahrungen in diesem Bereich hast oder nicht \u2013 wir freuen uns auf deine Initiative uns bei der Umsetzung unterst\u00fctzen zu wollen! Selbstverst\u00e4ndlich wirst du auf die jeweilige Stelle intern ausreichend geschult und Schritt f\u00fcr Schritt an deine neue Aufgabe herangef\u00fchrt. Willst du Teil eines jungen stets wachsenden Familienunternehmen werden uns uns bei unserer Vision unterst\u00fctzen? <\/p>\n\n\n\n<p class=\"has-text-align-left\">Dann schau dir unbedingt die nachfolgenden Stellenanzeigen an!<\/p>\n<\/div>\n\n\n\n<div class=\"wp-block-column is-layout-flow wp-block-column-is-layout-flow\" style=\"flex-basis:15px\"><\/div>\n<\/div>\n\n\n\n<div style=\"height:60px\" aria-hidden=\"true\" class=\"wp-block-spacer\"><\/div>\n\n\n\n<div class=\"wp-block-citadela-blocks-custom-container citadela-block-custom-container size-fullwidth bg-type-none inside-space-none\"><div class=\"inner-holder\">\n<div class=\"wp-block-cover alignfull is-light has-parallax\" style=\"min-height:560px;aspect-ratio:unset;\"><div class=\"wp-block-cover__image-background wp-image-1505 has-parallax\" style=\"background-position:50% 50%;background-image:url(https:\/\/alumar.de\/insektenschutz\/wp-content\/uploads\/2021\/11\/Job_Stellenangebot_Produktionsmitarbeiter_Moenchengladbach.jpg)\"><\/div><span aria-hidden=\"true\" class=\"wp-block-cover__background has-background-dim\" style=\"background-color:#82a2b5\"><\/span><div class=\"wp-block-cover__inner-container is-layout-flow wp-block-cover-is-layout-flow\">\n<div class=\"wp-block-columns is-layout-flex wp-container-core-columns-is-layout-9d6595d7 wp-block-columns-is-layout-flex\">\n<div class=\"wp-block-column is-layout-flow wp-block-column-is-layout-flow\" style=\"flex-basis:100%\">\n<p class=\"has-text-align-center has-large-font-size\"><strong>DAS BIETEN WIR DIR<\/strong><\/p>\n\n\n\n<div class=\"wp-block-columns is-layout-flex wp-container-core-columns-is-layout-9d6595d7 wp-block-columns-is-layout-flex\">\n<div class=\"wp-block-column is-layout-flow wp-block-column-is-layout-flow\"><\/div>\n\n\n\n<div class=\"wp-block-column is-layout-flow wp-block-column-is-layout-flow\">\n<ul class=\"wp-block-list\">\n<li><strong>Einen sicheren Arbeitsplatz<\/strong><\/li>\n\n\n\n<li><strong>Ein kollegiales und famili\u00e4res Arbeitsklima<\/strong><\/li>\n\n\n\n<li><strong>Einen unbefristeten Arbeitsvertrag<\/strong><\/li>\n\n\n\n<li><strong>Betriebliche Krankenzusatzversicherung<\/strong><\/li>\n\n\n\n<li><strong>Flache Hierarchieebene<\/strong><\/li>\n\n\n\n<li><strong>Eigenverantwortung<\/strong><\/li>\n<\/ul>\n<\/div>\n\n\n\n<div class=\"wp-block-column is-layout-flow wp-block-column-is-layout-flow\"><\/div>\n<\/div>\n\n\n\n<div class=\"wp-block-group\"><div class=\"wp-block-group__inner-container is-layout-flow wp-block-group-is-layout-flow\">\n<div class=\"wp-block-group\"><div class=\"wp-block-group__inner-container is-layout-flow wp-block-group-is-layout-flow\">\n<p class=\"has-text-align-center\"><\/p>\n<\/div><\/div>\n<\/div><\/div>\n<\/div>\n<\/div>\n<\/div><\/div>\n\n\n\n<div style=\"height:60px\" aria-hidden=\"true\" class=\"wp-block-spacer\"><\/div>\n\n\n\n<p class=\"has-text-align-center\"><\/p>\n\n\n\n<div class=\"wp-block-columns is-layout-flex wp-container-core-columns-is-layout-9d6595d7 wp-block-columns-is-layout-flex\">\n<div class=\"wp-block-column is-layout-flow wp-block-column-is-layout-flow\"><\/div>\n\n\n\n<div class=\"wp-block-column is-vertically-aligned-top is-layout-flow wp-block-column-is-layout-flow\">\n<p>Du suchst einen spannenden, handwerklichen Job in einem schnell wachsenden Familienbetrieb mit einem kommunikativen, kollegialen Arbeitsumfeld? Warum st\u00e4ndig die Tage auf der Arbeit z\u00e4hlen, wenn man einen Job haben kann der einem Spa\u00df macht? <\/p>\n\n\n\n<p><strong>WIR SUCHEN<\/strong> <\/p>\n\n\n\n<h3 class=\"wp-block-heading has-text-align-left has-text-color\" style=\"color:#82a2b5\">Auszubildende zum Industriekaufmann \/-frau (M\/W\/D)<\/h3>\n\n\n\n<p class=\"has-text-align-left\">in Vollzeit f\u00fcr unseren Standort in Viersen.<\/p>\n\n\n\n<div class=\"wp-block-buttons alignfull is-layout-flex wp-block-buttons-is-layout-flex\">\n<div class=\"wp-block-button\"><a class=\"wp-block-button__link has-white-color has-text-color has-background wp-element-button\" href=\"https:\/\/alumar.de\/insektenschutzhttps:\/\/alumar.de\/insektenschutzhttps:\/\/alumar.de\/insektenschutz\/auszubildende-n-zum-zur-industriekaufmann-und-frau-m-w-d\/\" style=\"border-radius:4px;background-color:#82a2b5\" target=\"_blank\" rel=\"noreferrer noopener\">Zur Stellenbeschreibung<\/a><\/div>\n<\/div>\n\n\n\n<h3 class=\"wp-block-heading has-text-align-left has-text-color\" style=\"color:#82a2b5\">Auszubildende zum B\u00fcrokaufmann \/-frau (M\/W\/D)<\/h3>\n\n\n\n<p class=\"has-text-align-left\">in Vollzeit f\u00fcr unseren Standort in Viersen.<\/p>\n\n\n\n<div class=\"wp-block-buttons alignfull is-layout-flex wp-block-buttons-is-layout-flex\">\n<div class=\"wp-block-button\"><a class=\"wp-block-button__link has-white-color has-text-color has-background wp-element-button\" href=\"https:\/\/alumar.de\/insektenschutzhttps:\/\/alumar.de\/insektenschutzhttps:\/\/alumar.de\/insektenschutz\/auszubildende-n-zum-zur-buerokaufmann-und-frau-fuer-bueromanagement-m-w-d\/\" style=\"border-radius:4px;background-color:#82a2b5\" target=\"_blank\" rel=\"noreferrer noopener\">Zur Stellenbeschreibung<\/a><\/div>\n<\/div>\n\n\n\n<h3 class=\"wp-block-heading has-text-align-left has-text-color\" style=\"color:#82a2b5\">Auszubildende zur Fachkraft f\u00fcr Metalltechnik<br>\u2013 Schwerpunkt Montagetechnik (M\/W\/D)<br><\/h3>\n\n\n\n<p class=\"has-text-align-left\">in Vollzeit f\u00fcr unsere Produktion in Viersen.<\/p>\n\n\n\n<div class=\"wp-block-buttons alignfull is-layout-flex wp-block-buttons-is-layout-flex\">\n<div class=\"wp-block-button\"><a class=\"wp-block-button__link has-white-color has-text-color has-background wp-element-button\" href=\"https:\/\/alumar.de\/insektenschutzhttps:\/\/alumar.de\/insektenschutz\/ausbildung-zur-fachkraft-fuer-metalltechnik-m-w-d\/\" style=\"border-radius:4px;background-color:#82a2b5\" target=\"_blank\" rel=\"noreferrer noopener\">Zur Stellenbeschreibung<\/a><\/div>\n<\/div>\n\n\n\n<h3 class=\"wp-block-heading has-text-align-left has-text-color\" style=\"color:#82a2b5\">Produktionsmitarbeiter (M\/W\/D)<\/h3>\n\n\n\n<p class=\"has-text-align-left\">in Vollzeit f\u00fcr unsere Produktion in Viersen.<\/p>\n\n\n\n<div class=\"wp-block-buttons alignfull is-layout-flex wp-block-buttons-is-layout-flex\">\n<div class=\"wp-block-button\"><a class=\"wp-block-button__link has-white-color has-text-color has-background wp-element-button\" href=\"https:\/\/alumar.de\/insektenschutz\/produktionsmitarbeiter-in-moenchengladbach-gesucht\/\" style=\"border-radius:4px;background-color:#82a2b5\" target=\"_blank\" rel=\"noreferrer noopener\">Zur Stellenbeschreibung<\/a><\/div>\n<\/div>\n<\/div>\n\n\n\n<div class=\"wp-block-column is-layout-flow wp-block-column-is-layout-flow\"><\/div>\n<\/div>\n\n\n\n<div style=\"height:100px\" aria-hidden=\"true\" class=\"wp-block-spacer\"><\/div>\n\n\n\n<h2 class=\"wp-block-heading has-text-align-center has-text-color\" style=\"color:#82a2b5\">STANDORT VIERSEN<\/h2>\n\n\n\n<div class=\"wp-block-group alignfull\"><div class=\"wp-block-group__inner-container is-layout-flow wp-block-group-is-layout-flow\">\n<iframe loading=\"lazy\" id=\"gmap_canvas\" src=\"https:\/\/www.google.com\/maps\/embed?pb=!1m18!1m12!1m3!1d2497.981813054182!2d6.324437676456783!3d51.237829830360674!2m3!1f0!2f0!3f0!3m2!1i1024!2i768!4f13.1!3m3!1m2!1s0x47c755a32a1d4083%3A0x4a21656c83771772!2sTechnologiering%2025%2C%2041751%20Viersen!5e0!3m2!1sde!2sde!4v1738325822023!5m2!1sde!2sde\" scrolling=\"no\" marginheight=\"0\" marginwidth=\"0\" width=\"2560\" height=\"500\" frameborder=\"0\"><\/iframe><br><style>.mapouter{position:relative;text-align:right;height:500px;width:2560px;}<\/style><a href=\"https:\/\/www.embedgooglemap.net\"><\/a><style>.gmap_canvas {overflow:hidden;background:none!important;height:500px;width:2560px;}<\/style>\n\n\n\n<p><\/p>\n<\/div><\/div>\n<\/div><\/div>\n\n\n\n<div class=\"wp-block-cover alignfull is-light\" style=\"min-height:200px;aspect-ratio:unset;\"><img loading=\"lazy\" decoding=\"async\" width=\"2560\" height=\"170\" class=\"wp-block-cover__image-background wp-image-1123\" alt=\"\" src=\"https:\/\/alumar.de\/insektenschutz\/wp-content\/uploads\/2021\/11\/CTA_BG_Insektenschutzgitter.png\" data-object-fit=\"cover\" srcset=\"https:\/\/alumar.de\/insektenschutz\/wp-content\/uploads\/2021\/11\/CTA_BG_Insektenschutzgitter.png 2560w, https:\/\/alumar.de\/insektenschutz\/wp-content\/uploads\/2021\/11\/CTA_BG_Insektenschutzgitter-300x20.png 300w, https:\/\/alumar.de\/insektenschutz\/wp-content\/uploads\/2021\/11\/CTA_BG_Insektenschutzgitter-1024x68.png 1024w, https:\/\/alumar.de\/insektenschutz\/wp-content\/uploads\/2021\/11\/CTA_BG_Insektenschutzgitter-768x51.png 768w, https:\/\/alumar.de\/insektenschutz\/wp-content\/uploads\/2021\/11\/CTA_BG_Insektenschutzgitter-1536x102.png 1536w, https:\/\/alumar.de\/insektenschutz\/wp-content\/uploads\/2021\/11\/CTA_BG_Insektenschutzgitter-2048x136.png 2048w\" sizes=\"auto, (max-width: 2560px) 100vw, 2560px\" \/><span aria-hidden=\"true\" class=\"wp-block-cover__background has-background-dim-0 has-background-dim\"><\/span><div class=\"wp-block-cover__inner-container is-layout-flow wp-block-cover-is-layout-flow\">\n<div class=\"wp-block-columns is-layout-flex wp-container-core-columns-is-layout-9d6595d7 wp-block-columns-is-layout-flex\">\n<div class=\"wp-block-column is-layout-flow wp-block-column-is-layout-flow\">\n<h2 class=\"wp-block-heading has-large-font-size\">SIE W\u00dcNSCHEN EINE INDIVIDUELLE BERATUNG<\/h2>\n\n\n\n<h6 class=\"wp-block-heading has-normal-font-size\"> Kontaktieren Sie uns ganz einfach, wir helfen Ihnen gerne. <\/h6>\n\n\n\n<p><\/p>\n<\/div>\n\n\n\n<div class=\"wp-block-column is-layout-flow wp-block-column-is-layout-flow\"><\/div>\n\n\n\n<div class=\"wp-block-column is-layout-flow wp-block-column-is-layout-flow\">\n<center><i class=\"fa fa-phone IconPhone\"><\/i><\/center>\n\n\n\n<h2 class=\"wp-block-heading has-text-align-center has-large-font-size\">02161 46 34 70 0<\/h2>\n\n\n\n<hr class=\"wp-block-separator has-text-color has-css-opacity has-background aligncenter is-style-wide\" style=\"background-color:#1b5eaa;color:#1b5eaa\"\/>\n\n\n\n<p class=\"has-text-align-center has-white-color has-text-color\"><a href=\"mailto:mail@alumar.de\"><strong>E-Mail: mail@alumar.de<\/strong><\/a><\/p>\n<\/div>\n<\/div>\n<\/div><\/div>\n","protected":false},"excerpt":{"rendered":"","protected":false},"author":1,"featured_media":0,"parent":0,"menu_order":0,"comment_status":"closed","ping_status":"closed","template":"","meta":{"_citadela_hide_page_title":"1","_citadela_remove_header_space":"1","_citadela_custom_class":"","_citadela_half_map_provider":"","_citadela_half_map_theme":"","_citadela_half_map_themeOSM":"","_citadela_half_map_customTheme":"","_citadela_half_map_dataType":"","_citadela_half_map_dynamicTrack":false,"_citadela_half_map_trackColor":"","_citadela_half_map_trackEndpointsColor":"","_citadela_half_map_filterCategory":"","_citadela_half_map_filterLocation":"","_citadela_half_map_filterFeatured":false,"_citadela_half_map_noDataBehavior":"empty-map","_citadela_half_map_noDataText":"","_citadela_half_map_clusterGridSize":80,"_citadela_header":false,"_citadela_header_over_content":false,"_citadela_header_text_color":"","_citadela_header_logo":[],"_citadela_header_bg_image":[],"_citadela_header_bg_position":{"x":0.5,"y":0.5},"_citadela_header_bg_size":"cover","_citadela_header_bg_repeat":"no-repeat","_citadela_header_bg_fixed":false,"_citadela_header_bg_color":"","_citadela_header_bg_image_overlay":"","_citadela_header_transparent_bg":false,"_citadela_content_width":"full","_citadela_half_layout_position":"","footnotes":""},"class_list":["post-1051","page","type-page","status-publish","hentry"],"yoast_head":"<!-- This site is optimized with the Yoast SEO plugin v26.2 - https:\/\/yoast.com\/wordpress\/plugins\/seo\/ -->\n<title>Karriere |<\/title>\n<meta name=\"robots\" content=\"index, follow, max-snippet:-1, max-image-preview:large, max-video-preview:-1\" \/>\n<link rel=\"canonical\" href=\"https:\/\/alumar.de\/insektenschutz\/karriere\/\" \/>\n<meta property=\"og:locale\" content=\"de_DE\" \/>\n<meta property=\"og:type\" content=\"article\" \/>\n<meta property=\"og:title\" content=\"Karriere |\" \/>\n<meta property=\"og:url\" content=\"https:\/\/alumar.de\/insektenschutz\/karriere\/\" \/>\n<meta property=\"article:publisher\" content=\"https:\/\/www.facebook.com\/alumarinsektengitter\/\" \/>\n<meta property=\"article:modified_time\" content=\"2025-09-18T15:05:53+00:00\" \/>\n<meta name=\"twitter:card\" content=\"summary_large_image\" \/>\n<script type=\"application\/ld+json\" class=\"yoast-schema-graph\">{\"@context\":\"https:\/\/schema.org\",\"@graph\":[{\"@type\":\"WebPage\",\"@id\":\"https:\/\/alumar.de\/insektenschutz\/karriere\/\",\"url\":\"https:\/\/alumar.de\/insektenschutz\/karriere\/\",\"name\":\"Karriere |\",\"isPartOf\":{\"@id\":\"https:\/\/alumar.de\/insektenschutz\/#website\"},\"datePublished\":\"2021-11-03T09:24:05+00:00\",\"dateModified\":\"2025-09-18T15:05:53+00:00\",\"breadcrumb\":{\"@id\":\"https:\/\/alumar.de\/insektenschutz\/karriere\/#breadcrumb\"},\"inLanguage\":\"de\",\"potentialAction\":[{\"@type\":\"ReadAction\",\"target\":[\"https:\/\/alumar.de\/insektenschutz\/karriere\/\"]}]},{\"@type\":\"BreadcrumbList\",\"@id\":\"https:\/\/alumar.de\/insektenschutz\/karriere\/#breadcrumb\",\"itemListElement\":[{\"@type\":\"ListItem\",\"position\":1,\"name\":\"Startseite\",\"item\":\"https:\/\/alumar.de\/insektenschutz\/\"},{\"@type\":\"ListItem\",\"position\":2,\"name\":\"Karriere\"}]},{\"@type\":\"WebSite\",\"@id\":\"https:\/\/alumar.de\/insektenschutz\/#website\",\"url\":\"https:\/\/alumar.de\/insektenschutz\/\",\"name\":\"\",\"description\":\"\",\"publisher\":{\"@id\":\"https:\/\/alumar.de\/insektenschutz\/#organization\"},\"potentialAction\":[{\"@type\":\"SearchAction\",\"target\":{\"@type\":\"EntryPoint\",\"urlTemplate\":\"https:\/\/alumar.de\/insektenschutz\/?s={search_term_string}\"},\"query-input\":{\"@type\":\"PropertyValueSpecification\",\"valueRequired\":true,\"valueName\":\"search_term_string\"}}],\"inLanguage\":\"de\"},{\"@type\":\"Organization\",\"@id\":\"https:\/\/alumar.de\/insektenschutz\/#organization\",\"name\":\"Alumar EK\",\"url\":\"https:\/\/alumar.de\/insektenschutz\/\",\"logo\":{\"@type\":\"ImageObject\",\"inLanguage\":\"de\",\"@id\":\"https:\/\/alumar.de\/insektenschutz\/#\/schema\/logo\/image\/\",\"url\":\"https:\/\/alumar.de\/insektenschutz\/wp-content\/uploads\/2021\/11\/Footer_logo.png\",\"contentUrl\":\"https:\/\/alumar.de\/insektenschutz\/wp-content\/uploads\/2021\/11\/Footer_logo.png\",\"width\":574,\"height\":384,\"caption\":\"Alumar EK\"},\"image\":{\"@id\":\"https:\/\/alumar.de\/insektenschutz\/#\/schema\/logo\/image\/\"},\"sameAs\":[\"https:\/\/www.facebook.com\/alumarinsektengitter\/\",\"https:\/\/www.instagram.com\/alumar_insektengitter\/\"]}]}<\/script>\n<!-- \/ Yoast SEO plugin. -->","yoast_head_json":{"title":"Karriere |","robots":{"index":"index","follow":"follow","max-snippet":"max-snippet:-1","max-image-preview":"max-image-preview:large","max-video-preview":"max-video-preview:-1"},"canonical":"https:\/\/alumar.de\/insektenschutz\/karriere\/","og_locale":"de_DE","og_type":"article","og_title":"Karriere |","og_url":"https:\/\/alumar.de\/insektenschutz\/karriere\/","article_publisher":"https:\/\/www.facebook.com\/alumarinsektengitter\/","article_modified_time":"2025-09-18T15:05:53+00:00","twitter_card":"summary_large_image","schema":{"@context":"https:\/\/schema.org","@graph":[{"@type":"WebPage","@id":"https:\/\/alumar.de\/insektenschutz\/karriere\/","url":"https:\/\/alumar.de\/insektenschutz\/karriere\/","name":"Karriere |","isPartOf":{"@id":"https:\/\/alumar.de\/insektenschutz\/#website"},"datePublished":"2021-11-03T09:24:05+00:00","dateModified":"2025-09-18T15:05:53+00:00","breadcrumb":{"@id":"https:\/\/alumar.de\/insektenschutz\/karriere\/#breadcrumb"},"inLanguage":"de","potentialAction":[{"@type":"ReadAction","target":["https:\/\/alumar.de\/insektenschutz\/karriere\/"]}]},{"@type":"BreadcrumbList","@id":"https:\/\/alumar.de\/insektenschutz\/karriere\/#breadcrumb","itemListElement":[{"@type":"ListItem","position":1,"name":"Startseite","item":"https:\/\/alumar.de\/insektenschutz\/"},{"@type":"ListItem","position":2,"name":"Karriere"}]},{"@type":"WebSite","@id":"https:\/\/alumar.de\/insektenschutz\/#website","url":"https:\/\/alumar.de\/insektenschutz\/","name":"","description":"","publisher":{"@id":"https:\/\/alumar.de\/insektenschutz\/#organization"},"potentialAction":[{"@type":"SearchAction","target":{"@type":"EntryPoint","urlTemplate":"https:\/\/alumar.de\/insektenschutz\/?s={search_term_string}"},"query-input":{"@type":"PropertyValueSpecification","valueRequired":true,"valueName":"search_term_string"}}],"inLanguage":"de"},{"@type":"Organization","@id":"https:\/\/alumar.de\/insektenschutz\/#organization","name":"Alumar EK","url":"https:\/\/alumar.de\/insektenschutz\/","logo":{"@type":"ImageObject","inLanguage":"de","@id":"https:\/\/alumar.de\/insektenschutz\/#\/schema\/logo\/image\/","url":"https:\/\/alumar.de\/insektenschutz\/wp-content\/uploads\/2021\/11\/Footer_logo.png","contentUrl":"https:\/\/alumar.de\/insektenschutz\/wp-content\/uploads\/2021\/11\/Footer_logo.png","width":574,"height":384,"caption":"Alumar EK"},"image":{"@id":"https:\/\/alumar.de\/insektenschutz\/#\/schema\/logo\/image\/"},"sameAs":["https:\/\/www.facebook.com\/alumarinsektengitter\/","https:\/\/www.instagram.com\/alumar_insektengitter\/"]}]}},"_links":{"self":[{"href":"https:\/\/alumar.de\/insektenschutz\/wp-json\/wp\/v2\/pages\/1051","targetHints":{"allow":["GET"]}}],"collection":[{"href":"https:\/\/alumar.de\/insektenschutz\/wp-json\/wp\/v2\/pages"}],"about":[{"href":"https:\/\/alumar.de\/insektenschutz\/wp-json\/wp\/v2\/types\/page"}],"author":[{"embeddable":true,"href":"https:\/\/alumar.de\/insektenschutz\/wp-json\/wp\/v2\/users\/1"}],"replies":[{"embeddable":true,"href":"https:\/\/alumar.de\/insektenschutz\/wp-json\/wp\/v2\/comments?post=1051"}],"version-history":[{"count":9,"href":"https:\/\/alumar.de\/insektenschutz\/wp-json\/wp\/v2\/pages\/1051\/revisions"}],"predecessor-version":[{"id":1740,"href":"https:\/\/alumar.de\/insektenschutz\/wp-json\/wp\/v2\/pages\/1051\/revisions\/1740"}],"wp:attachment":[{"href":"https:\/\/alumar.de\/insektenschutz\/wp-json\/wp\/v2\/media?parent=1051"}],"curies":[{"name":"wp","href":"https:\/\/api.w.org\/{rel}","templated":true}]}}