{"id":1193,"date":"2021-11-03T15:21:46","date_gmt":"2021-11-03T14:21:46","guid":{"rendered":"https:\/\/alumar.de\/insektenschutz\/?page_id=1193"},"modified":"2023-11-14T10:20:38","modified_gmt":"2023-11-14T09:20:38","slug":"sicht-und-sonnenschutz-systeme","status":"publish","type":"page","link":"https:\/\/alumar.de\/insektenschutz\/sicht-und-sonnenschutz-systeme\/","title":{"rendered":"Sicht-und Sonnenschutz Systeme"},"content":{"rendered":"\n<div class=\"wp-block-citadela-blocks-custom-container citadela-block-custom-container size-fullwidth bg-type-image inside-space-none bg-size-cover has-overlay has-min-height vertical-align-top\" style=\"min-height:240px\"><div class=\"bg-image-wrapper\" style=\"background-image:url(https:\/\/alumar.de\/insektenschutz\/wp-content\/uploads\/2021\/11\/Insektenschutz_header_Unterseite.jpg);background-repeat:no-repeat;background-position:0% 57%\"><\/div><div class=\"bg-image-overlay\" style=\"opacity:0.03\"><\/div><div class=\"inner-holder\">\n<div class=\"wp-block-group\"><div class=\"wp-block-group__inner-container is-layout-flow wp-block-group-is-layout-flow\">\n<div style=\"height:80px\" aria-hidden=\"true\" class=\"wp-block-spacer\"><\/div>\n\n\n\n<h1 class=\"wp-block-heading has-text-align-center has-white-color has-text-color\">SICHT-UND SONNENSCHUTZ SYSTEME<\/h1>\n<\/div><\/div>\n\n\n\n<div class=\"wp-block-citadela-blocks-spacer citadela-block-spacer\"><div class=\"inner-holder\" style=\"padding-top:5vw\"><\/div><\/div>\n<\/div><\/div>\n\n\n\n<div style=\"height:20px\" aria-hidden=\"true\" class=\"wp-block-spacer\"><\/div>\n\n\n\n<div class=\"wp-block-columns alignfull is-layout-flex wp-container-core-columns-is-layout-9d6595d7 wp-block-columns-is-layout-flex\">\n<div class=\"wp-block-column is-layout-flow wp-block-column-is-layout-flow\" style=\"flex-basis:15%\">\n<p class=\"has-small-font-size\"><a href=\"https:\/\/alumar.de\/insektenschutz\/sicht-und-sonnenschutz-systeme\/\" data-type=\"URL\" data-id=\"https:\/\/alumar.de\/insektenschutz\/sicht-und-sonnenschutz-systeme\/\">Sicht-und Sonnenschutz Systeme<\/a><\/p>\n<\/div>\n\n\n\n<div class=\"wp-block-column is-layout-flow wp-block-column-is-layout-flow\" style=\"flex-basis:15%\">\n<p class=\"has-small-font-size\"><a href=\"https:\/\/alumar.de\/insektenschutz\/clip-on-zip-screen-sonnenschutz\/\">Clip-On Zip-Screen Sonnenschutz<\/a><\/p>\n<\/div>\n\n\n\n<div class=\"wp-block-column is-layout-flow wp-block-column-is-layout-flow\" style=\"flex-basis:15%\">\n<p class=\"has-small-font-size\"><a href=\"https:\/\/alumar.de\/insektenschutz\/insektenschutz-produkte_insektenschutz-plissee\/\">Insektenschutzplissee f\u00fcr T\u00fcren (40mm)<\/a><\/p>\n<\/div>\n\n\n\n<div class=\"wp-block-column is-layout-flow wp-block-column-is-layout-flow\" style=\"flex-basis:15%\">\n<p class=\"has-small-font-size\"><a href=\"https:\/\/alumar.de\/insektenschutz\/insektenschutzplissee-fuer-tueren-micro-13\/\">Insektenschutzplissee f\u00fcr T\u00fcren (Micro 13)<\/a><\/p>\n<\/div>\n\n\n\n<div class=\"wp-block-column is-layout-flow wp-block-column-is-layout-flow\" style=\"flex-basis:10%\">\n<p class=\"has-small-font-size\"><a href=\"https:\/\/alumar.de\/insektenschutz\/insektenschutz-rollo\/\">Insekten\u00adschutz\u00adrollo<\/a><\/p>\n<\/div>\n\n\n\n<div class=\"wp-block-column is-layout-flow wp-block-column-is-layout-flow\" style=\"flex-basis:10%\">\n<p class=\"has-small-font-size\"><a href=\"https:\/\/alumar.de\/insektenschutz\/insektenschutz-spannrahmen\/\">Spann\u00adrahmen<\/a><\/p>\n<\/div>\n\n\n\n<div class=\"wp-block-column is-layout-flow wp-block-column-is-layout-flow\" style=\"flex-basis:10%\">\n<p class=\"has-small-font-size\"><a href=\"https:\/\/alumar.de\/insektenschutz\/insektenschutz-drehrahmen-fuer-tueren\/\">Drehrahmen f\u00fcr T\u00fcren<\/a><\/p>\n<\/div>\n\n\n\n<div class=\"wp-block-column is-layout-flow wp-block-column-is-layout-flow\" style=\"flex-basis:10%\">\n<p class=\"has-small-font-size\"><a href=\"https:\/\/alumar.de\/insektenschutz\/drehrahmen-fuer-fenster\/\">Drehrahmen f\u00fcr Fenster<\/a><\/p>\n<\/div>\n\n\n\n<div class=\"wp-block-column is-layout-flow wp-block-column-is-layout-flow\" style=\"flex-basis:10%\">\n<p class=\"has-small-font-size\"><a href=\"https:\/\/alumar.de\/insektenschutz\/insektenschutz-pendelrahmen-fuer-tueren\/\">Pendelrahmen f\u00fcr T\u00fcren<\/a><\/p>\n<\/div>\n\n\n\n<div class=\"wp-block-column is-layout-flow wp-block-column-is-layout-flow\" style=\"flex-basis:10%\">\n<p class=\"has-small-font-size\"><a href=\"https:\/\/alumar.de\/insektenschutz\/insektenschutz-schieberahmen\/\">Schiebe\u00adrahmen<\/a><\/p>\n<\/div>\n\n\n\n<div class=\"wp-block-column is-layout-flow wp-block-column-is-layout-flow\" style=\"flex-basis:10%\">\n<p class=\"has-small-font-size\"><a href=\"https:\/\/alumar.de\/insektenschutz\/insektenschutz-lichtschachtabdeckungen\/\">Licht\u00adschacht\u00adabdeckungen<\/a><\/p>\n<\/div>\n\n\n\n<div class=\"wp-block-column is-layout-flow wp-block-column-is-layout-flow\" style=\"flex-basis:10%\">\n<p class=\"has-small-font-size\"><a href=\"https:\/\/alumar.de\/insektenschutz\/alumar-fussabstreifer\/\">Alumar Fu\u00dfabstreifer<\/a><\/p>\n<\/div>\n<\/div>\n\n\n\n<div class=\"wp-block-citadela-blocks-custom-container citadela-block-custom-container size-wide bg-type-none inside-space-none\"><div class=\"inner-holder\">\n<div class=\"wp-block-citadela-blocks-spacer citadela-block-spacer\"><div class=\"inner-holder\" style=\"padding-top:100px\"><\/div><\/div>\n\n\n\n<h2 class=\"wp-block-heading has-text-align-center has-text-color\" style=\"color:#82a2b5\"><strong>SICHT-UND SONNENSCHUTZ F\u00dcR T\u00dcREN UND FENSTER<\/strong><\/h2>\n\n\n\n<p class=\"has-text-align-center\">&#8211; SONNENSCHUTZSYSTEME IN M\u00d6NCHENGLADBACH &#8211;<\/p>\n\n\n\n<hr class=\"wp-block-separator has-text-color has-css-opacity has-background is-style-wide\" style=\"background-color:#82a2b5;color:#82a2b5\"\/>\n\n\n\n<p>Sie m\u00f6chten sich vor Sonneneinstrahlung und unerw\u00fcnschten Blicken sch\u00fctzen und dabei gleichzeitig Ihren Raum optisch aufwerten? Das geht ganz einfach mit innenliegendem Sonnenschutz! Neben der Auswahl aus mehr als 300 Plissee-Stoffen und \u2013Farben kann aus sechs geschmackvollen Schienenfarben ausgew\u00e4hlt werden. Kombinieren Sie Stoff und Schienen nach Wunsch. Dar\u00fcber hinaus sind einige Modelle in weiteren sechs exklusiven und modernen Farbstellungen erh\u00e4ltlich, z. B. auch Alu geb\u00fcrstet. Gestalten Sie Ihren Sonnenschutz individuell und exklusiv.   <\/p>\n\n\n\n<div class=\"wp-block-columns is-layout-flex wp-container-core-columns-is-layout-9d6595d7 wp-block-columns-is-layout-flex\">\n<div class=\"wp-block-column is-layout-flow wp-block-column-is-layout-flow\">\n\n<\/div>\n\n\n\n<div class=\"wp-block-column is-layout-flow wp-block-column-is-layout-flow\">\n<p><strong>Plissee: Sonnenschutz f\u00fcr Fenster<\/strong><\/p>\n\n\n\n<ul class=\"wp-block-list\">\n<li>Das Sonnenschutz-Plissee ist das vielf\u00e4ltigste und funktionellste Sonnenschutz-Produkt und ist mit seiner Modellvariation f\u00fcr fast alle Fensterformen geeignet. Zus\u00e4tzlich verf\u00fcgt es auch \u00fcber viele komfortable Bedienungsarten und bietet mit mehr als 300 Stoffen in allen Transparenzgruppen f\u00fcr jeden Geschmack und Nutzen eine L\u00f6sung.<\/li>\n<\/ul>\n\n\n\n<p><strong>Duette<\/strong><\/p>\n\n\n\n<ul class=\"wp-block-list\">\n<li>Sonnenschutz-Duette unterscheiden sich zu den Sonnenschutz-Plissees durch die wabenf\u00f6rmige Optik des Stoffes und hat dadurch Vorteile im Licht-, Sicht-, Schall- und Sonnenschutz und ist auch bez\u00fcglich der Energieersparnis nicht zu verachten. Auch hier bringen mehr als 150 Stoffe Vielfalt und Dekoration in die Wohnung.<\/li>\n<\/ul>\n\n\n\n<p><strong>Sonnenschutzrollos<\/strong><\/p>\n\n\n\n<ul class=\"wp-block-list\">\n<li>Zum Auf- und Abrollen: nur dann, wenn Sie es ben\u00f6tigen. Das Rollo besticht durch Geradlinigkeit, Klarheit und perfekte Funktion.<\/li>\n<\/ul>\n\n\n\n<p><strong>Lamellenvorh\u00e4nge<\/strong><\/p>\n\n\n\n<ul class=\"wp-block-list\">\n<li>Schlanke vertikale Stoffstreifen, dezent in einer Farbe oder in Farbwechseln aufregend kombiniert, gestalten effektiv Wohn- und Arbeitsr\u00e4ume.<\/li>\n<\/ul>\n\n\n\n<p><strong>Fl\u00e4chenvorh\u00e4nge<\/strong><\/p>\n\n\n\n<ul class=\"wp-block-list\">\n<li>Gerade in Wohnr\u00e4umen mit bodentiefen Fenstern finden diese modernen Vorh\u00e4nge immer gr\u00f6\u00dferen Anklang.<\/li>\n<\/ul>\n\n\n\n<p>Haben Sie Fragen rund um innenliegenden Sonnenschutz und Ihren M\u00f6glichkeiten? Nehmen Sie Kontakt auf und rufen uns unter <a href=\"tel:021614634700\">02161 46 34 70 0<\/a> an<\/p>\n<\/div>\n<\/div>\n\n\n\n<div class=\"wp-block-columns is-layout-flex wp-container-core-columns-is-layout-9d6595d7 wp-block-columns-is-layout-flex\">\n<div class=\"wp-block-column is-layout-flow wp-block-column-is-layout-flow\">\n<p><strong>Sonnenschutz Plissee<\/strong><\/p>\n\n\n\n<p>Angenehm leben &#8211; dazu geh\u00f6rt dekorativer und komfortabler Sicht- und Sonnenschutz. Gesch\u00fctzt sein vor ungewollten Blicken, vor st\u00f6renden <a href=\"https:\/\/alumar.de\/insektenschutz\/sicht-und-sonnenschutz-systeme\/\">Licht- und Sonnenstrahlen<\/a>. Aber bitte mit modernen, dekorativen Farben, im Zusammenspiel mit dezenten Strukturen und gew\u00fcnschten Transparenzen. Oder mit aufregenden Dessins und leichten, feinen Geweben mit unterschiedlichem Lichtdurchlass aus der Alumar-PLISSEE-Kollektion.<br>Mit dem Wunsch nach Dekoration verzichtet man nicht auf n\u00fctzliche Funktionen. Alumar-PLISSEE-Stoffe sind von\u201etransparent-lichtdurchl\u00e4ssig\u201c \u00fcber \u201eblickdicht\u201c bis hin zu \u201eabdunkelnd\u201c in allen Transparenzgruppen in gro\u00dfer Farb-auswahl erh\u00e4ltlich. Eine Vielzahl von waschbaren Stoffen und viele Stoffe mit pflegeleichten Oberfl\u00e4chen bieten sich besonders an.<\/p>\n<\/div>\n\n\n\n<div class=\"wp-block-column is-layout-flow wp-block-column-is-layout-flow\">\n<p><strong>Sicht-und Sonnenschutz<\/strong><\/p>\n\n\n\n<ul class=\"wp-block-list\">\n<li><a href=\"https:\/\/www.alumar.de\/insektenschutz\/downloads\/Sonnenschutz-Plissee_Broschuere_Alumar.pdf\" target=\"_blank\" rel=\"noreferrer noopener\">Plissees<\/a><\/li>\n\n\n\n<li><a href=\"https:\/\/www.alumar.de\/insektenschutz\/downloads\/Sonnenschutz-Duette%20Broschuere%20Alumar.pdf\" target=\"_blank\" rel=\"noreferrer noopener\">Duette<\/a><\/li>\n\n\n\n<li>Sonnenschutzrollos<\/li>\n\n\n\n<li>Lamellenvorh\u00e4nge<\/li>\n\n\n\n<li>Fl\u00e4chenvorh\u00e4nge<\/li>\n<\/ul>\n\n\n\n<p><br>F\u00fcr jeden Wohn- und Lebensbereich bieten sich perfekte L\u00f6sungen an. In Wohnzimmer, Schlafraum, K\u00fcche oder im B\u00fcro sind die Bed\u00fcrfnisse und Anforderungen unterschiedlich. Die vielen verschiedenen PLISSEE-Modelle, -Bedienungen und Stoffe erf\u00fcllen Ihre W\u00fcnsche. Genie\u00dfen Sie die frische Luft und bleiben dennoch vor zu gro\u00dfem Lichteinfall gesch\u00fctzt. Haben Sie Fragen rund um Sicht-und Sonnenschutz und Ihren individuellen M\u00f6glichkeiten?<\/p>\n<\/div>\n<\/div>\n\n\n\n<div class=\"wp-block-columns is-layout-flex wp-container-core-columns-is-layout-9d6595d7 wp-block-columns-is-layout-flex\">\n<div class=\"wp-block-column is-layout-flow wp-block-column-is-layout-flow\">\n<div class=\"wp-block-citadela-blocks-service citadela-block-service main-holder layout-box header-type-icon has-bg standard\" style=\"background-color:#82a2b5\"><div class=\"service-header\"><div class=\"service-icon\"><a href=\"https:\/\/alumar.de\/insektenschutz\/downloads\/Sonnenschutz-Plissee_Broschuere_Alumar.pdf\"><i class=\"far fa-file-pdf\" style=\"color:#ffffff\"><\/i><\/a><\/div><\/div><div class=\"service-content\"><div class=\"service-content-wrap\"><a href=\"https:\/\/alumar.de\/insektenschutz\/downloads\/Sonnenschutz-Plissee_Broschuere_Alumar.pdf\"><h3 class=\"service-title\" style=\"color:#ffffff\">Brosch\u00fcre<\/h3><\/a><p class=\"service-description\" style=\"color:#ffffff\">Sonnenschutzplissee<\/p><\/div><\/div><\/div>\n<\/div>\n\n\n\n<div class=\"wp-block-column is-layout-flow wp-block-column-is-layout-flow\">\n<div class=\"wp-block-citadela-blocks-service citadela-block-service main-holder layout-box header-type-icon has-bg standard\" style=\"background-color:#82a2b5\"><div class=\"service-header\"><div class=\"service-icon\"><a href=\"https:\/\/alumar.de\/insektenschutz\/downloads\/Sonnenschutz-Duette Broschuere Alumar.pdf\"><i class=\"far fa-file-pdf\" style=\"color:#ffffff\"><\/i><\/a><\/div><\/div><div class=\"service-content\"><div class=\"service-content-wrap\"><a href=\"https:\/\/alumar.de\/insektenschutz\/downloads\/Sonnenschutz-Duette Broschuere Alumar.pdf\"><h3 class=\"service-title\" style=\"color:#ffffff\">Brosch\u00fcre<\/h3><\/a><p class=\"service-description\" style=\"color:#ffffff\">Sonnenschutz Duette<\/p><\/div><\/div><\/div>\n<\/div>\n\n\n\n<div class=\"wp-block-column is-layout-flow wp-block-column-is-layout-flow\">\n<div class=\"wp-block-citadela-blocks-service citadela-block-service main-holder layout-box header-type-icon has-bg standard\" style=\"background-color:#82a2b5\"><div class=\"service-header\"><div class=\"service-icon\"><a href=\"https:\/\/alumar.de\/insektenschutz\/kontakt\/\"><i class=\"fas fa-phone\" style=\"color:#ffffff\"><\/i><\/a><\/div><\/div><div class=\"service-content\"><div class=\"service-content-wrap\"><a href=\"https:\/\/alumar.de\/insektenschutz\/kontakt\/\"><h3 class=\"service-title\" style=\"color:#ffffff\">Kontakt<\/h3><\/a><p class=\"service-description\" style=\"color:#ffffff\">F\u00fcr weitere Informationen<\/p><\/div><\/div><\/div>\n<\/div>\n<\/div>\n\n\n\n<div class=\"wp-block-citadela-blocks-spacer citadela-block-spacer\"><div class=\"inner-holder\" style=\"padding-top:3vw\"><\/div><\/div>\n\n\n\n<div class=\"wp-block-cover alignfull is-light\" style=\"min-height:200px;aspect-ratio:unset;\"><span aria-hidden=\"true\" class=\"wp-block-cover__background has-background-dim-0 has-background-dim\"><\/span><img loading=\"lazy\" decoding=\"async\" width=\"2560\" height=\"170\" class=\"wp-block-cover__image-background wp-image-1123\" alt=\"\" src=\"https:\/\/alumar.de\/insektenschutz\/wp-content\/uploads\/2021\/11\/CTA_BG_Insektenschutzgitter.png\" data-object-fit=\"cover\" srcset=\"https:\/\/alumar.de\/insektenschutz\/wp-content\/uploads\/2021\/11\/CTA_BG_Insektenschutzgitter.png 2560w, https:\/\/alumar.de\/insektenschutz\/wp-content\/uploads\/2021\/11\/CTA_BG_Insektenschutzgitter-300x20.png 300w, https:\/\/alumar.de\/insektenschutz\/wp-content\/uploads\/2021\/11\/CTA_BG_Insektenschutzgitter-1024x68.png 1024w, https:\/\/alumar.de\/insektenschutz\/wp-content\/uploads\/2021\/11\/CTA_BG_Insektenschutzgitter-768x51.png 768w, https:\/\/alumar.de\/insektenschutz\/wp-content\/uploads\/2021\/11\/CTA_BG_Insektenschutzgitter-1536x102.png 1536w, https:\/\/alumar.de\/insektenschutz\/wp-content\/uploads\/2021\/11\/CTA_BG_Insektenschutzgitter-2048x136.png 2048w\" sizes=\"auto, (max-width: 2560px) 100vw, 2560px\" \/><div class=\"wp-block-cover__inner-container is-layout-flow wp-block-cover-is-layout-flow\">\n<div class=\"wp-block-columns is-layout-flex wp-container-core-columns-is-layout-9d6595d7 wp-block-columns-is-layout-flex\">\n<div class=\"wp-block-column is-layout-flow wp-block-column-is-layout-flow\">\n<h2 class=\"wp-block-heading has-large-font-size\">SIE W\u00dcNSCHEN EINE INDIVIDUELLE BERATUNG<\/h2>\n\n\n\n<h6 class=\"wp-block-heading has-normal-font-size\"> Kontaktieren Sie uns ganz einfach, wir helfen Ihnen gerne. <\/h6>\n\n\n\n<p><\/p>\n<\/div>\n\n\n\n<div class=\"wp-block-column is-layout-flow wp-block-column-is-layout-flow\"><\/div>\n\n\n\n<div class=\"wp-block-column is-layout-flow wp-block-column-is-layout-flow\">\n<center><i class=\"fa fa-phone IconPhone\"><\/i><\/center>\n\n\n\n<h2 class=\"wp-block-heading has-text-align-center has-large-font-size\">02161 46 34 70 0<\/h2>\n\n\n\n<hr class=\"wp-block-separator has-text-color has-css-opacity has-background aligncenter is-style-wide\" style=\"background-color:#1b5eaa;color:#1b5eaa\"\/>\n\n\n\n<p class=\"has-text-align-center has-white-color has-text-color\"><a href=\"mailto:mail@alumar.de\"><strong>E-Mail: mail@alumar.de<\/strong><\/a><\/p>\n<\/div>\n<\/div>\n<\/div><\/div>\n<\/div><\/div>\n\n\n","protected":false},"excerpt":{"rendered":"","protected":false},"author":1,"featured_media":0,"parent":0,"menu_order":0,"comment_status":"closed","ping_status":"closed","template":"","meta":{"_citadela_hide_page_title":"1","_citadela_remove_header_space":"1","_citadela_custom_class":"","footnotes":""},"class_list":["post-1193","page","type-page","status-publish","hentry"],"yoast_head":"<!-- This site is optimized with the Yoast SEO plugin v26.2 - https:\/\/yoast.com\/wordpress\/plugins\/seo\/ -->\n<title>Sicht-und Sonnenschutz Systeme | Alumar in M\u00f6nchengladbach<\/title>\n<meta name=\"description\" content=\"Sie m\u00f6chten sich vor Sonneneinstrahlung und unerw\u00fcnschten Blicken sch\u00fctzen und dabei gleichzeitig Ihren Raum aufwerten? Jetzt entdecken!\" \/>\n<meta name=\"robots\" content=\"index, follow, max-snippet:-1, max-image-preview:large, max-video-preview:-1\" \/>\n<link rel=\"canonical\" href=\"https:\/\/alumar.de\/insektenschutz\/sicht-und-sonnenschutz-systeme\/\" \/>\n<meta property=\"og:locale\" content=\"de_DE\" \/>\n<meta property=\"og:type\" content=\"article\" \/>\n<meta property=\"og:title\" content=\"Sicht-und Sonnenschutz Systeme | Alumar in M\u00f6nchengladbach\" \/>\n<meta property=\"og:description\" content=\"Sie m\u00f6chten sich vor Sonneneinstrahlung und unerw\u00fcnschten Blicken sch\u00fctzen und dabei gleichzeitig Ihren Raum aufwerten? Jetzt entdecken!\" \/>\n<meta property=\"og:url\" content=\"https:\/\/alumar.de\/insektenschutz\/sicht-und-sonnenschutz-systeme\/\" \/>\n<meta property=\"article:publisher\" content=\"https:\/\/www.facebook.com\/alumarinsektengitter\/\" \/>\n<meta property=\"article:modified_time\" content=\"2023-11-14T09:20:38+00:00\" \/>\n<meta property=\"og:image\" content=\"https:\/\/alumar.de\/insektenschutz\/wp-content\/uploads\/2021\/11\/CTA_BG_Insektenschutzgitter.png\" \/>\n<meta name=\"twitter:card\" content=\"summary_large_image\" \/>\n<meta name=\"twitter:label1\" content=\"Gesch\u00e4tzte Lesezeit\" \/>\n\t<meta name=\"twitter:data1\" content=\"3\u00a0Minuten\" \/>\n<script type=\"application\/ld+json\" class=\"yoast-schema-graph\">{\"@context\":\"https:\/\/schema.org\",\"@graph\":[{\"@type\":\"WebPage\",\"@id\":\"https:\/\/alumar.de\/insektenschutz\/sicht-und-sonnenschutz-systeme\/\",\"url\":\"https:\/\/alumar.de\/insektenschutz\/sicht-und-sonnenschutz-systeme\/\",\"name\":\"Sicht-und Sonnenschutz Systeme | Alumar in M\u00f6nchengladbach\",\"isPartOf\":{\"@id\":\"https:\/\/alumar.de\/insektenschutz\/#website\"},\"primaryImageOfPage\":{\"@id\":\"https:\/\/alumar.de\/insektenschutz\/sicht-und-sonnenschutz-systeme\/#primaryimage\"},\"image\":{\"@id\":\"https:\/\/alumar.de\/insektenschutz\/sicht-und-sonnenschutz-systeme\/#primaryimage\"},\"thumbnailUrl\":\"https:\/\/alumar.de\/insektenschutz\/wp-content\/uploads\/2021\/11\/CTA_BG_Insektenschutzgitter.png\",\"datePublished\":\"2021-11-03T14:21:46+00:00\",\"dateModified\":\"2023-11-14T09:20:38+00:00\",\"description\":\"Sie m\u00f6chten sich vor Sonneneinstrahlung und unerw\u00fcnschten Blicken sch\u00fctzen und dabei gleichzeitig Ihren Raum aufwerten? Jetzt entdecken!\",\"breadcrumb\":{\"@id\":\"https:\/\/alumar.de\/insektenschutz\/sicht-und-sonnenschutz-systeme\/#breadcrumb\"},\"inLanguage\":\"de\",\"potentialAction\":[{\"@type\":\"ReadAction\",\"target\":[\"https:\/\/alumar.de\/insektenschutz\/sicht-und-sonnenschutz-systeme\/\"]}]},{\"@type\":\"ImageObject\",\"inLanguage\":\"de\",\"@id\":\"https:\/\/alumar.de\/insektenschutz\/sicht-und-sonnenschutz-systeme\/#primaryimage\",\"url\":\"https:\/\/alumar.de\/insektenschutz\/wp-content\/uploads\/2021\/11\/CTA_BG_Insektenschutzgitter.png\",\"contentUrl\":\"https:\/\/alumar.de\/insektenschutz\/wp-content\/uploads\/2021\/11\/CTA_BG_Insektenschutzgitter.png\",\"width\":2560,\"height\":170},{\"@type\":\"BreadcrumbList\",\"@id\":\"https:\/\/alumar.de\/insektenschutz\/sicht-und-sonnenschutz-systeme\/#breadcrumb\",\"itemListElement\":[{\"@type\":\"ListItem\",\"position\":1,\"name\":\"Startseite\",\"item\":\"https:\/\/alumar.de\/insektenschutz\/\"},{\"@type\":\"ListItem\",\"position\":2,\"name\":\"Sicht-und Sonnenschutz Systeme\"}]},{\"@type\":\"WebSite\",\"@id\":\"https:\/\/alumar.de\/insektenschutz\/#website\",\"url\":\"https:\/\/alumar.de\/insektenschutz\/\",\"name\":\"\",\"description\":\"\",\"publisher\":{\"@id\":\"https:\/\/alumar.de\/insektenschutz\/#organization\"},\"potentialAction\":[{\"@type\":\"SearchAction\",\"target\":{\"@type\":\"EntryPoint\",\"urlTemplate\":\"https:\/\/alumar.de\/insektenschutz\/?s={search_term_string}\"},\"query-input\":{\"@type\":\"PropertyValueSpecification\",\"valueRequired\":true,\"valueName\":\"search_term_string\"}}],\"inLanguage\":\"de\"},{\"@type\":\"Organization\",\"@id\":\"https:\/\/alumar.de\/insektenschutz\/#organization\",\"name\":\"Alumar EK\",\"url\":\"https:\/\/alumar.de\/insektenschutz\/\",\"logo\":{\"@type\":\"ImageObject\",\"inLanguage\":\"de\",\"@id\":\"https:\/\/alumar.de\/insektenschutz\/#\/schema\/logo\/image\/\",\"url\":\"https:\/\/alumar.de\/insektenschutz\/wp-content\/uploads\/2021\/11\/Footer_logo.png\",\"contentUrl\":\"https:\/\/alumar.de\/insektenschutz\/wp-content\/uploads\/2021\/11\/Footer_logo.png\",\"width\":574,\"height\":384,\"caption\":\"Alumar EK\"},\"image\":{\"@id\":\"https:\/\/alumar.de\/insektenschutz\/#\/schema\/logo\/image\/\"},\"sameAs\":[\"https:\/\/www.facebook.com\/alumarinsektengitter\/\",\"https:\/\/www.instagram.com\/alumar_insektengitter\/\"]}]}<\/script>\n<!-- \/ Yoast SEO plugin. -->","yoast_head_json":{"title":"Sicht-und Sonnenschutz Systeme | Alumar in M\u00f6nchengladbach","description":"Sie m\u00f6chten sich vor Sonneneinstrahlung und unerw\u00fcnschten Blicken sch\u00fctzen und dabei gleichzeitig Ihren Raum aufwerten? Jetzt entdecken!","robots":{"index":"index","follow":"follow","max-snippet":"max-snippet:-1","max-image-preview":"max-image-preview:large","max-video-preview":"max-video-preview:-1"},"canonical":"https:\/\/alumar.de\/insektenschutz\/sicht-und-sonnenschutz-systeme\/","og_locale":"de_DE","og_type":"article","og_title":"Sicht-und Sonnenschutz Systeme | Alumar in M\u00f6nchengladbach","og_description":"Sie m\u00f6chten sich vor Sonneneinstrahlung und unerw\u00fcnschten Blicken sch\u00fctzen und dabei gleichzeitig Ihren Raum aufwerten? Jetzt entdecken!","og_url":"https:\/\/alumar.de\/insektenschutz\/sicht-und-sonnenschutz-systeme\/","article_publisher":"https:\/\/www.facebook.com\/alumarinsektengitter\/","article_modified_time":"2023-11-14T09:20:38+00:00","og_image":[{"url":"https:\/\/alumar.de\/insektenschutz\/wp-content\/uploads\/2021\/11\/CTA_BG_Insektenschutzgitter.png","type":"","width":"","height":""}],"twitter_card":"summary_large_image","twitter_misc":{"Gesch\u00e4tzte Lesezeit":"3\u00a0Minuten"},"schema":{"@context":"https:\/\/schema.org","@graph":[{"@type":"WebPage","@id":"https:\/\/alumar.de\/insektenschutz\/sicht-und-sonnenschutz-systeme\/","url":"https:\/\/alumar.de\/insektenschutz\/sicht-und-sonnenschutz-systeme\/","name":"Sicht-und Sonnenschutz Systeme | Alumar in M\u00f6nchengladbach","isPartOf":{"@id":"https:\/\/alumar.de\/insektenschutz\/#website"},"primaryImageOfPage":{"@id":"https:\/\/alumar.de\/insektenschutz\/sicht-und-sonnenschutz-systeme\/#primaryimage"},"image":{"@id":"https:\/\/alumar.de\/insektenschutz\/sicht-und-sonnenschutz-systeme\/#primaryimage"},"thumbnailUrl":"https:\/\/alumar.de\/insektenschutz\/wp-content\/uploads\/2021\/11\/CTA_BG_Insektenschutzgitter.png","datePublished":"2021-11-03T14:21:46+00:00","dateModified":"2023-11-14T09:20:38+00:00","description":"Sie m\u00f6chten sich vor Sonneneinstrahlung und unerw\u00fcnschten Blicken sch\u00fctzen und dabei gleichzeitig Ihren Raum aufwerten? Jetzt entdecken!","breadcrumb":{"@id":"https:\/\/alumar.de\/insektenschutz\/sicht-und-sonnenschutz-systeme\/#breadcrumb"},"inLanguage":"de","potentialAction":[{"@type":"ReadAction","target":["https:\/\/alumar.de\/insektenschutz\/sicht-und-sonnenschutz-systeme\/"]}]},{"@type":"ImageObject","inLanguage":"de","@id":"https:\/\/alumar.de\/insektenschutz\/sicht-und-sonnenschutz-systeme\/#primaryimage","url":"https:\/\/alumar.de\/insektenschutz\/wp-content\/uploads\/2021\/11\/CTA_BG_Insektenschutzgitter.png","contentUrl":"https:\/\/alumar.de\/insektenschutz\/wp-content\/uploads\/2021\/11\/CTA_BG_Insektenschutzgitter.png","width":2560,"height":170},{"@type":"BreadcrumbList","@id":"https:\/\/alumar.de\/insektenschutz\/sicht-und-sonnenschutz-systeme\/#breadcrumb","itemListElement":[{"@type":"ListItem","position":1,"name":"Startseite","item":"https:\/\/alumar.de\/insektenschutz\/"},{"@type":"ListItem","position":2,"name":"Sicht-und Sonnenschutz Systeme"}]},{"@type":"WebSite","@id":"https:\/\/alumar.de\/insektenschutz\/#website","url":"https:\/\/alumar.de\/insektenschutz\/","name":"","description":"","publisher":{"@id":"https:\/\/alumar.de\/insektenschutz\/#organization"},"potentialAction":[{"@type":"SearchAction","target":{"@type":"EntryPoint","urlTemplate":"https:\/\/alumar.de\/insektenschutz\/?s={search_term_string}"},"query-input":{"@type":"PropertyValueSpecification","valueRequired":true,"valueName":"search_term_string"}}],"inLanguage":"de"},{"@type":"Organization","@id":"https:\/\/alumar.de\/insektenschutz\/#organization","name":"Alumar EK","url":"https:\/\/alumar.de\/insektenschutz\/","logo":{"@type":"ImageObject","inLanguage":"de","@id":"https:\/\/alumar.de\/insektenschutz\/#\/schema\/logo\/image\/","url":"https:\/\/alumar.de\/insektenschutz\/wp-content\/uploads\/2021\/11\/Footer_logo.png","contentUrl":"https:\/\/alumar.de\/insektenschutz\/wp-content\/uploads\/2021\/11\/Footer_logo.png","width":574,"height":384,"caption":"Alumar EK"},"image":{"@id":"https:\/\/alumar.de\/insektenschutz\/#\/schema\/logo\/image\/"},"sameAs":["https:\/\/www.facebook.com\/alumarinsektengitter\/","https:\/\/www.instagram.com\/alumar_insektengitter\/"]}]}},"_links":{"self":[{"href":"https:\/\/alumar.de\/insektenschutz\/wp-json\/wp\/v2\/pages\/1193","targetHints":{"allow":["GET"]}}],"collection":[{"href":"https:\/\/alumar.de\/insektenschutz\/wp-json\/wp\/v2\/pages"}],"about":[{"href":"https:\/\/alumar.de\/insektenschutz\/wp-json\/wp\/v2\/types\/page"}],"author":[{"embeddable":true,"href":"https:\/\/alumar.de\/insektenschutz\/wp-json\/wp\/v2\/users\/1"}],"replies":[{"embeddable":true,"href":"https:\/\/alumar.de\/insektenschutz\/wp-json\/wp\/v2\/comments?post=1193"}],"version-history":[{"count":10,"href":"https:\/\/alumar.de\/insektenschutz\/wp-json\/wp\/v2\/pages\/1193\/revisions"}],"predecessor-version":[{"id":2297,"href":"https:\/\/alumar.de\/insektenschutz\/wp-json\/wp\/v2\/pages\/1193\/revisions\/2297"}],"wp:attachment":[{"href":"https:\/\/alumar.de\/insektenschutz\/wp-json\/wp\/v2\/media?parent=1193"}],"curies":[{"name":"wp","href":"https:\/\/api.w.org\/{rel}","templated":true}]}}