{"id":1248,"date":"2021-11-04T12:26:27","date_gmt":"2021-11-04T11:26:27","guid":{"rendered":"https:\/\/alumar.de\/insektenschutz\/?page_id=1248"},"modified":"2024-07-29T11:38:29","modified_gmt":"2024-07-29T09:38:29","slug":"insektenschutz-drehrahmen-fuer-tueren","status":"publish","type":"page","link":"https:\/\/alumar.de\/insektenschutz\/insektenschutz-drehrahmen-fuer-tueren\/","title":{"rendered":"Insektenschutz Drehrahmen f\u00fcr T\u00fcren"},"content":{"rendered":"\n<div class=\"wp-block-citadela-blocks-custom-container citadela-block-custom-container size-fullwidth bg-type-image inside-space-none bg-size-cover has-overlay has-min-height vertical-align-top\" style=\"min-height:240px\"><div class=\"bg-image-wrapper\" style=\"background-image:url(https:\/\/alumar.de\/insektenschutz\/wp-content\/uploads\/2021\/11\/Insektenschutz_header_Unterseite.jpg);background-repeat:no-repeat;background-position:0% 57%\"><\/div><div class=\"bg-image-overlay\" style=\"opacity:0.03\"><\/div><div class=\"inner-holder\">\n<div class=\"wp-block-group\"><div class=\"wp-block-group__inner-container is-layout-flow wp-block-group-is-layout-flow\">\n<div style=\"height:80px\" aria-hidden=\"true\" class=\"wp-block-spacer\"><\/div>\n\n\n\n<h1 class=\"wp-block-heading has-text-align-center has-white-color has-text-color\">INSEKTENSCHUTZ DREHRAHMEN F\u00dcR T\u00dcREN<\/h1>\n<\/div><\/div>\n\n\n\n<div class=\"wp-block-citadela-blocks-spacer citadela-block-spacer\"><div class=\"inner-holder\" style=\"padding-top:5vw\"><\/div><\/div>\n<\/div><\/div>\n\n\n\n<div style=\"height:20px\" aria-hidden=\"true\" class=\"wp-block-spacer\"><\/div>\n\n\n\n<div class=\"wp-block-columns alignfull is-layout-flex wp-container-core-columns-is-layout-9d6595d7 wp-block-columns-is-layout-flex\">\n<div class=\"wp-block-column is-layout-flow wp-block-column-is-layout-flow\" style=\"flex-basis:15%\">\n<p class=\"has-small-font-size\"><a href=\"https:\/\/alumar.de\/insektenschutz\/sicht-und-sonnenschutz-systeme\/\" data-type=\"URL\" data-id=\"https:\/\/alumar.de\/insektenschutz\/sicht-und-sonnenschutz-systeme\/\">Sicht-und Sonnenschutz Systeme<\/a><\/p>\n<\/div>\n\n\n\n<div class=\"wp-block-column is-layout-flow wp-block-column-is-layout-flow\" style=\"flex-basis:15%\">\n<p class=\"has-small-font-size\"><a href=\"https:\/\/alumar.de\/insektenschutz\/clip-on-zip-screen-sonnenschutz\/\">Clip-On Zip-Screen Sonnenschutz<\/a><\/p>\n<\/div>\n\n\n\n<div class=\"wp-block-column is-layout-flow wp-block-column-is-layout-flow\" style=\"flex-basis:15%\">\n<p class=\"has-small-font-size\"><a href=\"https:\/\/alumar.de\/insektenschutz\/insektenschutz-produkte_insektenschutz-plissee\/\">Insektenschutzplissee f\u00fcr T\u00fcren (40mm)<\/a><\/p>\n<\/div>\n\n\n\n<div class=\"wp-block-column is-layout-flow wp-block-column-is-layout-flow\" style=\"flex-basis:15%\">\n<p class=\"has-small-font-size\"><a href=\"https:\/\/alumar.de\/insektenschutz\/insektenschutzplissee-fuer-tueren-micro-13\/\">Insektenschutzplissee f\u00fcr T\u00fcren (Micro 13)<\/a><\/p>\n<\/div>\n\n\n\n<div class=\"wp-block-column is-layout-flow wp-block-column-is-layout-flow\" style=\"flex-basis:10%\">\n<p class=\"has-small-font-size\"><a href=\"https:\/\/alumar.de\/insektenschutz\/insektenschutz-rollo\/\">Insekten\u00adschutz\u00adrollo<\/a><\/p>\n<\/div>\n\n\n\n<div class=\"wp-block-column is-layout-flow wp-block-column-is-layout-flow\" style=\"flex-basis:10%\">\n<p class=\"has-small-font-size\"><a href=\"https:\/\/alumar.de\/insektenschutz\/insektenschutz-spannrahmen\/\">Spann\u00adrahmen<\/a><\/p>\n<\/div>\n\n\n\n<div class=\"wp-block-column is-layout-flow wp-block-column-is-layout-flow\" style=\"flex-basis:10%\">\n<p class=\"has-small-font-size\"><a href=\"https:\/\/alumar.de\/insektenschutz\/insektenschutz-drehrahmen-fuer-tueren\/\">Drehrahmen f\u00fcr T\u00fcren<\/a><\/p>\n<\/div>\n\n\n\n<div class=\"wp-block-column is-layout-flow wp-block-column-is-layout-flow\" style=\"flex-basis:10%\">\n<p class=\"has-small-font-size\"><a href=\"https:\/\/alumar.de\/insektenschutz\/drehrahmen-fuer-fenster\/\">Drehrahmen f\u00fcr Fenster<\/a><\/p>\n<\/div>\n\n\n\n<div class=\"wp-block-column is-layout-flow wp-block-column-is-layout-flow\" style=\"flex-basis:10%\">\n<p class=\"has-small-font-size\"><a href=\"https:\/\/alumar.de\/insektenschutz\/insektenschutz-pendelrahmen-fuer-tueren\/\">Pendelrahmen f\u00fcr T\u00fcren<\/a><\/p>\n<\/div>\n\n\n\n<div class=\"wp-block-column is-layout-flow wp-block-column-is-layout-flow\" style=\"flex-basis:10%\">\n<p class=\"has-small-font-size\"><a href=\"https:\/\/alumar.de\/insektenschutz\/insektenschutz-schieberahmen\/\">Schiebe\u00adrahmen<\/a><\/p>\n<\/div>\n\n\n\n<div class=\"wp-block-column is-layout-flow wp-block-column-is-layout-flow\" style=\"flex-basis:10%\">\n<p class=\"has-small-font-size\"><a href=\"https:\/\/alumar.de\/insektenschutz\/insektenschutz-lichtschachtabdeckungen\/\">Licht\u00adschacht\u00adabdeckungen<\/a><\/p>\n<\/div>\n\n\n\n<div class=\"wp-block-column is-layout-flow wp-block-column-is-layout-flow\" style=\"flex-basis:10%\">\n<p class=\"has-small-font-size\"><a href=\"https:\/\/alumar.de\/insektenschutz\/alumar-fussabstreifer\/\">Alumar Fu\u00dfabstreifer<\/a><\/p>\n<\/div>\n<\/div>\n\n\n\n<div class=\"wp-block-citadela-blocks-spacer citadela-block-spacer\"><div class=\"inner-holder\" style=\"padding-top:4vw\"><\/div><\/div>\n\n\n\n<div class=\"wp-block-citadela-blocks-custom-container citadela-block-custom-container size-wide bg-type-none inside-space-none\"><div class=\"inner-holder\">\n<h2 class=\"wp-block-heading has-text-align-center has-text-color\" style=\"color:#82a2b5\"><strong>INSEKTENSCHUTZ DREHRAHMEN F\u00dcR T\u00dcREN<\/strong><\/h2>\n\n\n\n<p class=\"has-text-align-center\">&#8211; ZUM DREHEN &#8211; GARANTIERT DEN DREH RAUS &#8211;<\/p>\n\n\n\n<hr class=\"wp-block-separator has-text-color has-css-opacity has-background is-style-wide\" style=\"background-color:#82a2b5;color:#82a2b5\"\/>\n\n\n\n<p>Sch\u00fctzen Sie Ihr Haus vor l\u00e4stigen Insekten. Das Insektenschutzsystem im Drehrahmen f\u00fcr T\u00fcren bietet Ihnen den maximalen Komfort um Balkon- oder Terrassent\u00fcren durchgangsfreundlich zu halten und Insektensicher zu machen. Das komfortable Insektenschutzsystem f\u00fcr Ein-, oder Doppelfl\u00fcgelige T\u00fcren bietet h\u00f6chsten Schutz gegen l\u00e4stige Insekten und sieht auch noch gut dazu ausDer Insektenschutz im Drehrahmen kann mit Hunde- oder Katzenklappe ausgestattet werden. Dieses Insektenschutzsystem f\u00fcr T\u00fcren ist mit und ohne Einbaurahmen lieferbar. Der Drehrahmen kann nach Innen oder Au\u00dfen ge\u00f6ffnet werden. . Die verschiedensten Varianten des Insektenschutz Drehrahmens erlauben es uns, Ihren Anspr\u00fcchen gerecht zu werden.<\/p>\n\n\n\n<div class=\"wp-block-columns is-layout-flex wp-container-core-columns-is-layout-9d6595d7 wp-block-columns-is-layout-flex\">\n<div class=\"wp-block-column is-layout-flow wp-block-column-is-layout-flow\">\n\n<\/div>\n\n\n\n<div class=\"wp-block-column is-layout-flow wp-block-column-is-layout-flow\">\n<p><strong>Die Vorteile der Drehrahmen f\u00fcr T\u00fcren \u2013 Garantiert den Dreh heraus haben:<\/strong><\/p>\n\n\n\n<ul class=\"wp-block-list\">\n<li>Dreht\u00fcre mit, oder ohne Einbaurahmen<\/li>\n\n\n\n<li>Ein-, oder Doppelfl\u00fcgelig<\/li>\n\n\n\n<li>nach Innen- oder Au\u00dfen\u00f6ffnend<\/li>\n\n\n\n<li>Mit Hunde- und Katzenklappe<\/li>\n\n\n\n<li>Griffsprosse<\/li>\n\n\n\n<li>uvm<\/li>\n<\/ul>\n\n\n\n<p>Durch die hochwertigen verwendeten Materialien, k\u00f6nnen Sie sich sicher sein, dass Sie lange Freude an unseren Insektenschutz Produkten haben werden. Sei es durch die ergonomischen Griffe, die zus\u00e4tzlich verklebten Eckwinkel, oder durch den komfortablen Selbstschlie\u00dfmechanismus, mit Insektengittern von Alumar sind Sie immer auf der richtigen Seite. Mit diesem Insektenschutzgitter im Drehrahmen halten Sie Insekten wie M\u00fccken, Wespen und Fliegen auch aus der K\u00fcche fern. Haben Sie Fragen rund um Ihren Insektenschutz? Nehmen Sie Kontakt auf und rufen uns unter <a href=\"tel:021614634700\">02161 46 34 70 0<\/a> an.<\/p>\n\n\n\n<p><\/p>\n\n\n\n<p><\/p>\n<\/div>\n<\/div>\n\n\n\n<div class=\"wp-block-columns is-layout-flex wp-container-core-columns-is-layout-9d6595d7 wp-block-columns-is-layout-flex\">\n<div class=\"wp-block-column is-layout-flow wp-block-column-is-layout-flow\">\n<div class=\"wp-block-citadela-blocks-service citadela-block-service main-holder layout-box header-type-icon has-bg standard\" style=\"background-color:#82a2b5\"><div class=\"service-header\"><div class=\"service-icon\"><a href=\"https:\/\/alumar.de\/insektenschutz\/downloads\/Drehrahmen%20f%C3%BCr%20T%C3%BCren.pdf\"><i class=\"far fa-file-pdf\" style=\"color:#ffffff\"><\/i><\/a><\/div><\/div><div class=\"service-content\"><div class=\"service-content-wrap\"><a href=\"https:\/\/alumar.de\/insektenschutz\/downloads\/Drehrahmen%20f%C3%BCr%20T%C3%BCren.pdf\"><h3 class=\"service-title\" style=\"color:#ffffff\">Aufma\u00dfblatt<\/h3><\/a><p class=\"service-description\" style=\"color:#ffffff\">Drehrahmen f\u00fcr T\u00fcren<\/p><\/div><\/div><\/div>\n<\/div>\n\n\n\n<div class=\"wp-block-column is-layout-flow wp-block-column-is-layout-flow\">\n<div class=\"wp-block-citadela-blocks-service citadela-block-service main-holder layout-box header-type-icon has-bg standard\" style=\"background-color:#82a2b5\"><div class=\"service-header\"><div class=\"service-icon\"><a href=\"https:\/\/alumar.de\/insektenschutz\/insektenschutzgewebe\"><i class=\"fas fa-th\" style=\"color:#ffffff\"><\/i><\/a><\/div><\/div><div class=\"service-content\"><div class=\"service-content-wrap\"><a href=\"https:\/\/alumar.de\/insektenschutz\/insektenschutzgewebe\"><h3 class=\"service-title\" style=\"color:#ffffff\">Gewebearten<\/h3><\/a><p class=\"service-description\" style=\"color:#ffffff\">Auswahl<\/p><\/div><\/div><\/div>\n<\/div>\n\n\n\n<div class=\"wp-block-column is-layout-flow wp-block-column-is-layout-flow\">\n<div class=\"wp-block-citadela-blocks-service citadela-block-service main-holder layout-box header-type-icon has-bg standard\" style=\"background-color:#82a2b5\"><div class=\"service-header\"><div class=\"service-icon\"><a href=\"https:\/\/alumar.de\/insektenschutz\/kontakt\/\"><i class=\"fas fa-phone\" style=\"color:#ffffff\"><\/i><\/a><\/div><\/div><div class=\"service-content\"><div class=\"service-content-wrap\"><a href=\"https:\/\/alumar.de\/insektenschutz\/kontakt\/\"><h3 class=\"service-title\" style=\"color:#ffffff\">Kontakt<\/h3><\/a><p class=\"service-description\" style=\"color:#ffffff\">F\u00fcr mehr Informationen<\/p><\/div><\/div><\/div>\n<\/div>\n<\/div>\n\n\n\n<div style=\"height:80px\" aria-hidden=\"true\" class=\"wp-block-spacer\"><\/div>\n\n\n\n<div class=\"wp-block-cover alignfull is-light\" style=\"min-height:200px;aspect-ratio:unset;\"><span aria-hidden=\"true\" class=\"wp-block-cover__background has-background-dim-0 has-background-dim\"><\/span><img loading=\"lazy\" decoding=\"async\" width=\"2560\" height=\"170\" class=\"wp-block-cover__image-background wp-image-1123\" alt=\"\" src=\"https:\/\/alumar.de\/insektenschutz\/wp-content\/uploads\/2021\/11\/CTA_BG_Insektenschutzgitter.png\" data-object-fit=\"cover\" srcset=\"https:\/\/alumar.de\/insektenschutz\/wp-content\/uploads\/2021\/11\/CTA_BG_Insektenschutzgitter.png 2560w, https:\/\/alumar.de\/insektenschutz\/wp-content\/uploads\/2021\/11\/CTA_BG_Insektenschutzgitter-300x20.png 300w, https:\/\/alumar.de\/insektenschutz\/wp-content\/uploads\/2021\/11\/CTA_BG_Insektenschutzgitter-1024x68.png 1024w, https:\/\/alumar.de\/insektenschutz\/wp-content\/uploads\/2021\/11\/CTA_BG_Insektenschutzgitter-768x51.png 768w, https:\/\/alumar.de\/insektenschutz\/wp-content\/uploads\/2021\/11\/CTA_BG_Insektenschutzgitter-1536x102.png 1536w, https:\/\/alumar.de\/insektenschutz\/wp-content\/uploads\/2021\/11\/CTA_BG_Insektenschutzgitter-2048x136.png 2048w\" sizes=\"auto, (max-width: 2560px) 100vw, 2560px\" \/><div class=\"wp-block-cover__inner-container is-layout-flow wp-block-cover-is-layout-flow\">\n<div class=\"wp-block-columns is-layout-flex wp-container-core-columns-is-layout-9d6595d7 wp-block-columns-is-layout-flex\">\n<div class=\"wp-block-column is-layout-flow wp-block-column-is-layout-flow\">\n<h2 class=\"wp-block-heading has-large-font-size\">SIE W\u00dcNSCHEN EINE INDIVIDUELLE BERATUNG<\/h2>\n\n\n\n<h6 class=\"wp-block-heading has-normal-font-size\"> Kontaktieren Sie uns ganz einfach, wir helfen Ihnen gerne. <\/h6>\n\n\n\n<p><\/p>\n<\/div>\n\n\n\n<div class=\"wp-block-column is-layout-flow wp-block-column-is-layout-flow\"><\/div>\n\n\n\n<div class=\"wp-block-column is-layout-flow wp-block-column-is-layout-flow\">\n<center><i class=\"fa fa-phone IconPhone\"><\/i><\/center>\n\n\n\n<h2 class=\"wp-block-heading has-text-align-center has-large-font-size\">02161 46 34 70 0<\/h2>\n\n\n\n<hr class=\"wp-block-separator has-text-color has-css-opacity has-background aligncenter is-style-wide\" style=\"background-color:#1b5eaa;color:#1b5eaa\"\/>\n\n\n\n<p class=\"has-text-align-center has-white-color has-text-color\"><a href=\"mailto:mail@alumar.de\"><strong>E-Mail: mail@alumar.de<\/strong><\/a><\/p>\n<\/div>\n<\/div>\n<\/div><\/div>\n\n\n\n<div class=\"wp-block-citadela-blocks-spacer citadela-block-spacer\"><div class=\"inner-holder\" style=\"padding-top:3vw\"><\/div><\/div>\n<\/div><\/div>\n","protected":false},"excerpt":{"rendered":"","protected":false},"author":1,"featured_media":0,"parent":0,"menu_order":0,"comment_status":"closed","ping_status":"closed","template":"","meta":{"_citadela_hide_page_title":"1","_citadela_remove_header_space":"1","footnotes":""},"class_list":["post-1248","page","type-page","status-publish","hentry"],"yoast_head":"<!-- This site is optimized with the Yoast SEO plugin v27.5 - https:\/\/yoast.com\/product\/yoast-seo-wordpress\/ -->\n<title>Insektenschutz im Drehrahmen | Alumar in M\u00f6nchengladbach<\/title>\n<meta name=\"description\" content=\"Das Insektenschutzsystem im Drehrahmen f\u00fcr T\u00fcren bietet den maximalen Komfort um Balkon- oder Terrassent\u00fcren insektensicher zu machen.\" \/>\n<meta name=\"robots\" content=\"index, follow, max-snippet:-1, max-image-preview:large, max-video-preview:-1\" \/>\n<link rel=\"canonical\" href=\"https:\/\/alumar.de\/insektenschutz\/insektenschutz-drehrahmen-fuer-tueren\/\" \/>\n<meta property=\"og:locale\" content=\"de_DE\" \/>\n<meta property=\"og:type\" content=\"article\" \/>\n<meta property=\"og:title\" content=\"Insektenschutz im Drehrahmen | Alumar in M\u00f6nchengladbach\" \/>\n<meta property=\"og:description\" content=\"Das Insektenschutzsystem im Drehrahmen f\u00fcr T\u00fcren bietet den maximalen Komfort um Balkon- oder Terrassent\u00fcren insektensicher zu machen.\" \/>\n<meta property=\"og:url\" content=\"https:\/\/alumar.de\/insektenschutz\/insektenschutz-drehrahmen-fuer-tueren\/\" \/>\n<meta property=\"article:publisher\" content=\"https:\/\/www.facebook.com\/alumarinsektengitter\/\" \/>\n<meta property=\"article:modified_time\" content=\"2024-07-29T09:38:29+00:00\" \/>\n<meta property=\"og:image\" content=\"https:\/\/alumar.de\/insektenschutz\/wp-content\/uploads\/2021\/11\/CTA_BG_Insektenschutzgitter.png\" \/>\n<meta name=\"twitter:card\" content=\"summary_large_image\" \/>\n<meta name=\"twitter:label1\" content=\"Gesch\u00e4tzte Lesezeit\" \/>\n\t<meta name=\"twitter:data1\" content=\"2\u00a0Minuten\" \/>\n<script type=\"application\/ld+json\" class=\"yoast-schema-graph\">{\"@context\":\"https:\\\/\\\/schema.org\",\"@graph\":[{\"@type\":\"WebPage\",\"@id\":\"https:\\\/\\\/alumar.de\\\/insektenschutz\\\/insektenschutz-drehrahmen-fuer-tueren\\\/\",\"url\":\"https:\\\/\\\/alumar.de\\\/insektenschutz\\\/insektenschutz-drehrahmen-fuer-tueren\\\/\",\"name\":\"Insektenschutz im Drehrahmen | Alumar in M\u00f6nchengladbach\",\"isPartOf\":{\"@id\":\"https:\\\/\\\/alumar.de\\\/insektenschutz\\\/#website\"},\"primaryImageOfPage\":{\"@id\":\"https:\\\/\\\/alumar.de\\\/insektenschutz\\\/insektenschutz-drehrahmen-fuer-tueren\\\/#primaryimage\"},\"image\":{\"@id\":\"https:\\\/\\\/alumar.de\\\/insektenschutz\\\/insektenschutz-drehrahmen-fuer-tueren\\\/#primaryimage\"},\"thumbnailUrl\":\"https:\\\/\\\/alumar.de\\\/insektenschutz\\\/wp-content\\\/uploads\\\/2021\\\/11\\\/CTA_BG_Insektenschutzgitter.png\",\"datePublished\":\"2021-11-04T11:26:27+00:00\",\"dateModified\":\"2024-07-29T09:38:29+00:00\",\"description\":\"Das Insektenschutzsystem im Drehrahmen f\u00fcr T\u00fcren bietet den maximalen Komfort um Balkon- oder Terrassent\u00fcren insektensicher zu machen.\",\"breadcrumb\":{\"@id\":\"https:\\\/\\\/alumar.de\\\/insektenschutz\\\/insektenschutz-drehrahmen-fuer-tueren\\\/#breadcrumb\"},\"inLanguage\":\"de\",\"potentialAction\":[{\"@type\":\"ReadAction\",\"target\":[\"https:\\\/\\\/alumar.de\\\/insektenschutz\\\/insektenschutz-drehrahmen-fuer-tueren\\\/\"]}]},{\"@type\":\"ImageObject\",\"inLanguage\":\"de\",\"@id\":\"https:\\\/\\\/alumar.de\\\/insektenschutz\\\/insektenschutz-drehrahmen-fuer-tueren\\\/#primaryimage\",\"url\":\"https:\\\/\\\/alumar.de\\\/insektenschutz\\\/wp-content\\\/uploads\\\/2021\\\/11\\\/CTA_BG_Insektenschutzgitter.png\",\"contentUrl\":\"https:\\\/\\\/alumar.de\\\/insektenschutz\\\/wp-content\\\/uploads\\\/2021\\\/11\\\/CTA_BG_Insektenschutzgitter.png\",\"width\":2560,\"height\":170},{\"@type\":\"BreadcrumbList\",\"@id\":\"https:\\\/\\\/alumar.de\\\/insektenschutz\\\/insektenschutz-drehrahmen-fuer-tueren\\\/#breadcrumb\",\"itemListElement\":[{\"@type\":\"ListItem\",\"position\":1,\"name\":\"Startseite\",\"item\":\"https:\\\/\\\/alumar.de\\\/insektenschutz\\\/\"},{\"@type\":\"ListItem\",\"position\":2,\"name\":\"Insektenschutz Drehrahmen f\u00fcr T\u00fcren\"}]},{\"@type\":\"WebSite\",\"@id\":\"https:\\\/\\\/alumar.de\\\/insektenschutz\\\/#website\",\"url\":\"https:\\\/\\\/alumar.de\\\/insektenschutz\\\/\",\"name\":\"\",\"description\":\"\",\"publisher\":{\"@id\":\"https:\\\/\\\/alumar.de\\\/insektenschutz\\\/#organization\"},\"potentialAction\":[{\"@type\":\"SearchAction\",\"target\":{\"@type\":\"EntryPoint\",\"urlTemplate\":\"https:\\\/\\\/alumar.de\\\/insektenschutz\\\/?s={search_term_string}\"},\"query-input\":{\"@type\":\"PropertyValueSpecification\",\"valueRequired\":true,\"valueName\":\"search_term_string\"}}],\"inLanguage\":\"de\"},{\"@type\":\"Organization\",\"@id\":\"https:\\\/\\\/alumar.de\\\/insektenschutz\\\/#organization\",\"name\":\"Alumar EK\",\"url\":\"https:\\\/\\\/alumar.de\\\/insektenschutz\\\/\",\"logo\":{\"@type\":\"ImageObject\",\"inLanguage\":\"de\",\"@id\":\"https:\\\/\\\/alumar.de\\\/insektenschutz\\\/#\\\/schema\\\/logo\\\/image\\\/\",\"url\":\"https:\\\/\\\/alumar.de\\\/insektenschutz\\\/wp-content\\\/uploads\\\/2021\\\/11\\\/Footer_logo.png\",\"contentUrl\":\"https:\\\/\\\/alumar.de\\\/insektenschutz\\\/wp-content\\\/uploads\\\/2021\\\/11\\\/Footer_logo.png\",\"width\":574,\"height\":384,\"caption\":\"Alumar EK\"},\"image\":{\"@id\":\"https:\\\/\\\/alumar.de\\\/insektenschutz\\\/#\\\/schema\\\/logo\\\/image\\\/\"},\"sameAs\":[\"https:\\\/\\\/www.facebook.com\\\/alumarinsektengitter\\\/\",\"https:\\\/\\\/www.instagram.com\\\/alumar_insektengitter\\\/\"]}]}<\/script>\n<!-- \/ Yoast SEO plugin. -->","yoast_head_json":{"title":"Insektenschutz im Drehrahmen | Alumar in M\u00f6nchengladbach","description":"Das Insektenschutzsystem im Drehrahmen f\u00fcr T\u00fcren bietet den maximalen Komfort um Balkon- oder Terrassent\u00fcren insektensicher zu machen.","robots":{"index":"index","follow":"follow","max-snippet":"max-snippet:-1","max-image-preview":"max-image-preview:large","max-video-preview":"max-video-preview:-1"},"canonical":"https:\/\/alumar.de\/insektenschutz\/insektenschutz-drehrahmen-fuer-tueren\/","og_locale":"de_DE","og_type":"article","og_title":"Insektenschutz im Drehrahmen | Alumar in M\u00f6nchengladbach","og_description":"Das Insektenschutzsystem im Drehrahmen f\u00fcr T\u00fcren bietet den maximalen Komfort um Balkon- oder Terrassent\u00fcren insektensicher zu machen.","og_url":"https:\/\/alumar.de\/insektenschutz\/insektenschutz-drehrahmen-fuer-tueren\/","article_publisher":"https:\/\/www.facebook.com\/alumarinsektengitter\/","article_modified_time":"2024-07-29T09:38:29+00:00","og_image":[{"url":"https:\/\/alumar.de\/insektenschutz\/wp-content\/uploads\/2021\/11\/CTA_BG_Insektenschutzgitter.png","type":"","width":"","height":""}],"twitter_card":"summary_large_image","twitter_misc":{"Gesch\u00e4tzte Lesezeit":"2\u00a0Minuten"},"schema":{"@context":"https:\/\/schema.org","@graph":[{"@type":"WebPage","@id":"https:\/\/alumar.de\/insektenschutz\/insektenschutz-drehrahmen-fuer-tueren\/","url":"https:\/\/alumar.de\/insektenschutz\/insektenschutz-drehrahmen-fuer-tueren\/","name":"Insektenschutz im Drehrahmen | Alumar in M\u00f6nchengladbach","isPartOf":{"@id":"https:\/\/alumar.de\/insektenschutz\/#website"},"primaryImageOfPage":{"@id":"https:\/\/alumar.de\/insektenschutz\/insektenschutz-drehrahmen-fuer-tueren\/#primaryimage"},"image":{"@id":"https:\/\/alumar.de\/insektenschutz\/insektenschutz-drehrahmen-fuer-tueren\/#primaryimage"},"thumbnailUrl":"https:\/\/alumar.de\/insektenschutz\/wp-content\/uploads\/2021\/11\/CTA_BG_Insektenschutzgitter.png","datePublished":"2021-11-04T11:26:27+00:00","dateModified":"2024-07-29T09:38:29+00:00","description":"Das Insektenschutzsystem im Drehrahmen f\u00fcr T\u00fcren bietet den maximalen Komfort um Balkon- oder Terrassent\u00fcren insektensicher zu machen.","breadcrumb":{"@id":"https:\/\/alumar.de\/insektenschutz\/insektenschutz-drehrahmen-fuer-tueren\/#breadcrumb"},"inLanguage":"de","potentialAction":[{"@type":"ReadAction","target":["https:\/\/alumar.de\/insektenschutz\/insektenschutz-drehrahmen-fuer-tueren\/"]}]},{"@type":"ImageObject","inLanguage":"de","@id":"https:\/\/alumar.de\/insektenschutz\/insektenschutz-drehrahmen-fuer-tueren\/#primaryimage","url":"https:\/\/alumar.de\/insektenschutz\/wp-content\/uploads\/2021\/11\/CTA_BG_Insektenschutzgitter.png","contentUrl":"https:\/\/alumar.de\/insektenschutz\/wp-content\/uploads\/2021\/11\/CTA_BG_Insektenschutzgitter.png","width":2560,"height":170},{"@type":"BreadcrumbList","@id":"https:\/\/alumar.de\/insektenschutz\/insektenschutz-drehrahmen-fuer-tueren\/#breadcrumb","itemListElement":[{"@type":"ListItem","position":1,"name":"Startseite","item":"https:\/\/alumar.de\/insektenschutz\/"},{"@type":"ListItem","position":2,"name":"Insektenschutz Drehrahmen f\u00fcr T\u00fcren"}]},{"@type":"WebSite","@id":"https:\/\/alumar.de\/insektenschutz\/#website","url":"https:\/\/alumar.de\/insektenschutz\/","name":"","description":"","publisher":{"@id":"https:\/\/alumar.de\/insektenschutz\/#organization"},"potentialAction":[{"@type":"SearchAction","target":{"@type":"EntryPoint","urlTemplate":"https:\/\/alumar.de\/insektenschutz\/?s={search_term_string}"},"query-input":{"@type":"PropertyValueSpecification","valueRequired":true,"valueName":"search_term_string"}}],"inLanguage":"de"},{"@type":"Organization","@id":"https:\/\/alumar.de\/insektenschutz\/#organization","name":"Alumar EK","url":"https:\/\/alumar.de\/insektenschutz\/","logo":{"@type":"ImageObject","inLanguage":"de","@id":"https:\/\/alumar.de\/insektenschutz\/#\/schema\/logo\/image\/","url":"https:\/\/alumar.de\/insektenschutz\/wp-content\/uploads\/2021\/11\/Footer_logo.png","contentUrl":"https:\/\/alumar.de\/insektenschutz\/wp-content\/uploads\/2021\/11\/Footer_logo.png","width":574,"height":384,"caption":"Alumar EK"},"image":{"@id":"https:\/\/alumar.de\/insektenschutz\/#\/schema\/logo\/image\/"},"sameAs":["https:\/\/www.facebook.com\/alumarinsektengitter\/","https:\/\/www.instagram.com\/alumar_insektengitter\/"]}]}},"_links":{"self":[{"href":"https:\/\/alumar.de\/insektenschutz\/wp-json\/wp\/v2\/pages\/1248","targetHints":{"allow":["GET"]}}],"collection":[{"href":"https:\/\/alumar.de\/insektenschutz\/wp-json\/wp\/v2\/pages"}],"about":[{"href":"https:\/\/alumar.de\/insektenschutz\/wp-json\/wp\/v2\/types\/page"}],"author":[{"embeddable":true,"href":"https:\/\/alumar.de\/insektenschutz\/wp-json\/wp\/v2\/users\/1"}],"replies":[{"embeddable":true,"href":"https:\/\/alumar.de\/insektenschutz\/wp-json\/wp\/v2\/comments?post=1248"}],"version-history":[{"count":10,"href":"https:\/\/alumar.de\/insektenschutz\/wp-json\/wp\/v2\/pages\/1248\/revisions"}],"predecessor-version":[{"id":2363,"href":"https:\/\/alumar.de\/insektenschutz\/wp-json\/wp\/v2\/pages\/1248\/revisions\/2363"}],"wp:attachment":[{"href":"https:\/\/alumar.de\/insektenschutz\/wp-json\/wp\/v2\/media?parent=1248"}],"curies":[{"name":"wp","href":"https:\/\/api.w.org\/{rel}","templated":true}]}}