{"id":1529,"date":"2021-11-15T09:53:44","date_gmt":"2021-11-15T08:53:44","guid":{"rendered":"https:\/\/alumar.de\/insektenschutz\/?page_id=1529"},"modified":"2025-05-11T19:04:10","modified_gmt":"2025-05-11T17:04:10","slug":"produktionsmitarbeiter-in-viersen-gesucht","status":"publish","type":"page","link":"https:\/\/alumar.de\/insektenschutz\/produktionsmitarbeiter-in-viersen-gesucht\/","title":{"rendered":"Produktionsmitarbeiter in Viersen gesucht"},"content":{"rendered":"\n<div class=\"wp-block-citadela-blocks-custom-container citadela-block-custom-container size-fullwidth bg-type-image inside-space-none bg-size-cover has-overlay has-min-height vertical-align-top\" style=\"min-height:420px\"><div class=\"bg-image-wrapper\" style=\"background-image:url(https:\/\/alumar.de\/insektenschutz\/wp-content\/uploads\/2021\/11\/Job_Stellenangebot_Produktionsmitarbeiter_Moenchengladbach.jpg);background-repeat:no-repeat;background-position:54% 46%\"><\/div><div class=\"bg-image-overlay\" style=\"background-color:#82a2b5;opacity:0.4\"><\/div><div class=\"inner-holder\">\n<div class=\"wp-block-group\"><div class=\"wp-block-group__inner-container is-layout-flow wp-block-group-is-layout-flow\">\n<div style=\"height:80px\" aria-hidden=\"true\" class=\"wp-block-spacer\"><\/div>\n\n\n\n<h1 class=\"wp-block-heading has-text-align-center has-white-color has-text-color\">PRODUKTIONSMITARBEITER (M\/W\/D) IN VIERSEN GESUCHT <\/h1>\n<\/div><\/div>\n\n\n\n<div class=\"wp-block-citadela-blocks-spacer citadela-block-spacer\"><div class=\"inner-holder\" style=\"padding-top:5vw\"><\/div><\/div>\n<\/div><\/div>\n\n\n\n<div style=\"height:60px\" aria-hidden=\"true\" class=\"wp-block-spacer\"><\/div>\n\n\n\n<h2 class=\"wp-block-heading has-text-color\" style=\"color:#82a2b5\">PRODUKTIONSMITARBEITER (M\/W\/D)<\/h2>\n\n\n\n<p><strong>Wir suchen ab sofort einen Produktionsmitarbeiter (M\/W\/D) in Vollzeit f\u00fcr unsere Produktion in Viersen.<\/strong><\/p>\n\n\n\n<p>Wir bieten dir spannende Einsatzm\u00f6glichkeiten in unserem jungen, aufstrebenden Unternehmen im Bereich der Produktion von hochwertigen Insektenschutzelementen. Du m\u00f6chtest dich beruflich ver\u00e4ndern?<\/p>\n\n\n\n<p><strong>Wir bieten dir:<\/strong><\/p>\n\n\n\n<p><strong>\u2713 <\/strong>Angenehme Arbeitszeiten (keine Sp\u00e4t \/ Nachtschichten)<br><strong>\u2713 <\/strong>Einarbeitung f\u00fcr einen optimalen Start<br><strong>\u2713 <\/strong>Interessante und Abwechslungsreiche T\u00e4tigkeit<br><strong>\u2713 <\/strong>Kollegiales und famili\u00e4res Arbeitsklima<br><strong>\u2713 <\/strong>Kalt- und Hei\u00dfgetr\u00e4nke f\u00fcr die Mitarbeiter sind f\u00fcr uns eine Selbstverst\u00e4ndlichkeit<\/p>\n\n\n\n<p><strong>\u2713 <\/strong>Betriebliche Krankenzusatzversicherung<br><strong>\u2713 <\/strong>Verm\u00f6genswirksame Leistungen<br><strong>\u2713 <\/strong>Einen unbefristeten Arbeitsvertrag<\/p>\n\n\n\n<p><strong>Dein Aufgabenbereich:<\/strong><\/p>\n\n\n\n<p><strong>\u2713 <\/strong>Produktion und Endkonfektionierung von Insektenschutzl\u00f6sungen<br><strong>\u2713 <\/strong>Arbeitsvorbereitung<br><strong>\u2713 <\/strong>Lagerpflege und Vorkommissionierung der Profile<\/p>\n\n\n\n<p><strong>Du zeichnest dich durch folgende pers\u00f6nliche St\u00e4rken aus:<\/strong><\/p>\n\n\n\n<p><strong>\u2713 <\/strong>Belastbarkeit<br><strong>\u2713 <\/strong>Handwerkliches Geschick<br><strong>\u2713 <\/strong>Erfahrungen im Fensterbau, Schreinerhandwerk o. \u00c4. von Vorteil<br><strong>\u2713 <\/strong>Selbstst\u00e4ndige Arbeitsweise<br><strong>\u2713 <\/strong>Motivation\/Leistungsbereitschaft<br><strong>\u2713 <\/strong>Teamf\u00e4higkeit<br><strong>\u2713 <\/strong>Sorgfalt\/Genauigkeit<br><strong>\u2713 <\/strong>Zuverl\u00e4ssigkeit<\/p>\n\n\n\n<p><strong>Wir haben dein Interesse geweckt?<\/strong><\/p>\n\n\n\n<p>Dann sende deine Bewerbungsunterlagen an unseren Gesch\u00e4ftsf\u00fchrer Herrn Robin Titzkus<\/p>\n\n\n\n<p><a href=\"mailto:r.titzkus@alumar.de\">r.titzkus@alumar.de<\/a> unter Angabe des fr\u00fchestm\u00f6glichen Eintrittstermins und deinen Gehaltsvorstellungen.<\/p>\n\n\n\n<p>Wir freuen uns von dir zu h\u00f6ren.<\/p>\n\n\n\n<p>Alumar Insekten- und Sonnenschutz GmbH &amp; Co. KG<br>Technologiering 25<br>41751 Viersen<\/p>\n\n\n\n<div style=\"height:100px\" aria-hidden=\"true\" class=\"wp-block-spacer\"><\/div>\n\n\n\n<div class=\"wp-block-cover alignfull is-light\" style=\"min-height:200px;aspect-ratio:unset;\"><img loading=\"lazy\" decoding=\"async\" width=\"2560\" height=\"170\" class=\"wp-block-cover__image-background wp-image-1123\" alt=\"\" src=\"https:\/\/alumar.de\/insektenschutz\/wp-content\/uploads\/2021\/11\/CTA_BG_Insektenschutzgitter.png\" data-object-fit=\"cover\" srcset=\"https:\/\/alumar.de\/insektenschutz\/wp-content\/uploads\/2021\/11\/CTA_BG_Insektenschutzgitter.png 2560w, https:\/\/alumar.de\/insektenschutz\/wp-content\/uploads\/2021\/11\/CTA_BG_Insektenschutzgitter-300x20.png 300w, https:\/\/alumar.de\/insektenschutz\/wp-content\/uploads\/2021\/11\/CTA_BG_Insektenschutzgitter-1024x68.png 1024w, https:\/\/alumar.de\/insektenschutz\/wp-content\/uploads\/2021\/11\/CTA_BG_Insektenschutzgitter-768x51.png 768w, https:\/\/alumar.de\/insektenschutz\/wp-content\/uploads\/2021\/11\/CTA_BG_Insektenschutzgitter-1536x102.png 1536w, https:\/\/alumar.de\/insektenschutz\/wp-content\/uploads\/2021\/11\/CTA_BG_Insektenschutzgitter-2048x136.png 2048w\" sizes=\"auto, (max-width: 2560px) 100vw, 2560px\" \/><span aria-hidden=\"true\" class=\"wp-block-cover__background has-background-dim-0 has-background-dim\"><\/span><div class=\"wp-block-cover__inner-container is-layout-flow wp-block-cover-is-layout-flow\">\n<div class=\"wp-block-columns is-layout-flex wp-container-core-columns-is-layout-9d6595d7 wp-block-columns-is-layout-flex\">\n<div class=\"wp-block-column is-layout-flow wp-block-column-is-layout-flow\">\n<h2 class=\"wp-block-heading has-large-font-size\">SIE W\u00dcNSCHEN EINE INDIVIDUELLE BERATUNG<\/h2>\n\n\n\n<h6 class=\"wp-block-heading has-normal-font-size\"> Kontaktieren Sie uns ganz einfach, wir helfen Ihnen gerne. <\/h6>\n\n\n\n<p><\/p>\n<\/div>\n\n\n\n<div class=\"wp-block-column is-layout-flow wp-block-column-is-layout-flow\"><\/div>\n\n\n\n<div class=\"wp-block-column is-layout-flow wp-block-column-is-layout-flow\">\n<center><i class=\"fa fa-phone IconPhone\"><\/i><\/center>\n\n\n\n<h2 class=\"wp-block-heading has-text-align-center has-large-font-size\">02161 46 34 70 0<\/h2>\n\n\n\n<hr class=\"wp-block-separator has-text-color has-css-opacity has-background aligncenter is-style-wide\" style=\"background-color:#1b5eaa;color:#1b5eaa\"\/>\n\n\n\n<p class=\"has-text-align-center has-white-color has-text-color\"><a href=\"mailto:mail@alumar.de\"><strong>E-Mail: mail@alumar.de<\/strong><\/a><\/p>\n<\/div>\n<\/div>\n<\/div><\/div>\n","protected":false},"excerpt":{"rendered":"<p>PRODUKTIONSMITARBEITER (M\/W\/D) Wir suchen ab sofort einen Produktionsmitarbeiter (M\/W\/D) in Vollzeit f\u00fcr unsere Produktion in Viersen. Wir bieten dir spannende Einsatzm\u00f6glichkeiten in unserem jungen, aufstrebenden Unternehmen im Bereich der Produktion von hochwertigen Insektenschutzelementen. Du m\u00f6chtest dich beruflich ver\u00e4ndern? Wir bieten dir: \u2713 Angenehme Arbeitszeiten (keine Sp\u00e4t \/ Nachtschichten)\u2713 Einarbeitung f\u00fcr einen optimalen Start\u2713 Interessante und [&hellip;]<\/p>\n","protected":false},"author":1,"featured_media":0,"parent":0,"menu_order":0,"comment_status":"closed","ping_status":"closed","template":"","meta":{"_citadela_hide_page_title":"1","_citadela_remove_header_space":"1","_citadela_custom_class":"","footnotes":""},"class_list":["post-1529","page","type-page","status-publish","hentry"],"yoast_head":"<!-- This site is optimized with the Yoast SEO plugin v26.2 - https:\/\/yoast.com\/wordpress\/plugins\/seo\/ -->\n<title>Produktionsmitarbeiter in Viersen gesucht |<\/title>\n<meta name=\"robots\" content=\"index, follow, max-snippet:-1, max-image-preview:large, max-video-preview:-1\" \/>\n<link rel=\"canonical\" href=\"https:\/\/alumar.de\/insektenschutz\/produktionsmitarbeiter-in-viersen-gesucht\/\" \/>\n<meta property=\"og:locale\" content=\"de_DE\" \/>\n<meta property=\"og:type\" content=\"article\" \/>\n<meta property=\"og:title\" content=\"Produktionsmitarbeiter in Viersen gesucht |\" \/>\n<meta property=\"og:description\" content=\"PRODUKTIONSMITARBEITER (M\/W\/D) Wir suchen ab sofort einen Produktionsmitarbeiter (M\/W\/D) in Vollzeit f\u00fcr unsere Produktion in Viersen. Wir bieten dir spannende Einsatzm\u00f6glichkeiten in unserem jungen, aufstrebenden Unternehmen im Bereich der Produktion von hochwertigen Insektenschutzelementen. Du m\u00f6chtest dich beruflich ver\u00e4ndern? Wir bieten dir: \u2713 Angenehme Arbeitszeiten (keine Sp\u00e4t \/ Nachtschichten)\u2713 Einarbeitung f\u00fcr einen optimalen Start\u2713 Interessante und [&hellip;]\" \/>\n<meta property=\"og:url\" content=\"https:\/\/alumar.de\/insektenschutz\/produktionsmitarbeiter-in-viersen-gesucht\/\" \/>\n<meta property=\"article:publisher\" content=\"https:\/\/www.facebook.com\/alumarinsektengitter\/\" \/>\n<meta property=\"article:modified_time\" content=\"2025-05-11T17:04:10+00:00\" \/>\n<meta property=\"og:image\" content=\"https:\/\/alumar.de\/insektenschutz\/wp-content\/uploads\/2021\/11\/CTA_BG_Insektenschutzgitter.png\" \/>\n\t<meta property=\"og:image:width\" content=\"2560\" \/>\n\t<meta property=\"og:image:height\" content=\"170\" \/>\n\t<meta property=\"og:image:type\" content=\"image\/png\" \/>\n<meta name=\"twitter:card\" content=\"summary_large_image\" \/>\n<meta name=\"twitter:label1\" content=\"Gesch\u00e4tzte Lesezeit\" \/>\n\t<meta name=\"twitter:data1\" content=\"2\u00a0Minuten\" \/>\n<script type=\"application\/ld+json\" class=\"yoast-schema-graph\">{\"@context\":\"https:\/\/schema.org\",\"@graph\":[{\"@type\":\"WebPage\",\"@id\":\"https:\/\/alumar.de\/insektenschutz\/produktionsmitarbeiter-in-viersen-gesucht\/\",\"url\":\"https:\/\/alumar.de\/insektenschutz\/produktionsmitarbeiter-in-viersen-gesucht\/\",\"name\":\"Produktionsmitarbeiter in Viersen gesucht |\",\"isPartOf\":{\"@id\":\"https:\/\/alumar.de\/insektenschutz\/#website\"},\"primaryImageOfPage\":{\"@id\":\"https:\/\/alumar.de\/insektenschutz\/produktionsmitarbeiter-in-viersen-gesucht\/#primaryimage\"},\"image\":{\"@id\":\"https:\/\/alumar.de\/insektenschutz\/produktionsmitarbeiter-in-viersen-gesucht\/#primaryimage\"},\"thumbnailUrl\":\"https:\/\/alumar.de\/insektenschutz\/wp-content\/uploads\/2021\/11\/CTA_BG_Insektenschutzgitter.png\",\"datePublished\":\"2021-11-15T08:53:44+00:00\",\"dateModified\":\"2025-05-11T17:04:10+00:00\",\"breadcrumb\":{\"@id\":\"https:\/\/alumar.de\/insektenschutz\/produktionsmitarbeiter-in-viersen-gesucht\/#breadcrumb\"},\"inLanguage\":\"de\",\"potentialAction\":[{\"@type\":\"ReadAction\",\"target\":[\"https:\/\/alumar.de\/insektenschutz\/produktionsmitarbeiter-in-viersen-gesucht\/\"]}]},{\"@type\":\"ImageObject\",\"inLanguage\":\"de\",\"@id\":\"https:\/\/alumar.de\/insektenschutz\/produktionsmitarbeiter-in-viersen-gesucht\/#primaryimage\",\"url\":\"https:\/\/alumar.de\/insektenschutz\/wp-content\/uploads\/2021\/11\/CTA_BG_Insektenschutzgitter.png\",\"contentUrl\":\"https:\/\/alumar.de\/insektenschutz\/wp-content\/uploads\/2021\/11\/CTA_BG_Insektenschutzgitter.png\",\"width\":2560,\"height\":170},{\"@type\":\"BreadcrumbList\",\"@id\":\"https:\/\/alumar.de\/insektenschutz\/produktionsmitarbeiter-in-viersen-gesucht\/#breadcrumb\",\"itemListElement\":[{\"@type\":\"ListItem\",\"position\":1,\"name\":\"Startseite\",\"item\":\"https:\/\/alumar.de\/insektenschutz\/\"},{\"@type\":\"ListItem\",\"position\":2,\"name\":\"Produktionsmitarbeiter in Viersen gesucht\"}]},{\"@type\":\"WebSite\",\"@id\":\"https:\/\/alumar.de\/insektenschutz\/#website\",\"url\":\"https:\/\/alumar.de\/insektenschutz\/\",\"name\":\"\",\"description\":\"\",\"publisher\":{\"@id\":\"https:\/\/alumar.de\/insektenschutz\/#organization\"},\"potentialAction\":[{\"@type\":\"SearchAction\",\"target\":{\"@type\":\"EntryPoint\",\"urlTemplate\":\"https:\/\/alumar.de\/insektenschutz\/?s={search_term_string}\"},\"query-input\":{\"@type\":\"PropertyValueSpecification\",\"valueRequired\":true,\"valueName\":\"search_term_string\"}}],\"inLanguage\":\"de\"},{\"@type\":\"Organization\",\"@id\":\"https:\/\/alumar.de\/insektenschutz\/#organization\",\"name\":\"Alumar EK\",\"url\":\"https:\/\/alumar.de\/insektenschutz\/\",\"logo\":{\"@type\":\"ImageObject\",\"inLanguage\":\"de\",\"@id\":\"https:\/\/alumar.de\/insektenschutz\/#\/schema\/logo\/image\/\",\"url\":\"https:\/\/alumar.de\/insektenschutz\/wp-content\/uploads\/2021\/11\/Footer_logo.png\",\"contentUrl\":\"https:\/\/alumar.de\/insektenschutz\/wp-content\/uploads\/2021\/11\/Footer_logo.png\",\"width\":574,\"height\":384,\"caption\":\"Alumar EK\"},\"image\":{\"@id\":\"https:\/\/alumar.de\/insektenschutz\/#\/schema\/logo\/image\/\"},\"sameAs\":[\"https:\/\/www.facebook.com\/alumarinsektengitter\/\",\"https:\/\/www.instagram.com\/alumar_insektengitter\/\"]}]}<\/script>\n<!-- \/ Yoast SEO plugin. -->","yoast_head_json":{"title":"Produktionsmitarbeiter in Viersen gesucht |","robots":{"index":"index","follow":"follow","max-snippet":"max-snippet:-1","max-image-preview":"max-image-preview:large","max-video-preview":"max-video-preview:-1"},"canonical":"https:\/\/alumar.de\/insektenschutz\/produktionsmitarbeiter-in-viersen-gesucht\/","og_locale":"de_DE","og_type":"article","og_title":"Produktionsmitarbeiter in Viersen gesucht |","og_description":"PRODUKTIONSMITARBEITER (M\/W\/D) Wir suchen ab sofort einen Produktionsmitarbeiter (M\/W\/D) in Vollzeit f\u00fcr unsere Produktion in Viersen. Wir bieten dir spannende Einsatzm\u00f6glichkeiten in unserem jungen, aufstrebenden Unternehmen im Bereich der Produktion von hochwertigen Insektenschutzelementen. Du m\u00f6chtest dich beruflich ver\u00e4ndern? Wir bieten dir: \u2713 Angenehme Arbeitszeiten (keine Sp\u00e4t \/ Nachtschichten)\u2713 Einarbeitung f\u00fcr einen optimalen Start\u2713 Interessante und [&hellip;]","og_url":"https:\/\/alumar.de\/insektenschutz\/produktionsmitarbeiter-in-viersen-gesucht\/","article_publisher":"https:\/\/www.facebook.com\/alumarinsektengitter\/","article_modified_time":"2025-05-11T17:04:10+00:00","og_image":[{"width":2560,"height":170,"url":"https:\/\/alumar.de\/insektenschutz\/wp-content\/uploads\/2021\/11\/CTA_BG_Insektenschutzgitter.png","type":"image\/png"}],"twitter_card":"summary_large_image","twitter_misc":{"Gesch\u00e4tzte Lesezeit":"2\u00a0Minuten"},"schema":{"@context":"https:\/\/schema.org","@graph":[{"@type":"WebPage","@id":"https:\/\/alumar.de\/insektenschutz\/produktionsmitarbeiter-in-viersen-gesucht\/","url":"https:\/\/alumar.de\/insektenschutz\/produktionsmitarbeiter-in-viersen-gesucht\/","name":"Produktionsmitarbeiter in Viersen gesucht |","isPartOf":{"@id":"https:\/\/alumar.de\/insektenschutz\/#website"},"primaryImageOfPage":{"@id":"https:\/\/alumar.de\/insektenschutz\/produktionsmitarbeiter-in-viersen-gesucht\/#primaryimage"},"image":{"@id":"https:\/\/alumar.de\/insektenschutz\/produktionsmitarbeiter-in-viersen-gesucht\/#primaryimage"},"thumbnailUrl":"https:\/\/alumar.de\/insektenschutz\/wp-content\/uploads\/2021\/11\/CTA_BG_Insektenschutzgitter.png","datePublished":"2021-11-15T08:53:44+00:00","dateModified":"2025-05-11T17:04:10+00:00","breadcrumb":{"@id":"https:\/\/alumar.de\/insektenschutz\/produktionsmitarbeiter-in-viersen-gesucht\/#breadcrumb"},"inLanguage":"de","potentialAction":[{"@type":"ReadAction","target":["https:\/\/alumar.de\/insektenschutz\/produktionsmitarbeiter-in-viersen-gesucht\/"]}]},{"@type":"ImageObject","inLanguage":"de","@id":"https:\/\/alumar.de\/insektenschutz\/produktionsmitarbeiter-in-viersen-gesucht\/#primaryimage","url":"https:\/\/alumar.de\/insektenschutz\/wp-content\/uploads\/2021\/11\/CTA_BG_Insektenschutzgitter.png","contentUrl":"https:\/\/alumar.de\/insektenschutz\/wp-content\/uploads\/2021\/11\/CTA_BG_Insektenschutzgitter.png","width":2560,"height":170},{"@type":"BreadcrumbList","@id":"https:\/\/alumar.de\/insektenschutz\/produktionsmitarbeiter-in-viersen-gesucht\/#breadcrumb","itemListElement":[{"@type":"ListItem","position":1,"name":"Startseite","item":"https:\/\/alumar.de\/insektenschutz\/"},{"@type":"ListItem","position":2,"name":"Produktionsmitarbeiter in Viersen gesucht"}]},{"@type":"WebSite","@id":"https:\/\/alumar.de\/insektenschutz\/#website","url":"https:\/\/alumar.de\/insektenschutz\/","name":"","description":"","publisher":{"@id":"https:\/\/alumar.de\/insektenschutz\/#organization"},"potentialAction":[{"@type":"SearchAction","target":{"@type":"EntryPoint","urlTemplate":"https:\/\/alumar.de\/insektenschutz\/?s={search_term_string}"},"query-input":{"@type":"PropertyValueSpecification","valueRequired":true,"valueName":"search_term_string"}}],"inLanguage":"de"},{"@type":"Organization","@id":"https:\/\/alumar.de\/insektenschutz\/#organization","name":"Alumar EK","url":"https:\/\/alumar.de\/insektenschutz\/","logo":{"@type":"ImageObject","inLanguage":"de","@id":"https:\/\/alumar.de\/insektenschutz\/#\/schema\/logo\/image\/","url":"https:\/\/alumar.de\/insektenschutz\/wp-content\/uploads\/2021\/11\/Footer_logo.png","contentUrl":"https:\/\/alumar.de\/insektenschutz\/wp-content\/uploads\/2021\/11\/Footer_logo.png","width":574,"height":384,"caption":"Alumar EK"},"image":{"@id":"https:\/\/alumar.de\/insektenschutz\/#\/schema\/logo\/image\/"},"sameAs":["https:\/\/www.facebook.com\/alumarinsektengitter\/","https:\/\/www.instagram.com\/alumar_insektengitter\/"]}]}},"_links":{"self":[{"href":"https:\/\/alumar.de\/insektenschutz\/wp-json\/wp\/v2\/pages\/1529","targetHints":{"allow":["GET"]}}],"collection":[{"href":"https:\/\/alumar.de\/insektenschutz\/wp-json\/wp\/v2\/pages"}],"about":[{"href":"https:\/\/alumar.de\/insektenschutz\/wp-json\/wp\/v2\/types\/page"}],"author":[{"embeddable":true,"href":"https:\/\/alumar.de\/insektenschutz\/wp-json\/wp\/v2\/users\/1"}],"replies":[{"embeddable":true,"href":"https:\/\/alumar.de\/insektenschutz\/wp-json\/wp\/v2\/comments?post=1529"}],"version-history":[{"count":10,"href":"https:\/\/alumar.de\/insektenschutz\/wp-json\/wp\/v2\/pages\/1529\/revisions"}],"predecessor-version":[{"id":2416,"href":"https:\/\/alumar.de\/insektenschutz\/wp-json\/wp\/v2\/pages\/1529\/revisions\/2416"}],"wp:attachment":[{"href":"https:\/\/alumar.de\/insektenschutz\/wp-json\/wp\/v2\/media?parent=1529"}],"curies":[{"name":"wp","href":"https:\/\/api.w.org\/{rel}","templated":true}]}}