{"id":2222,"date":"2023-11-08T13:57:01","date_gmt":"2023-11-08T12:57:01","guid":{"rendered":"https:\/\/alumar.de\/insektenschutz\/?page_id=2222"},"modified":"2023-11-09T10:33:12","modified_gmt":"2023-11-09T09:33:12","slug":"clip-on-zip-screen-sonnenschutz","status":"publish","type":"page","link":"https:\/\/alumar.de\/insektenschutz\/clip-on-zip-screen-sonnenschutz\/","title":{"rendered":"Clip-On Zip-Screen Sonnenschutz"},"content":{"rendered":"\n<div class=\"wp-block-citadela-blocks-custom-container citadela-block-custom-container size-fullwidth bg-type-image inside-space-none bg-size-cover has-overlay has-min-height vertical-align-top\" style=\"min-height:240px\"><div class=\"bg-image-wrapper\" style=\"background-image:url(https:\/\/alumar.de\/insektenschutz\/wp-content\/uploads\/2021\/11\/Insektenschutz_header_Unterseite.jpg);background-repeat:no-repeat;background-position:0% 57%\"><\/div><div class=\"bg-image-overlay\" style=\"opacity:0.03\"><\/div><div class=\"inner-holder\">\n<div class=\"wp-block-group\"><div class=\"wp-block-group__inner-container is-layout-flow wp-block-group-is-layout-flow\">\n<div style=\"height:80px\" aria-hidden=\"true\" class=\"wp-block-spacer\"><\/div>\n\n\n\n<h1 class=\"wp-block-heading has-text-align-center has-white-color has-text-color\">CLIP-ON ZIP-SCREEN SONNENSCHUTZ<\/h1>\n<\/div><\/div>\n\n\n\n<div class=\"wp-block-citadela-blocks-spacer citadela-block-spacer\"><div class=\"inner-holder\" style=\"padding-top:5vw\"><\/div><\/div>\n<\/div><\/div>\n\n\n\n<div style=\"height:20px\" aria-hidden=\"true\" class=\"wp-block-spacer\"><\/div>\n\n\n\n<div class=\"wp-block-columns alignfull is-layout-flex wp-container-core-columns-is-layout-9d6595d7 wp-block-columns-is-layout-flex\">\n<div class=\"wp-block-column is-layout-flow wp-block-column-is-layout-flow\" style=\"flex-basis:15%\">\n<p class=\"has-small-font-size\"><a href=\"https:\/\/alumar.de\/insektenschutz\/sicht-und-sonnenschutz-systeme\/\" data-type=\"URL\" data-id=\"https:\/\/alumar.de\/insektenschutz\/sicht-und-sonnenschutz-systeme\/\">Sicht-und Sonnenschutz Systeme<\/a><\/p>\n<\/div>\n\n\n\n<div class=\"wp-block-column is-layout-flow wp-block-column-is-layout-flow\" style=\"flex-basis:15%\">\n<p class=\"has-small-font-size\"><a href=\"https:\/\/alumar.de\/insektenschutz\/clip-on-zip-screen-sonnenschutz\/\">Clip-On Zip-Screen Sonnenschutz<\/a><\/p>\n<\/div>\n\n\n\n<div class=\"wp-block-column is-layout-flow wp-block-column-is-layout-flow\" style=\"flex-basis:15%\">\n<p class=\"has-small-font-size\"><a href=\"https:\/\/alumar.de\/insektenschutz\/insektenschutz-produkte_insektenschutz-plissee\/\">Insektenschutzplissee f\u00fcr T\u00fcren (40mm)<\/a><\/p>\n<\/div>\n\n\n\n<div class=\"wp-block-column is-layout-flow wp-block-column-is-layout-flow\" style=\"flex-basis:15%\">\n<p class=\"has-small-font-size\"><a href=\"https:\/\/alumar.de\/insektenschutz\/insektenschutzplissee-fuer-tueren-micro-13\/\">Insektenschutzplissee f\u00fcr T\u00fcren (Micro 13)<\/a><\/p>\n<\/div>\n\n\n\n<div class=\"wp-block-column is-layout-flow wp-block-column-is-layout-flow\" style=\"flex-basis:10%\">\n<p class=\"has-small-font-size\"><a href=\"https:\/\/alumar.de\/insektenschutz\/insektenschutz-rollo\/\">Insekten\u00adschutz\u00adrollo<\/a><\/p>\n<\/div>\n\n\n\n<div class=\"wp-block-column is-layout-flow wp-block-column-is-layout-flow\" style=\"flex-basis:10%\">\n<p class=\"has-small-font-size\"><a href=\"https:\/\/alumar.de\/insektenschutz\/insektenschutz-spannrahmen\/\">Spann\u00adrahmen<\/a><\/p>\n<\/div>\n\n\n\n<div class=\"wp-block-column is-layout-flow wp-block-column-is-layout-flow\" style=\"flex-basis:10%\">\n<p class=\"has-small-font-size\"><a href=\"https:\/\/alumar.de\/insektenschutz\/insektenschutz-drehrahmen-fuer-tueren\/\">Drehrahmen f\u00fcr T\u00fcren<\/a><\/p>\n<\/div>\n\n\n\n<div class=\"wp-block-column is-layout-flow wp-block-column-is-layout-flow\" style=\"flex-basis:10%\">\n<p class=\"has-small-font-size\"><a href=\"https:\/\/alumar.de\/insektenschutz\/drehrahmen-fuer-fenster\/\">Drehrahmen f\u00fcr Fenster<\/a><\/p>\n<\/div>\n\n\n\n<div class=\"wp-block-column is-layout-flow wp-block-column-is-layout-flow\" style=\"flex-basis:10%\">\n<p class=\"has-small-font-size\"><a href=\"https:\/\/alumar.de\/insektenschutz\/insektenschutz-pendelrahmen-fuer-tueren\/\">Pendelrahmen f\u00fcr T\u00fcren<\/a><\/p>\n<\/div>\n\n\n\n<div class=\"wp-block-column is-layout-flow wp-block-column-is-layout-flow\" style=\"flex-basis:10%\">\n<p class=\"has-small-font-size\"><a href=\"https:\/\/alumar.de\/insektenschutz\/insektenschutz-schieberahmen\/\">Schiebe\u00adrahmen<\/a><\/p>\n<\/div>\n\n\n\n<div class=\"wp-block-column is-layout-flow wp-block-column-is-layout-flow\" style=\"flex-basis:10%\">\n<p class=\"has-small-font-size\"><a href=\"https:\/\/alumar.de\/insektenschutz\/insektenschutz-lichtschachtabdeckungen\/\">Licht\u00adschacht\u00adabdeckungen<\/a><\/p>\n<\/div>\n\n\n\n<div class=\"wp-block-column is-layout-flow wp-block-column-is-layout-flow\" style=\"flex-basis:10%\">\n<p class=\"has-small-font-size\"><a href=\"https:\/\/alumar.de\/insektenschutz\/alumar-fussabstreifer\/\">Alumar Fu\u00dfabstreifer<\/a><\/p>\n<\/div>\n<\/div>\n\n\n\n<div class=\"wp-block-citadela-blocks-custom-container citadela-block-custom-container size-wide bg-type-none inside-space-none\"><div class=\"inner-holder\">\n<div class=\"wp-block-citadela-blocks-spacer citadela-block-spacer\"><div class=\"inner-holder\" style=\"padding-top:100px\"><\/div><\/div>\n\n\n\n<h2 class=\"wp-block-heading has-text-align-center has-text-color\" style=\"color:#82a2b5\"><strong>CLIP-ON ZIP-SCREEN SONNENSCHUTZ<\/strong><\/h2>\n\n\n\n<p class=\"has-text-align-center\"><\/p>\n\n\n\n<hr class=\"wp-block-separator has-text-color has-css-opacity has-background is-style-wide\" style=\"background-color:#82a2b5;color:#82a2b5\"\/>\n\n\n\n<p>Hitzeschutz im Geb\u00e4ude ist so wichtig wie noch nie \u2013 sowohl im Neubau als auch in der Sanierung gibt es noch hohes Ausbaupotential:<\/p>\n\n\n\n<p><em>\u201eGeb\u00e4ude in Deutschland werden noch nicht ausreichend auf den voranschreitenden Klimawandel ausgerichtet \u2013 weder bei Sanierungen noch beim Neubau. Daher drohen sie im Sommer zunehmend zu \u00fcberhitzen. Der Einsatz von Klimaanlagen ist naheliegend, w\u00fcrde jedoch zu einem massiven Anstieg des Energieverbrauchs f\u00fchren. Eine neue Studie des Ingenieurb\u00fcros Hauser (IBH) im Auftrag der Repr\u00e4sentanz Transparente Geb\u00e4udeh\u00fclle zeigt, dass verschiedene Sonnenschutzma\u00dfnahmen ein wirksames Mittel gegen die \u00dcberhitzung sind und den Energieverbrauch f\u00fcr Klimatisierung minimieren bzw. in vielen F\u00e4llen ganz vermeiden k\u00f6nnen.\u201c<\/em><br><em>Quelle: <\/em><a href=\"https:\/\/transparente-gebaeudehuelle.de\/presse\/studie-gebaeude-brauchen-sonnenschutz\"><em>https:\/\/transparente-gebaeudehuelle.de\/presse\/studie-gebaeude-brauchen-sonnenschutz<\/em><\/a><\/p>\n\n\n\n<p>Alumar m\u00f6chte seinen Teil dazu beitragen, die \u00dcberhitzung zu stoppen. Deshalb erhalten Sie ab sofort bei uns unseren neuen <strong>Clip-On Zip-Screen Sonnenschutz<\/strong>.<br><strong>Clip-On<\/strong> \u2013 die einfachste L\u00f6sung Sonnenschutz am Fenster zu installieren. Egal ob Neubau oder Renovierung.<br>Der <strong>Clip-On Zip-Screen<\/strong> l\u00e4sst sich einfach wie ein Spannrahmen am Fenster befestigen, ist dabei Solar betrieben und erfordert keinerlei Verkabelung.<\/p>\n\n\n\n<p>   <\/p>\n\n\n\n<div class=\"wp-block-columns is-layout-flex wp-container-core-columns-is-layout-9d6595d7 wp-block-columns-is-layout-flex\">\n<div class=\"wp-block-column is-layout-flow wp-block-column-is-layout-flow\">\n\n<\/div>\n\n\n\n<div class=\"wp-block-column is-layout-flow wp-block-column-is-layout-flow\">\n<p><strong>Die Produktvorteile:<\/strong><\/p>\n\n\n\n<ul class=\"wp-block-list\">\n<li>Auf Ma\u00df gefertigt<\/li>\n\n\n\n<li>In jeder Farbe m\u00f6glich<\/li>\n\n\n\n<li>Herausnehmbar zu Reinigungszwecken<\/li>\n\n\n\n<li>Mit und ohne Insektenschutz-Gaze<\/li>\n\n\n\n<li>Hunderte Stoffvarianten<\/li>\n\n\n\n<li>Hochwertige Optik<\/li>\n\n\n\n<li>Schnelle Montage<\/li>\n\n\n\n<li><strong>F\u00f6rderung f\u00fcr Endverbraucher m\u00f6glich!*<\/strong><\/li>\n<\/ul>\n\n\n\n<p>*Energieberater\/Effizienzexperte bei nachtr\u00e4glichem Einbau erforderlich. Im Zuge der Fenstersanierung gibt es eine vereinfachte F\u00f6rderung. Sprechen Sie uns hierzu an.<\/p>\n<\/div>\n<\/div>\n\n\n\n<div class=\"wp-block-columns is-layout-flex wp-container-core-columns-is-layout-9d6595d7 wp-block-columns-is-layout-flex\">\n<div class=\"wp-block-column is-layout-flow wp-block-column-is-layout-flow\">\n<p><strong>Webinar zur Einf\u00fchrung<\/strong><\/p>\n\n\n\n<p>Da uns die Einf\u00fchrung dieses Produktes sehr am Herzen liegt und wir m\u00f6chten, dass Sie schnellstm\u00f6glich Ergebnisse erzielen, veranstalten wir ein Webinar zur Einf\u00fchrung.<br>Wenn Sie daran Interesse haben, melden Sie sich bei uns!<br><br>Lassen Sie uns gemeinsam etwas gegen die Geb\u00e4ude\u00fcberhitzung tun.<\/p>\n\n\n\n<p><br><\/p>\n<\/div>\n<\/div>\n\n\n\n<div class=\"wp-block-columns is-layout-flex wp-container-core-columns-is-layout-9d6595d7 wp-block-columns-is-layout-flex\">\n<div class=\"wp-block-column is-layout-flow wp-block-column-is-layout-flow\">\n<div class=\"wp-block-citadela-blocks-service citadela-block-service main-holder layout-box header-type-icon has-bg standard\" style=\"background-color:#82a2b5\"><div class=\"service-header\"><div class=\"service-icon\"><a href=\"https:\/\/alumar.de\/insektenschutz\/wp-content\/uploads\/2023\/11\/Clip-On-Broschuere.pdf\"><i class=\"far fa-file-pdf\" style=\"color:#ffffff\"><\/i><\/a><\/div><\/div><div class=\"service-content\"><div class=\"service-content-wrap\"><a href=\"https:\/\/alumar.de\/insektenschutz\/wp-content\/uploads\/2023\/11\/Clip-On-Broschuere.pdf\"><h3 class=\"service-title\" style=\"color:#ffffff\">Brosch\u00fcre<\/h3><\/a><p class=\"service-description\" style=\"color:#ffffff\">Clip-On Zip-Screen Sonnenschutz<\/p><\/div><\/div><\/div>\n<\/div>\n\n\n\n<div class=\"wp-block-column is-layout-flow wp-block-column-is-layout-flow\">\n<div class=\"wp-block-citadela-blocks-service citadela-block-service main-holder layout-box header-type-icon has-bg standard\" style=\"background-color:#82a2b5\"><div class=\"service-header\"><div class=\"service-icon\"><a href=\"https:\/\/alumar.de\/insektenschutz\/kontakt\/\"><i class=\"fas fa-phone\" style=\"color:#ffffff\"><\/i><\/a><\/div><\/div><div class=\"service-content\"><div class=\"service-content-wrap\"><a href=\"https:\/\/alumar.de\/insektenschutz\/kontakt\/\"><h3 class=\"service-title\" style=\"color:#ffffff\">Kontakt<\/h3><\/a><p class=\"service-description\" style=\"color:#ffffff\">F\u00fcr weitere Informationen<\/p><\/div><\/div><\/div>\n<\/div>\n\n\n\n<div class=\"wp-block-column is-layout-flow wp-block-column-is-layout-flow\"><\/div>\n<\/div>\n\n\n\n<div class=\"wp-block-citadela-blocks-spacer citadela-block-spacer\"><div class=\"inner-holder\" style=\"padding-top:3vw\"><\/div><\/div>\n\n\n\n<div class=\"wp-block-cover alignfull is-light\" style=\"min-height:200px;aspect-ratio:unset;\"><span aria-hidden=\"true\" class=\"wp-block-cover__background has-background-dim-0 has-background-dim\"><\/span><img loading=\"lazy\" decoding=\"async\" width=\"2560\" height=\"170\" class=\"wp-block-cover__image-background wp-image-1123\" alt=\"\" src=\"https:\/\/alumar.de\/insektenschutz\/wp-content\/uploads\/2021\/11\/CTA_BG_Insektenschutzgitter.png\" data-object-fit=\"cover\" srcset=\"https:\/\/alumar.de\/insektenschutz\/wp-content\/uploads\/2021\/11\/CTA_BG_Insektenschutzgitter.png 2560w, https:\/\/alumar.de\/insektenschutz\/wp-content\/uploads\/2021\/11\/CTA_BG_Insektenschutzgitter-300x20.png 300w, https:\/\/alumar.de\/insektenschutz\/wp-content\/uploads\/2021\/11\/CTA_BG_Insektenschutzgitter-1024x68.png 1024w, https:\/\/alumar.de\/insektenschutz\/wp-content\/uploads\/2021\/11\/CTA_BG_Insektenschutzgitter-768x51.png 768w, https:\/\/alumar.de\/insektenschutz\/wp-content\/uploads\/2021\/11\/CTA_BG_Insektenschutzgitter-1536x102.png 1536w, https:\/\/alumar.de\/insektenschutz\/wp-content\/uploads\/2021\/11\/CTA_BG_Insektenschutzgitter-2048x136.png 2048w\" sizes=\"auto, (max-width: 2560px) 100vw, 2560px\" \/><div class=\"wp-block-cover__inner-container is-layout-flow wp-block-cover-is-layout-flow\">\n<div class=\"wp-block-columns is-layout-flex wp-container-core-columns-is-layout-9d6595d7 wp-block-columns-is-layout-flex\">\n<div class=\"wp-block-column is-layout-flow wp-block-column-is-layout-flow\">\n<h2 class=\"wp-block-heading has-large-font-size\">SIE W\u00dcNSCHEN EINE INDIVIDUELLE BERATUNG<\/h2>\n\n\n\n<h6 class=\"wp-block-heading has-normal-font-size\"> Kontaktieren Sie uns ganz einfach, wir helfen Ihnen gerne. <\/h6>\n\n\n\n<p><\/p>\n<\/div>\n\n\n\n<div class=\"wp-block-column is-layout-flow wp-block-column-is-layout-flow\"><\/div>\n\n\n\n<div class=\"wp-block-column is-layout-flow wp-block-column-is-layout-flow\">\n<center><i class=\"fa fa-phone IconPhone\"><\/i><\/center>\n\n\n\n<h2 class=\"wp-block-heading has-text-align-center has-large-font-size\">02161 46 34 70 0<\/h2>\n\n\n\n<hr class=\"wp-block-separator has-text-color has-css-opacity has-background aligncenter is-style-wide\" style=\"background-color:#1b5eaa;color:#1b5eaa\"\/>\n\n\n\n<p class=\"has-text-align-center has-white-color has-text-color\"><a href=\"mailto:mail@alumar.de\"><strong>E-Mail: mail@alumar.de<\/strong><\/a><\/p>\n<\/div>\n<\/div>\n<\/div><\/div>\n<\/div><\/div>\n\n\n","protected":false},"excerpt":{"rendered":"","protected":false},"author":4,"featured_media":0,"parent":0,"menu_order":0,"comment_status":"closed","ping_status":"closed","template":"","meta":{"_citadela_hide_page_title":"1","_citadela_remove_header_space":"1","_citadela_custom_class":"","footnotes":""},"class_list":["post-2222","page","type-page","status-publish","hentry"],"yoast_head":"<!-- This site is optimized with the Yoast SEO plugin v26.2 - https:\/\/yoast.com\/wordpress\/plugins\/seo\/ -->\n<title>Sicht-und Sonnenschutz Systeme | Alumar in M\u00f6nchengladbach<\/title>\n<meta name=\"description\" content=\"Sie m\u00f6chten sich vor Sonneneinstrahlung und unerw\u00fcnschten Blicken sch\u00fctzen und dabei gleichzeitig Ihren Raum aufwerten? Jetzt entdecken!\" \/>\n<meta name=\"robots\" content=\"index, follow, max-snippet:-1, max-image-preview:large, max-video-preview:-1\" \/>\n<link rel=\"canonical\" href=\"https:\/\/alumar.de\/insektenschutz\/clip-on-zip-screen-sonnenschutz\/\" \/>\n<meta property=\"og:locale\" content=\"de_DE\" \/>\n<meta property=\"og:type\" content=\"article\" \/>\n<meta property=\"og:title\" content=\"Sicht-und Sonnenschutz Systeme | Alumar in M\u00f6nchengladbach\" \/>\n<meta property=\"og:description\" content=\"Sie m\u00f6chten sich vor Sonneneinstrahlung und unerw\u00fcnschten Blicken sch\u00fctzen und dabei gleichzeitig Ihren Raum aufwerten? Jetzt entdecken!\" \/>\n<meta property=\"og:url\" content=\"https:\/\/alumar.de\/insektenschutz\/clip-on-zip-screen-sonnenschutz\/\" \/>\n<meta property=\"article:publisher\" content=\"https:\/\/www.facebook.com\/alumarinsektengitter\/\" \/>\n<meta property=\"article:modified_time\" content=\"2023-11-09T09:33:12+00:00\" \/>\n<meta property=\"og:image\" content=\"https:\/\/alumar.de\/insektenschutz\/wp-content\/uploads\/2021\/11\/CTA_BG_Insektenschutzgitter.png\" \/>\n<meta name=\"twitter:card\" content=\"summary_large_image\" \/>\n<meta name=\"twitter:label1\" content=\"Gesch\u00e4tzte Lesezeit\" \/>\n\t<meta name=\"twitter:data1\" content=\"3\u00a0Minuten\" \/>\n<script type=\"application\/ld+json\" class=\"yoast-schema-graph\">{\"@context\":\"https:\/\/schema.org\",\"@graph\":[{\"@type\":\"WebPage\",\"@id\":\"https:\/\/alumar.de\/insektenschutz\/clip-on-zip-screen-sonnenschutz\/\",\"url\":\"https:\/\/alumar.de\/insektenschutz\/clip-on-zip-screen-sonnenschutz\/\",\"name\":\"Sicht-und Sonnenschutz Systeme | Alumar in M\u00f6nchengladbach\",\"isPartOf\":{\"@id\":\"https:\/\/alumar.de\/insektenschutz\/#website\"},\"primaryImageOfPage\":{\"@id\":\"https:\/\/alumar.de\/insektenschutz\/clip-on-zip-screen-sonnenschutz\/#primaryimage\"},\"image\":{\"@id\":\"https:\/\/alumar.de\/insektenschutz\/clip-on-zip-screen-sonnenschutz\/#primaryimage\"},\"thumbnailUrl\":\"https:\/\/alumar.de\/insektenschutz\/wp-content\/uploads\/2021\/11\/CTA_BG_Insektenschutzgitter.png\",\"datePublished\":\"2023-11-08T12:57:01+00:00\",\"dateModified\":\"2023-11-09T09:33:12+00:00\",\"description\":\"Sie m\u00f6chten sich vor Sonneneinstrahlung und unerw\u00fcnschten Blicken sch\u00fctzen und dabei gleichzeitig Ihren Raum aufwerten? Jetzt entdecken!\",\"breadcrumb\":{\"@id\":\"https:\/\/alumar.de\/insektenschutz\/clip-on-zip-screen-sonnenschutz\/#breadcrumb\"},\"inLanguage\":\"de\",\"potentialAction\":[{\"@type\":\"ReadAction\",\"target\":[\"https:\/\/alumar.de\/insektenschutz\/clip-on-zip-screen-sonnenschutz\/\"]}]},{\"@type\":\"ImageObject\",\"inLanguage\":\"de\",\"@id\":\"https:\/\/alumar.de\/insektenschutz\/clip-on-zip-screen-sonnenschutz\/#primaryimage\",\"url\":\"https:\/\/alumar.de\/insektenschutz\/wp-content\/uploads\/2021\/11\/CTA_BG_Insektenschutzgitter.png\",\"contentUrl\":\"https:\/\/alumar.de\/insektenschutz\/wp-content\/uploads\/2021\/11\/CTA_BG_Insektenschutzgitter.png\",\"width\":2560,\"height\":170},{\"@type\":\"BreadcrumbList\",\"@id\":\"https:\/\/alumar.de\/insektenschutz\/clip-on-zip-screen-sonnenschutz\/#breadcrumb\",\"itemListElement\":[{\"@type\":\"ListItem\",\"position\":1,\"name\":\"Startseite\",\"item\":\"https:\/\/alumar.de\/insektenschutz\/\"},{\"@type\":\"ListItem\",\"position\":2,\"name\":\"Clip-On Zip-Screen Sonnenschutz\"}]},{\"@type\":\"WebSite\",\"@id\":\"https:\/\/alumar.de\/insektenschutz\/#website\",\"url\":\"https:\/\/alumar.de\/insektenschutz\/\",\"name\":\"\",\"description\":\"\",\"publisher\":{\"@id\":\"https:\/\/alumar.de\/insektenschutz\/#organization\"},\"potentialAction\":[{\"@type\":\"SearchAction\",\"target\":{\"@type\":\"EntryPoint\",\"urlTemplate\":\"https:\/\/alumar.de\/insektenschutz\/?s={search_term_string}\"},\"query-input\":{\"@type\":\"PropertyValueSpecification\",\"valueRequired\":true,\"valueName\":\"search_term_string\"}}],\"inLanguage\":\"de\"},{\"@type\":\"Organization\",\"@id\":\"https:\/\/alumar.de\/insektenschutz\/#organization\",\"name\":\"Alumar EK\",\"url\":\"https:\/\/alumar.de\/insektenschutz\/\",\"logo\":{\"@type\":\"ImageObject\",\"inLanguage\":\"de\",\"@id\":\"https:\/\/alumar.de\/insektenschutz\/#\/schema\/logo\/image\/\",\"url\":\"https:\/\/alumar.de\/insektenschutz\/wp-content\/uploads\/2021\/11\/Footer_logo.png\",\"contentUrl\":\"https:\/\/alumar.de\/insektenschutz\/wp-content\/uploads\/2021\/11\/Footer_logo.png\",\"width\":574,\"height\":384,\"caption\":\"Alumar EK\"},\"image\":{\"@id\":\"https:\/\/alumar.de\/insektenschutz\/#\/schema\/logo\/image\/\"},\"sameAs\":[\"https:\/\/www.facebook.com\/alumarinsektengitter\/\",\"https:\/\/www.instagram.com\/alumar_insektengitter\/\"]}]}<\/script>\n<!-- \/ Yoast SEO plugin. -->","yoast_head_json":{"title":"Sicht-und Sonnenschutz Systeme | Alumar in M\u00f6nchengladbach","description":"Sie m\u00f6chten sich vor Sonneneinstrahlung und unerw\u00fcnschten Blicken sch\u00fctzen und dabei gleichzeitig Ihren Raum aufwerten? Jetzt entdecken!","robots":{"index":"index","follow":"follow","max-snippet":"max-snippet:-1","max-image-preview":"max-image-preview:large","max-video-preview":"max-video-preview:-1"},"canonical":"https:\/\/alumar.de\/insektenschutz\/clip-on-zip-screen-sonnenschutz\/","og_locale":"de_DE","og_type":"article","og_title":"Sicht-und Sonnenschutz Systeme | Alumar in M\u00f6nchengladbach","og_description":"Sie m\u00f6chten sich vor Sonneneinstrahlung und unerw\u00fcnschten Blicken sch\u00fctzen und dabei gleichzeitig Ihren Raum aufwerten? Jetzt entdecken!","og_url":"https:\/\/alumar.de\/insektenschutz\/clip-on-zip-screen-sonnenschutz\/","article_publisher":"https:\/\/www.facebook.com\/alumarinsektengitter\/","article_modified_time":"2023-11-09T09:33:12+00:00","og_image":[{"url":"https:\/\/alumar.de\/insektenschutz\/wp-content\/uploads\/2021\/11\/CTA_BG_Insektenschutzgitter.png","type":"","width":"","height":""}],"twitter_card":"summary_large_image","twitter_misc":{"Gesch\u00e4tzte Lesezeit":"3\u00a0Minuten"},"schema":{"@context":"https:\/\/schema.org","@graph":[{"@type":"WebPage","@id":"https:\/\/alumar.de\/insektenschutz\/clip-on-zip-screen-sonnenschutz\/","url":"https:\/\/alumar.de\/insektenschutz\/clip-on-zip-screen-sonnenschutz\/","name":"Sicht-und Sonnenschutz Systeme | Alumar in M\u00f6nchengladbach","isPartOf":{"@id":"https:\/\/alumar.de\/insektenschutz\/#website"},"primaryImageOfPage":{"@id":"https:\/\/alumar.de\/insektenschutz\/clip-on-zip-screen-sonnenschutz\/#primaryimage"},"image":{"@id":"https:\/\/alumar.de\/insektenschutz\/clip-on-zip-screen-sonnenschutz\/#primaryimage"},"thumbnailUrl":"https:\/\/alumar.de\/insektenschutz\/wp-content\/uploads\/2021\/11\/CTA_BG_Insektenschutzgitter.png","datePublished":"2023-11-08T12:57:01+00:00","dateModified":"2023-11-09T09:33:12+00:00","description":"Sie m\u00f6chten sich vor Sonneneinstrahlung und unerw\u00fcnschten Blicken sch\u00fctzen und dabei gleichzeitig Ihren Raum aufwerten? Jetzt entdecken!","breadcrumb":{"@id":"https:\/\/alumar.de\/insektenschutz\/clip-on-zip-screen-sonnenschutz\/#breadcrumb"},"inLanguage":"de","potentialAction":[{"@type":"ReadAction","target":["https:\/\/alumar.de\/insektenschutz\/clip-on-zip-screen-sonnenschutz\/"]}]},{"@type":"ImageObject","inLanguage":"de","@id":"https:\/\/alumar.de\/insektenschutz\/clip-on-zip-screen-sonnenschutz\/#primaryimage","url":"https:\/\/alumar.de\/insektenschutz\/wp-content\/uploads\/2021\/11\/CTA_BG_Insektenschutzgitter.png","contentUrl":"https:\/\/alumar.de\/insektenschutz\/wp-content\/uploads\/2021\/11\/CTA_BG_Insektenschutzgitter.png","width":2560,"height":170},{"@type":"BreadcrumbList","@id":"https:\/\/alumar.de\/insektenschutz\/clip-on-zip-screen-sonnenschutz\/#breadcrumb","itemListElement":[{"@type":"ListItem","position":1,"name":"Startseite","item":"https:\/\/alumar.de\/insektenschutz\/"},{"@type":"ListItem","position":2,"name":"Clip-On Zip-Screen Sonnenschutz"}]},{"@type":"WebSite","@id":"https:\/\/alumar.de\/insektenschutz\/#website","url":"https:\/\/alumar.de\/insektenschutz\/","name":"","description":"","publisher":{"@id":"https:\/\/alumar.de\/insektenschutz\/#organization"},"potentialAction":[{"@type":"SearchAction","target":{"@type":"EntryPoint","urlTemplate":"https:\/\/alumar.de\/insektenschutz\/?s={search_term_string}"},"query-input":{"@type":"PropertyValueSpecification","valueRequired":true,"valueName":"search_term_string"}}],"inLanguage":"de"},{"@type":"Organization","@id":"https:\/\/alumar.de\/insektenschutz\/#organization","name":"Alumar EK","url":"https:\/\/alumar.de\/insektenschutz\/","logo":{"@type":"ImageObject","inLanguage":"de","@id":"https:\/\/alumar.de\/insektenschutz\/#\/schema\/logo\/image\/","url":"https:\/\/alumar.de\/insektenschutz\/wp-content\/uploads\/2021\/11\/Footer_logo.png","contentUrl":"https:\/\/alumar.de\/insektenschutz\/wp-content\/uploads\/2021\/11\/Footer_logo.png","width":574,"height":384,"caption":"Alumar EK"},"image":{"@id":"https:\/\/alumar.de\/insektenschutz\/#\/schema\/logo\/image\/"},"sameAs":["https:\/\/www.facebook.com\/alumarinsektengitter\/","https:\/\/www.instagram.com\/alumar_insektengitter\/"]}]}},"_links":{"self":[{"href":"https:\/\/alumar.de\/insektenschutz\/wp-json\/wp\/v2\/pages\/2222","targetHints":{"allow":["GET"]}}],"collection":[{"href":"https:\/\/alumar.de\/insektenschutz\/wp-json\/wp\/v2\/pages"}],"about":[{"href":"https:\/\/alumar.de\/insektenschutz\/wp-json\/wp\/v2\/types\/page"}],"author":[{"embeddable":true,"href":"https:\/\/alumar.de\/insektenschutz\/wp-json\/wp\/v2\/users\/4"}],"replies":[{"embeddable":true,"href":"https:\/\/alumar.de\/insektenschutz\/wp-json\/wp\/v2\/comments?post=2222"}],"version-history":[{"count":8,"href":"https:\/\/alumar.de\/insektenschutz\/wp-json\/wp\/v2\/pages\/2222\/revisions"}],"predecessor-version":[{"id":2246,"href":"https:\/\/alumar.de\/insektenschutz\/wp-json\/wp\/v2\/pages\/2222\/revisions\/2246"}],"wp:attachment":[{"href":"https:\/\/alumar.de\/insektenschutz\/wp-json\/wp\/v2\/media?parent=2222"}],"curies":[{"name":"wp","href":"https:\/\/api.w.org\/{rel}","templated":true}]}}