{"id":2467,"date":"2025-08-27T15:50:57","date_gmt":"2025-08-27T13:50:57","guid":{"rendered":"https:\/\/alumar.de\/insektenschutz\/?page_id=2467"},"modified":"2025-09-18T17:07:09","modified_gmt":"2025-09-18T15:07:09","slug":"ausbildung-zur-fachkraft-fuer-metalltechnik-m-w-d","status":"publish","type":"page","link":"https:\/\/alumar.de\/insektenschutz\/ausbildung-zur-fachkraft-fuer-metalltechnik-m-w-d\/","title":{"rendered":"Ausbildung zur Fachkraft f\u00fcr Metalltechnik  (M\/W\/D)"},"content":{"rendered":"\n<div class=\"wp-block-citadela-blocks-custom-container citadela-block-custom-container size-fullwidth bg-type-image inside-space-none bg-size-cover has-overlay has-min-height vertical-align-top\" style=\"min-height:420px\"><div class=\"bg-image-wrapper\" style=\"background-image:url(https:\/\/alumar.de\/insektenschutz\/wp-content\/uploads\/2023\/01\/Ausbildung-zur-Fachkraft-fuer-Metalltechnik.jpeg);background-repeat:no-repeat;background-position:54% 46%\"><\/div><div class=\"bg-image-overlay\" style=\"background-color:#82a2b5;opacity:0.4\"><\/div><div class=\"inner-holder\">\n<div class=\"wp-block-group\"><div class=\"wp-block-group__inner-container is-layout-flow wp-block-group-is-layout-flow\">\n<div style=\"height:80px\" aria-hidden=\"true\" class=\"wp-block-spacer\"><\/div>\n\n\n\n<h1 class=\"wp-block-heading has-text-align-center has-white-color has-text-color\">AUSBILDUNG ZUR FACHKRAFT F\u00dcR METALLTECHNIK \u2013 SCHWERPUNKT MONTAGETECHNIK (M\/W\/D)<\/h1>\n<\/div><\/div>\n\n\n\n<div class=\"wp-block-citadela-blocks-spacer citadela-block-spacer\"><div class=\"inner-holder\" style=\"padding-top:5vw\"><\/div><\/div>\n<\/div><\/div>\n\n\n\n<div style=\"height:60px\" aria-hidden=\"true\" class=\"wp-block-spacer\"><\/div>\n\n\n\n<h2 class=\"wp-block-heading has-text-color\" style=\"color:#82a2b5\">AUSBILDUNG ZUR FACHKRAFT F\u00dcR METALLTECHNIK <br>\u2013 SCHWERPUNKT MONTAGETECHNIK (M\/W\/D)<\/h2>\n\n\n\n<p><strong>Wir suchen ab August 2026 einen Auszubildenden zur Fachkraft f\u00fcr Metalltechnik \u2013 Schwerpunkt Montagetechnik (M\/W\/D) f\u00fcr unsere Produktion in Viersen.<\/strong><\/p>\n\n\n\n<p>Wir bieten dir spannende Einsatzm\u00f6glichkeiten in unserem jungen, aufstrebenden Unternehmen im Bereich der Produktion von hochwertigen Insektenschutzelementen.<\/p>\n\n\n\n<p><strong>Wir bieten dir:<\/strong><\/p>\n\n\n\n<p><strong>\u2713 <\/strong>Angenehme Arbeitszeiten (keine Sp\u00e4t \/ Nachtschichten)<br><strong>\u2713 <\/strong>Einarbeitung f\u00fcr einen optimalen Start<br><strong>\u2713 <\/strong>Interessante und abwechslungsreiche T\u00e4tigkeit<br><strong>\u2713 <\/strong>Kollegiales und famili\u00e4res Arbeitsklima<br><strong>\u2713 <\/strong>Kalt- und Hei\u00dfgetr\u00e4nke f\u00fcr die Mitarbeiter sind f\u00fcr uns eine Selbstverst\u00e4ndlichkeit<br><strong>\u2713 <\/strong>Betriebliche Krankenzusatzversicherung<br><strong>\u2713 <\/strong>Verm\u00f6genswirksame Leistungen<br><strong>\u2713 <\/strong>Die M\u00f6glichkeit der \u00dcbernahme nach der Ausbildung<\/p>\n\n\n\n<p><strong>Dein Aufgabenbereich:<\/strong><\/p>\n\n\n\n<p><strong>\u2713 <\/strong>Bespannung der Rahmenelemente<br><strong>\u2713 <\/strong>Abkleben der Profile<br><strong>\u2713 <\/strong>Verpacken der Elemente<br><strong>\u2713 <\/strong>Anbringung der Garantiesticker und Logo-Aufkleber<br><strong>\u2713 <\/strong>bei div. Elementen Anbringung der Griffe<br><strong>\u2713 <\/strong>Zubeh\u00f6r zusammenstellen und \u00fcbergeben<br><strong>\u2713 <\/strong>Bau und Pressen von Elementen<br><strong>\u2713 <\/strong>Bau von Sonderelementen<br><strong>\u2713 <\/strong>\u00dcbergabe der Elemente an n\u00e4chste Station<br><strong>\u2713 <\/strong>Qualit\u00e4tssicherung<br><strong>\u2713 <\/strong>\u00dcberwachung Lagerbest\u00e4nde<br><strong>\u2713 <\/strong>Meldung von Verbesserungsvorschl\u00e4gen<\/p>\n\n\n\n<p><strong>Verantwortlichkeiten:<\/strong><\/p>\n\n\n\n<p><strong>\u2713 <\/strong>Fristgerechte Meldung von Engp\u00e4ssen<br><strong>\u2713 <\/strong>Gewissenhafte Arbeitsweise f\u00fcr Qualit\u00e4t<br><strong>\u2713 <\/strong>Herausforderungen an Vorgesetzten melden<br><strong>\u2713 <\/strong>Einhaltung der vorgegebenen Produktionsreihenfolge<br><strong>\u2713 <\/strong>Viele Fragen stellen<\/p>\n\n\n\n<p><strong>Rechte und Pflichten:<\/strong><\/p>\n\n\n\n<p><strong>\u2713 <\/strong>\u00dcbernahme von Verantwortung im eigenen Produktionsbereich<\/p>\n\n\n\n<p><strong>Qualifikationen:<\/strong><\/p>\n\n\n\n<p><strong>\u2713 <\/strong>Ausgepr\u00e4gte Probleml\u00f6sef\u00e4higkeit (besser Problemvermeidungsf\u00e4higkeit)<br><strong>\u2713 <\/strong>Handwerkliches Geschick<br><strong>\u2713 <\/strong>Herausforderungen annehmen<br><strong>\u2713 <\/strong>Qualit\u00e4tsbewusstsein<br><strong>\u2713 <\/strong>Teamgeist, Engagement, Kreativit\u00e4t und Eigeninitiative<br><strong>\u2713 <\/strong>sicheres und gepflegtes Auftreten<\/p>\n\n\n\n<p>Die Ausbildung geht \u00fcber 2 Jahre.<\/p>\n\n\n\n<p><strong>Wir haben dein Interesse geweckt?<\/strong><\/p>\n\n\n\n<p>Dann sende deine Bewerbungsunterlagen an unseren Gesch\u00e4ftsf\u00fchrer Herrn Robin Titzkus <a href=\"mailto:r.titzkus@alumar.de\">r.titzkus@alumar.de<\/a> .<\/p>\n\n\n\n<p>Wir freuen uns von dir zu h\u00f6ren.<\/p>\n\n\n\n<p>Alumar Insekten- und Sonnenschutz GmbH &amp; Co. KG<br>Technologiering 25<br>41751 Viersen<\/p>\n\n\n\n<div style=\"height:100px\" aria-hidden=\"true\" class=\"wp-block-spacer\"><\/div>\n\n\n\n<div class=\"wp-block-cover alignfull is-light\" style=\"min-height:200px;aspect-ratio:unset;\"><img loading=\"lazy\" decoding=\"async\" width=\"2560\" height=\"170\" class=\"wp-block-cover__image-background wp-image-1123\" alt=\"\" src=\"https:\/\/alumar.de\/insektenschutz\/wp-content\/uploads\/2021\/11\/CTA_BG_Insektenschutzgitter.png\" data-object-fit=\"cover\" srcset=\"https:\/\/alumar.de\/insektenschutz\/wp-content\/uploads\/2021\/11\/CTA_BG_Insektenschutzgitter.png 2560w, https:\/\/alumar.de\/insektenschutz\/wp-content\/uploads\/2021\/11\/CTA_BG_Insektenschutzgitter-300x20.png 300w, https:\/\/alumar.de\/insektenschutz\/wp-content\/uploads\/2021\/11\/CTA_BG_Insektenschutzgitter-1024x68.png 1024w, https:\/\/alumar.de\/insektenschutz\/wp-content\/uploads\/2021\/11\/CTA_BG_Insektenschutzgitter-768x51.png 768w, https:\/\/alumar.de\/insektenschutz\/wp-content\/uploads\/2021\/11\/CTA_BG_Insektenschutzgitter-1536x102.png 1536w, https:\/\/alumar.de\/insektenschutz\/wp-content\/uploads\/2021\/11\/CTA_BG_Insektenschutzgitter-2048x136.png 2048w\" sizes=\"auto, (max-width: 2560px) 100vw, 2560px\" \/><span aria-hidden=\"true\" class=\"wp-block-cover__background has-background-dim-0 has-background-dim\"><\/span><div class=\"wp-block-cover__inner-container is-layout-flow wp-block-cover-is-layout-flow\">\n<div class=\"wp-block-columns is-layout-flex wp-container-core-columns-is-layout-9d6595d7 wp-block-columns-is-layout-flex\">\n<div class=\"wp-block-column is-layout-flow wp-block-column-is-layout-flow\">\n<h2 class=\"wp-block-heading has-large-font-size\">SIE W\u00dcNSCHEN EINE INDIVIDUELLE BERATUNG<\/h2>\n\n\n\n<h6 class=\"wp-block-heading has-normal-font-size\"> Kontaktieren Sie uns ganz einfach, wir helfen Ihnen gerne. <\/h6>\n\n\n\n<p><\/p>\n<\/div>\n\n\n\n<div class=\"wp-block-column is-layout-flow wp-block-column-is-layout-flow\"><\/div>\n\n\n\n<div class=\"wp-block-column is-layout-flow wp-block-column-is-layout-flow\">\n<center><i class=\"fa fa-phone IconPhone\"><\/i><\/center>\n\n\n\n<h2 class=\"wp-block-heading has-text-align-center has-large-font-size\">02161 46 34 70 0<\/h2>\n\n\n\n<hr class=\"wp-block-separator has-text-color has-css-opacity has-background aligncenter is-style-wide\" style=\"background-color:#1b5eaa;color:#1b5eaa\"\/>\n\n\n\n<p class=\"has-text-align-center has-white-color has-text-color\"><a href=\"mailto:mail@alumar.de\"><strong>E-Mail: mail@alumar.de<\/strong><\/a><\/p>\n<\/div>\n<\/div>\n<\/div><\/div>\n","protected":false},"excerpt":{"rendered":"<p>AUSBILDUNG ZUR FACHKRAFT F\u00dcR METALLTECHNIK \u2013 SCHWERPUNKT MONTAGETECHNIK (M\/W\/D) Wir suchen ab August 2026 einen Auszubildenden zur Fachkraft f\u00fcr Metalltechnik \u2013 Schwerpunkt Montagetechnik (M\/W\/D) f\u00fcr unsere Produktion in Viersen. Wir bieten dir spannende Einsatzm\u00f6glichkeiten in unserem jungen, aufstrebenden Unternehmen im Bereich der Produktion von hochwertigen Insektenschutzelementen. Wir bieten dir: \u2713 Angenehme Arbeitszeiten (keine Sp\u00e4t \/ [&hellip;]<\/p>\n","protected":false},"author":4,"featured_media":0,"parent":0,"menu_order":0,"comment_status":"closed","ping_status":"closed","template":"","meta":{"_citadela_hide_page_title":"1","_citadela_remove_header_space":"1","_citadela_custom_class":"","_citadela_half_map_provider":"","_citadela_half_map_theme":"","_citadela_half_map_themeOSM":"","_citadela_half_map_customTheme":"","_citadela_half_map_dataType":"","_citadela_half_map_dynamicTrack":false,"_citadela_half_map_trackColor":"","_citadela_half_map_trackEndpointsColor":"","_citadela_half_map_filterCategory":"","_citadela_half_map_filterLocation":"","_citadela_half_map_filterFeatured":false,"_citadela_half_map_noDataBehavior":"empty-map","_citadela_half_map_noDataText":"","_citadela_half_map_clusterGridSize":80,"_citadela_header":false,"_citadela_header_over_content":false,"_citadela_header_text_color":"","_citadela_header_logo":[],"_citadela_header_bg_image":[],"_citadela_header_bg_position":{"x":0.5,"y":0.5},"_citadela_header_bg_size":"cover","_citadela_header_bg_repeat":"no-repeat","_citadela_header_bg_fixed":false,"_citadela_header_bg_color":"","_citadela_header_bg_image_overlay":"","_citadela_header_transparent_bg":false,"_citadela_content_width":"","_citadela_half_layout_position":"","footnotes":""},"class_list":["post-2467","page","type-page","status-publish","hentry"],"yoast_head":"<!-- This site is optimized with the Yoast SEO plugin v26.2 - https:\/\/yoast.com\/wordpress\/plugins\/seo\/ -->\n<title>Ausbildung zur Fachkraft f\u00fcr Metalltechnik<\/title>\n<meta name=\"description\" content=\"Starte jetzt Deine Ausbildung zur Fachkraft f\u00fcr Metalltechnik bei Alumar in Krefeld! Wir freuen uns darauf, Dich kennenzulernen.\" \/>\n<meta name=\"robots\" content=\"index, follow, max-snippet:-1, max-image-preview:large, max-video-preview:-1\" \/>\n<link rel=\"canonical\" href=\"https:\/\/alumar.de\/insektenschutz\/ausbildung-zur-fachkraft-fuer-metalltechnik-m-w-d\/\" \/>\n<meta property=\"og:locale\" content=\"de_DE\" \/>\n<meta property=\"og:type\" content=\"article\" \/>\n<meta property=\"og:title\" content=\"Ausbildung zur Fachkraft f\u00fcr Metalltechnik\" \/>\n<meta property=\"og:description\" content=\"Starte jetzt Deine Ausbildung zur Fachkraft f\u00fcr Metalltechnik bei Alumar in Krefeld! Wir freuen uns darauf, Dich kennenzulernen.\" \/>\n<meta property=\"og:url\" content=\"https:\/\/alumar.de\/insektenschutz\/ausbildung-zur-fachkraft-fuer-metalltechnik-m-w-d\/\" \/>\n<meta property=\"article:publisher\" content=\"https:\/\/www.facebook.com\/alumarinsektengitter\/\" \/>\n<meta property=\"article:modified_time\" content=\"2025-09-18T15:07:09+00:00\" \/>\n<meta property=\"og:image\" content=\"https:\/\/alumar.de\/insektenschutz\/wp-content\/uploads\/2021\/11\/CTA_BG_Insektenschutzgitter.png\" \/>\n\t<meta property=\"og:image:width\" content=\"2560\" \/>\n\t<meta property=\"og:image:height\" content=\"170\" \/>\n\t<meta property=\"og:image:type\" content=\"image\/png\" \/>\n<meta name=\"twitter:card\" content=\"summary_large_image\" \/>\n<meta name=\"twitter:label1\" content=\"Gesch\u00e4tzte Lesezeit\" \/>\n\t<meta name=\"twitter:data1\" content=\"2\u00a0Minuten\" \/>\n<script type=\"application\/ld+json\" class=\"yoast-schema-graph\">{\"@context\":\"https:\/\/schema.org\",\"@graph\":[{\"@type\":\"WebPage\",\"@id\":\"https:\/\/alumar.de\/insektenschutz\/ausbildung-zur-fachkraft-fuer-metalltechnik-m-w-d\/\",\"url\":\"https:\/\/alumar.de\/insektenschutz\/ausbildung-zur-fachkraft-fuer-metalltechnik-m-w-d\/\",\"name\":\"Ausbildung zur Fachkraft f\u00fcr Metalltechnik\",\"isPartOf\":{\"@id\":\"https:\/\/alumar.de\/insektenschutz\/#website\"},\"primaryImageOfPage\":{\"@id\":\"https:\/\/alumar.de\/insektenschutz\/ausbildung-zur-fachkraft-fuer-metalltechnik-m-w-d\/#primaryimage\"},\"image\":{\"@id\":\"https:\/\/alumar.de\/insektenschutz\/ausbildung-zur-fachkraft-fuer-metalltechnik-m-w-d\/#primaryimage\"},\"thumbnailUrl\":\"https:\/\/alumar.de\/insektenschutz\/wp-content\/uploads\/2021\/11\/CTA_BG_Insektenschutzgitter.png\",\"datePublished\":\"2025-08-27T13:50:57+00:00\",\"dateModified\":\"2025-09-18T15:07:09+00:00\",\"description\":\"Starte jetzt Deine Ausbildung zur Fachkraft f\u00fcr Metalltechnik bei Alumar in Krefeld! Wir freuen uns darauf, Dich kennenzulernen.\",\"breadcrumb\":{\"@id\":\"https:\/\/alumar.de\/insektenschutz\/ausbildung-zur-fachkraft-fuer-metalltechnik-m-w-d\/#breadcrumb\"},\"inLanguage\":\"de\",\"potentialAction\":[{\"@type\":\"ReadAction\",\"target\":[\"https:\/\/alumar.de\/insektenschutz\/ausbildung-zur-fachkraft-fuer-metalltechnik-m-w-d\/\"]}]},{\"@type\":\"ImageObject\",\"inLanguage\":\"de\",\"@id\":\"https:\/\/alumar.de\/insektenschutz\/ausbildung-zur-fachkraft-fuer-metalltechnik-m-w-d\/#primaryimage\",\"url\":\"https:\/\/alumar.de\/insektenschutz\/wp-content\/uploads\/2021\/11\/CTA_BG_Insektenschutzgitter.png\",\"contentUrl\":\"https:\/\/alumar.de\/insektenschutz\/wp-content\/uploads\/2021\/11\/CTA_BG_Insektenschutzgitter.png\",\"width\":2560,\"height\":170},{\"@type\":\"BreadcrumbList\",\"@id\":\"https:\/\/alumar.de\/insektenschutz\/ausbildung-zur-fachkraft-fuer-metalltechnik-m-w-d\/#breadcrumb\",\"itemListElement\":[{\"@type\":\"ListItem\",\"position\":1,\"name\":\"Startseite\",\"item\":\"https:\/\/alumar.de\/insektenschutz\/\"},{\"@type\":\"ListItem\",\"position\":2,\"name\":\"Ausbildung zur Fachkraft f\u00fcr Metalltechnik (M\/W\/D)\"}]},{\"@type\":\"WebSite\",\"@id\":\"https:\/\/alumar.de\/insektenschutz\/#website\",\"url\":\"https:\/\/alumar.de\/insektenschutz\/\",\"name\":\"\",\"description\":\"\",\"publisher\":{\"@id\":\"https:\/\/alumar.de\/insektenschutz\/#organization\"},\"potentialAction\":[{\"@type\":\"SearchAction\",\"target\":{\"@type\":\"EntryPoint\",\"urlTemplate\":\"https:\/\/alumar.de\/insektenschutz\/?s={search_term_string}\"},\"query-input\":{\"@type\":\"PropertyValueSpecification\",\"valueRequired\":true,\"valueName\":\"search_term_string\"}}],\"inLanguage\":\"de\"},{\"@type\":\"Organization\",\"@id\":\"https:\/\/alumar.de\/insektenschutz\/#organization\",\"name\":\"Alumar EK\",\"url\":\"https:\/\/alumar.de\/insektenschutz\/\",\"logo\":{\"@type\":\"ImageObject\",\"inLanguage\":\"de\",\"@id\":\"https:\/\/alumar.de\/insektenschutz\/#\/schema\/logo\/image\/\",\"url\":\"https:\/\/alumar.de\/insektenschutz\/wp-content\/uploads\/2021\/11\/Footer_logo.png\",\"contentUrl\":\"https:\/\/alumar.de\/insektenschutz\/wp-content\/uploads\/2021\/11\/Footer_logo.png\",\"width\":574,\"height\":384,\"caption\":\"Alumar EK\"},\"image\":{\"@id\":\"https:\/\/alumar.de\/insektenschutz\/#\/schema\/logo\/image\/\"},\"sameAs\":[\"https:\/\/www.facebook.com\/alumarinsektengitter\/\",\"https:\/\/www.instagram.com\/alumar_insektengitter\/\"]}]}<\/script>\n<!-- \/ Yoast SEO plugin. -->","yoast_head_json":{"title":"Ausbildung zur Fachkraft f\u00fcr Metalltechnik","description":"Starte jetzt Deine Ausbildung zur Fachkraft f\u00fcr Metalltechnik bei Alumar in Krefeld! Wir freuen uns darauf, Dich kennenzulernen.","robots":{"index":"index","follow":"follow","max-snippet":"max-snippet:-1","max-image-preview":"max-image-preview:large","max-video-preview":"max-video-preview:-1"},"canonical":"https:\/\/alumar.de\/insektenschutz\/ausbildung-zur-fachkraft-fuer-metalltechnik-m-w-d\/","og_locale":"de_DE","og_type":"article","og_title":"Ausbildung zur Fachkraft f\u00fcr Metalltechnik","og_description":"Starte jetzt Deine Ausbildung zur Fachkraft f\u00fcr Metalltechnik bei Alumar in Krefeld! Wir freuen uns darauf, Dich kennenzulernen.","og_url":"https:\/\/alumar.de\/insektenschutz\/ausbildung-zur-fachkraft-fuer-metalltechnik-m-w-d\/","article_publisher":"https:\/\/www.facebook.com\/alumarinsektengitter\/","article_modified_time":"2025-09-18T15:07:09+00:00","og_image":[{"width":2560,"height":170,"url":"https:\/\/alumar.de\/insektenschutz\/wp-content\/uploads\/2021\/11\/CTA_BG_Insektenschutzgitter.png","type":"image\/png"}],"twitter_card":"summary_large_image","twitter_misc":{"Gesch\u00e4tzte Lesezeit":"2\u00a0Minuten"},"schema":{"@context":"https:\/\/schema.org","@graph":[{"@type":"WebPage","@id":"https:\/\/alumar.de\/insektenschutz\/ausbildung-zur-fachkraft-fuer-metalltechnik-m-w-d\/","url":"https:\/\/alumar.de\/insektenschutz\/ausbildung-zur-fachkraft-fuer-metalltechnik-m-w-d\/","name":"Ausbildung zur Fachkraft f\u00fcr Metalltechnik","isPartOf":{"@id":"https:\/\/alumar.de\/insektenschutz\/#website"},"primaryImageOfPage":{"@id":"https:\/\/alumar.de\/insektenschutz\/ausbildung-zur-fachkraft-fuer-metalltechnik-m-w-d\/#primaryimage"},"image":{"@id":"https:\/\/alumar.de\/insektenschutz\/ausbildung-zur-fachkraft-fuer-metalltechnik-m-w-d\/#primaryimage"},"thumbnailUrl":"https:\/\/alumar.de\/insektenschutz\/wp-content\/uploads\/2021\/11\/CTA_BG_Insektenschutzgitter.png","datePublished":"2025-08-27T13:50:57+00:00","dateModified":"2025-09-18T15:07:09+00:00","description":"Starte jetzt Deine Ausbildung zur Fachkraft f\u00fcr Metalltechnik bei Alumar in Krefeld! Wir freuen uns darauf, Dich kennenzulernen.","breadcrumb":{"@id":"https:\/\/alumar.de\/insektenschutz\/ausbildung-zur-fachkraft-fuer-metalltechnik-m-w-d\/#breadcrumb"},"inLanguage":"de","potentialAction":[{"@type":"ReadAction","target":["https:\/\/alumar.de\/insektenschutz\/ausbildung-zur-fachkraft-fuer-metalltechnik-m-w-d\/"]}]},{"@type":"ImageObject","inLanguage":"de","@id":"https:\/\/alumar.de\/insektenschutz\/ausbildung-zur-fachkraft-fuer-metalltechnik-m-w-d\/#primaryimage","url":"https:\/\/alumar.de\/insektenschutz\/wp-content\/uploads\/2021\/11\/CTA_BG_Insektenschutzgitter.png","contentUrl":"https:\/\/alumar.de\/insektenschutz\/wp-content\/uploads\/2021\/11\/CTA_BG_Insektenschutzgitter.png","width":2560,"height":170},{"@type":"BreadcrumbList","@id":"https:\/\/alumar.de\/insektenschutz\/ausbildung-zur-fachkraft-fuer-metalltechnik-m-w-d\/#breadcrumb","itemListElement":[{"@type":"ListItem","position":1,"name":"Startseite","item":"https:\/\/alumar.de\/insektenschutz\/"},{"@type":"ListItem","position":2,"name":"Ausbildung zur Fachkraft f\u00fcr Metalltechnik (M\/W\/D)"}]},{"@type":"WebSite","@id":"https:\/\/alumar.de\/insektenschutz\/#website","url":"https:\/\/alumar.de\/insektenschutz\/","name":"","description":"","publisher":{"@id":"https:\/\/alumar.de\/insektenschutz\/#organization"},"potentialAction":[{"@type":"SearchAction","target":{"@type":"EntryPoint","urlTemplate":"https:\/\/alumar.de\/insektenschutz\/?s={search_term_string}"},"query-input":{"@type":"PropertyValueSpecification","valueRequired":true,"valueName":"search_term_string"}}],"inLanguage":"de"},{"@type":"Organization","@id":"https:\/\/alumar.de\/insektenschutz\/#organization","name":"Alumar EK","url":"https:\/\/alumar.de\/insektenschutz\/","logo":{"@type":"ImageObject","inLanguage":"de","@id":"https:\/\/alumar.de\/insektenschutz\/#\/schema\/logo\/image\/","url":"https:\/\/alumar.de\/insektenschutz\/wp-content\/uploads\/2021\/11\/Footer_logo.png","contentUrl":"https:\/\/alumar.de\/insektenschutz\/wp-content\/uploads\/2021\/11\/Footer_logo.png","width":574,"height":384,"caption":"Alumar EK"},"image":{"@id":"https:\/\/alumar.de\/insektenschutz\/#\/schema\/logo\/image\/"},"sameAs":["https:\/\/www.facebook.com\/alumarinsektengitter\/","https:\/\/www.instagram.com\/alumar_insektengitter\/"]}]}},"_links":{"self":[{"href":"https:\/\/alumar.de\/insektenschutz\/wp-json\/wp\/v2\/pages\/2467","targetHints":{"allow":["GET"]}}],"collection":[{"href":"https:\/\/alumar.de\/insektenschutz\/wp-json\/wp\/v2\/pages"}],"about":[{"href":"https:\/\/alumar.de\/insektenschutz\/wp-json\/wp\/v2\/types\/page"}],"author":[{"embeddable":true,"href":"https:\/\/alumar.de\/insektenschutz\/wp-json\/wp\/v2\/users\/4"}],"replies":[{"embeddable":true,"href":"https:\/\/alumar.de\/insektenschutz\/wp-json\/wp\/v2\/comments?post=2467"}],"version-history":[{"count":5,"href":"https:\/\/alumar.de\/insektenschutz\/wp-json\/wp\/v2\/pages\/2467\/revisions"}],"predecessor-version":[{"id":2487,"href":"https:\/\/alumar.de\/insektenschutz\/wp-json\/wp\/v2\/pages\/2467\/revisions\/2487"}],"wp:attachment":[{"href":"https:\/\/alumar.de\/insektenschutz\/wp-json\/wp\/v2\/media?parent=2467"}],"curies":[{"name":"wp","href":"https:\/\/api.w.org\/{rel}","templated":true}]}}