{"id":2470,"date":"2025-08-27T16:03:26","date_gmt":"2025-08-27T14:03:26","guid":{"rendered":"https:\/\/alumar.de\/insektenschutz\/?page_id=2470"},"modified":"2025-09-18T17:06:54","modified_gmt":"2025-09-18T15:06:54","slug":"auszubildende-n-zum-zur-buerokaufmann-und-frau-fuer-bueromanagement-m-w-d","status":"publish","type":"page","link":"https:\/\/alumar.de\/insektenschutz\/auszubildende-n-zum-zur-buerokaufmann-und-frau-fuer-bueromanagement-m-w-d\/","title":{"rendered":"Auszubildende\/n zum\/zur B\u00fcrokaufmann und -frau f\u00fcr B\u00fcromanagement  (M\/W\/D)"},"content":{"rendered":"\n<div class=\"wp-block-citadela-blocks-custom-container citadela-block-custom-container size-fullwidth bg-type-image inside-space-none bg-size-cover has-overlay has-min-height vertical-align-top\" style=\"min-height:420px\"><div class=\"bg-image-wrapper\" style=\"background-image:url(https:\/\/alumar.de\/insektenschutz\/wp-content\/uploads\/2023\/01\/Ausbildung-zur-Fachkraft-fuer-Metalltechnik.jpeg);background-repeat:no-repeat;background-position:54% 46%\"><\/div><div class=\"bg-image-overlay\" style=\"background-color:#82a2b5;opacity:0.4\"><\/div><div class=\"inner-holder\">\n<div class=\"wp-block-group\"><div class=\"wp-block-group__inner-container is-layout-flow wp-block-group-is-layout-flow\">\n<div style=\"height:80px\" aria-hidden=\"true\" class=\"wp-block-spacer\"><\/div>\n\n\n\n<h1 class=\"wp-block-heading has-text-align-center has-white-color has-text-color\">AUSBILDUNG ZUR FACHKRAFT F\u00dcR METALLTECHNIK (M\/W\/D)<\/h1>\n<\/div><\/div>\n\n\n\n<div class=\"wp-block-citadela-blocks-spacer citadela-block-spacer\"><div class=\"inner-holder\" style=\"padding-top:5vw\"><\/div><\/div>\n<\/div><\/div>\n\n\n\n<div style=\"height:60px\" aria-hidden=\"true\" class=\"wp-block-spacer\"><\/div>\n\n\n\n<h2 class=\"wp-block-heading has-text-color\" style=\"color:#82a2b5\">Auszubildende\/n zum\/zur B\u00fcrokaufmann und -frau f\u00fcr B\u00fcromanagement (M\/W\/D)<\/h2>\n\n\n\n<p><strong>Wir suchen ab August 2026 eine\/n Auszubildende\/n zum\/zur B\u00fcrokaufmann und -frau f\u00fcr B\u00fcromanagement (M\/W\/D) f\u00fcr unsere Produktion in Viersen.<\/strong><\/p>\n\n\n\n<p>Wir bieten dir spannende Einsatzm\u00f6glichkeiten in unserem jungen, aufstrebenden Unternehmen im Bereich der Produktion von hochwertigen Insektenschutzelementen.<\/p>\n\n\n\n<p><strong><strong>Das erwartet dich bei einer Ausbildung bei uns<\/strong>:<\/strong><\/p>\n\n\n\n<p><strong>\u2713 <\/strong>Du erh\u00e4ltst umfassenden Einblick in Verwaltung und Organisation des gesamten B\u00fcromanagements mit kurzen Kommunikationswegen.<br><strong>\u2713 <\/strong>Unterst\u00fctzung unseres Einkaufs, unseres Schriftverkehrs und bei Personalprozessen.<br><strong>\u2713 <\/strong>Du lernst unsere Buchhaltung kennen und die Erstellung von Lohn- und Gehaltsabrechnungen.<br><strong>\u2713 <\/strong>Telefonsupport und erste Bearbeitung der Kundenanliegen sowie Auftragseingabe und Sicherstellung der Kundenzufriedenheit<br><strong>\u2713 <\/strong>Disposition von Kundentermine und Koordination.<br><strong>\u2713 <\/strong>Datenaufbereitung und digitale Dokumentation.<br><strong>\u2713 <\/strong>Eine zielorientierte Einarbeitung in deine Aufgaben durch einen Mentor in einem   Familienunternehmen.<\/p>\n\n\n\n<p><strong><strong>Als Azubi bei uns bekommst du diese Vorteile geboten<\/strong>:<\/strong><\/p>\n\n\n\n<p><strong>\u2713 <\/strong>Ein hilfsbereites Team, das dir alles beibringt, was du wissen musst.<br><strong>\u2713 <\/strong>Schon fr\u00fch eigene Verantwortungsbereiche, Vertrauen und R\u00fcckhalt von Chef und Kolleg*innen.<br><strong>\u2713 <\/strong>Eine Ausbildung in einem jungen und dynamischen Unternehmen, das zum Insekten- und Sonnenschutz beitr\u00e4gt mit modernen und innovativen Arbeitsumfeld.<br><strong>\u2713 <\/strong>Eine faire Ausbildungsverg\u00fctung sowie kostenfreie Getr\u00e4nke.<br><strong>\u2713 <\/strong>Gute und kostenfreie Parkm\u00f6glichkeiten in einem sch\u00f6nen Industriegebiet &#8211; Viersen Mackenstein.<\/p>\n\n\n\n<p><strong><strong>Diese&nbsp;Voraussetzungen&nbsp;bringst du idealerweise mit<\/strong>:<\/strong><\/p>\n\n\n\n<p><strong>\u2713 <\/strong>Freundliche, kommunikative, selbstbewusste und aufgeschlossene Art.<br><strong>\u2713 <\/strong>Sicheres und gepflegtes Auftreten und kannst Leistungsdefizite erkennen und kommunizieren.<br><strong>\u2713 <\/strong>Du hast Interesse an Zahlen und wirtschaftlichen Zusammenh\u00e4ngen.<br><strong>\u2713 <\/strong>Spa\u00df am strukturierten Arbeiten, am Organisieren und Planen.<br><strong>\u2713 <\/strong>Hohe soziale und kommunikative Kompetenz, du bist ein Teamplayer.<br><strong>\u2713 <\/strong>Du bist bereit Herausforderungen anzunehmen, diese zu bew\u00e4ltigen und hast ein gutes Qualit\u00e4tsbewusstsein und Fingerspitzengef\u00fchl.<br><strong>\u2713 <\/strong>Du hast guten Realschulabschluss mit guten MS-Office-Kenntnissen (Excel, Word, Powerpoint) sowie sehr gutes Deutsch in Wort und Schrift.<br><strong>\u2713 <\/strong>Du bringst eine ausgepr\u00e4gte, selbstst\u00e4ndige und eigenverantwortliche Arbeitsweise mit.<\/p>\n\n\n\n<p>Die Ausbildung geht \u00fcber 2 Jahre.<\/p>\n\n\n\n<p><strong>Wir haben dein Interesse geweckt?<\/strong><\/p>\n\n\n\n<p>Dann sende deine Bewerbungsunterlagen an unseren Gesch\u00e4ftsf\u00fchrer Herrn Robin Titzkus <a href=\"mailto:r.titzkus@alumar.de\">r.titzkus@alumar.de<\/a> .<\/p>\n\n\n\n<p>Wir freuen uns von dir zu h\u00f6ren.<\/p>\n\n\n\n<p>Alumar Insekten- und Sonnenschutz GmbH &amp; Co. KG<br>Technologiering 25<br>41751 Viersen<\/p>\n\n\n\n<div style=\"height:100px\" aria-hidden=\"true\" class=\"wp-block-spacer\"><\/div>\n\n\n\n<div class=\"wp-block-cover alignfull is-light\" style=\"min-height:200px;aspect-ratio:unset;\"><img loading=\"lazy\" decoding=\"async\" width=\"2560\" height=\"170\" class=\"wp-block-cover__image-background wp-image-1123\" alt=\"\" src=\"https:\/\/alumar.de\/insektenschutz\/wp-content\/uploads\/2021\/11\/CTA_BG_Insektenschutzgitter.png\" data-object-fit=\"cover\" srcset=\"https:\/\/alumar.de\/insektenschutz\/wp-content\/uploads\/2021\/11\/CTA_BG_Insektenschutzgitter.png 2560w, https:\/\/alumar.de\/insektenschutz\/wp-content\/uploads\/2021\/11\/CTA_BG_Insektenschutzgitter-300x20.png 300w, https:\/\/alumar.de\/insektenschutz\/wp-content\/uploads\/2021\/11\/CTA_BG_Insektenschutzgitter-1024x68.png 1024w, https:\/\/alumar.de\/insektenschutz\/wp-content\/uploads\/2021\/11\/CTA_BG_Insektenschutzgitter-768x51.png 768w, https:\/\/alumar.de\/insektenschutz\/wp-content\/uploads\/2021\/11\/CTA_BG_Insektenschutzgitter-1536x102.png 1536w, https:\/\/alumar.de\/insektenschutz\/wp-content\/uploads\/2021\/11\/CTA_BG_Insektenschutzgitter-2048x136.png 2048w\" sizes=\"auto, (max-width: 2560px) 100vw, 2560px\" \/><span aria-hidden=\"true\" class=\"wp-block-cover__background has-background-dim-0 has-background-dim\"><\/span><div class=\"wp-block-cover__inner-container is-layout-flow wp-block-cover-is-layout-flow\">\n<div class=\"wp-block-columns is-layout-flex wp-container-core-columns-is-layout-9d6595d7 wp-block-columns-is-layout-flex\">\n<div class=\"wp-block-column is-layout-flow wp-block-column-is-layout-flow\">\n<h2 class=\"wp-block-heading has-large-font-size\">SIE W\u00dcNSCHEN EINE INDIVIDUELLE BERATUNG<\/h2>\n\n\n\n<h6 class=\"wp-block-heading has-normal-font-size\"> Kontaktieren Sie uns ganz einfach, wir helfen Ihnen gerne. <\/h6>\n\n\n\n<p><\/p>\n<\/div>\n\n\n\n<div class=\"wp-block-column is-layout-flow wp-block-column-is-layout-flow\"><\/div>\n\n\n\n<div class=\"wp-block-column is-layout-flow wp-block-column-is-layout-flow\">\n<center><i class=\"fa fa-phone IconPhone\"><\/i><\/center>\n\n\n\n<h2 class=\"wp-block-heading has-text-align-center has-large-font-size\">02161 46 34 70 0<\/h2>\n\n\n\n<hr class=\"wp-block-separator has-text-color has-css-opacity has-background aligncenter is-style-wide\" style=\"background-color:#1b5eaa;color:#1b5eaa\"\/>\n\n\n\n<p class=\"has-text-align-center has-white-color has-text-color\"><a href=\"mailto:mail@alumar.de\"><strong>E-Mail: mail@alumar.de<\/strong><\/a><\/p>\n<\/div>\n<\/div>\n<\/div><\/div>\n","protected":false},"excerpt":{"rendered":"<p>Auszubildende\/n zum\/zur B\u00fcrokaufmann und -frau f\u00fcr B\u00fcromanagement (M\/W\/D) Wir suchen ab August 2026 eine\/n Auszubildende\/n zum\/zur B\u00fcrokaufmann und -frau f\u00fcr B\u00fcromanagement (M\/W\/D) f\u00fcr unsere Produktion in Viersen. Wir bieten dir spannende Einsatzm\u00f6glichkeiten in unserem jungen, aufstrebenden Unternehmen im Bereich der Produktion von hochwertigen Insektenschutzelementen. Das erwartet dich bei einer Ausbildung bei uns: \u2713 Du erh\u00e4ltst [&hellip;]<\/p>\n","protected":false},"author":4,"featured_media":0,"parent":0,"menu_order":0,"comment_status":"closed","ping_status":"closed","template":"","meta":{"_citadela_hide_page_title":"1","_citadela_remove_header_space":"1","_citadela_custom_class":"","footnotes":""},"class_list":["post-2470","page","type-page","status-publish","hentry"],"yoast_head":"<!-- This site is optimized with the Yoast SEO plugin v26.2 - https:\/\/yoast.com\/wordpress\/plugins\/seo\/ -->\n<title>Ausbildung zur Fachkraft f\u00fcr Metalltechnik<\/title>\n<meta name=\"description\" content=\"Starte jetzt Deine Ausbildung zur Fachkraft f\u00fcr Metalltechnik bei Alumar in Krefeld! Wir freuen uns darauf, Dich kennenzulernen.\" \/>\n<meta name=\"robots\" content=\"index, follow, max-snippet:-1, max-image-preview:large, max-video-preview:-1\" \/>\n<link rel=\"canonical\" href=\"https:\/\/alumar.de\/insektenschutz\/auszubildende-n-zum-zur-buerokaufmann-und-frau-fuer-bueromanagement-m-w-d\/\" \/>\n<meta property=\"og:locale\" content=\"de_DE\" \/>\n<meta property=\"og:type\" content=\"article\" \/>\n<meta property=\"og:title\" content=\"Ausbildung zur Fachkraft f\u00fcr Metalltechnik\" \/>\n<meta property=\"og:description\" content=\"Starte jetzt Deine Ausbildung zur Fachkraft f\u00fcr Metalltechnik bei Alumar in Krefeld! Wir freuen uns darauf, Dich kennenzulernen.\" \/>\n<meta property=\"og:url\" content=\"https:\/\/alumar.de\/insektenschutz\/auszubildende-n-zum-zur-buerokaufmann-und-frau-fuer-bueromanagement-m-w-d\/\" \/>\n<meta property=\"article:publisher\" content=\"https:\/\/www.facebook.com\/alumarinsektengitter\/\" \/>\n<meta property=\"article:modified_time\" content=\"2025-09-18T15:06:54+00:00\" \/>\n<meta property=\"og:image\" content=\"https:\/\/alumar.de\/insektenschutz\/wp-content\/uploads\/2021\/11\/CTA_BG_Insektenschutzgitter.png\" \/>\n\t<meta property=\"og:image:width\" content=\"2560\" \/>\n\t<meta property=\"og:image:height\" content=\"170\" \/>\n\t<meta property=\"og:image:type\" content=\"image\/png\" \/>\n<meta name=\"twitter:card\" content=\"summary_large_image\" \/>\n<meta name=\"twitter:label1\" content=\"Gesch\u00e4tzte Lesezeit\" \/>\n\t<meta name=\"twitter:data1\" content=\"2\u00a0Minuten\" \/>\n<script type=\"application\/ld+json\" class=\"yoast-schema-graph\">{\"@context\":\"https:\/\/schema.org\",\"@graph\":[{\"@type\":\"WebPage\",\"@id\":\"https:\/\/alumar.de\/insektenschutz\/auszubildende-n-zum-zur-buerokaufmann-und-frau-fuer-bueromanagement-m-w-d\/\",\"url\":\"https:\/\/alumar.de\/insektenschutz\/auszubildende-n-zum-zur-buerokaufmann-und-frau-fuer-bueromanagement-m-w-d\/\",\"name\":\"Ausbildung zur Fachkraft f\u00fcr Metalltechnik\",\"isPartOf\":{\"@id\":\"https:\/\/alumar.de\/insektenschutz\/#website\"},\"primaryImageOfPage\":{\"@id\":\"https:\/\/alumar.de\/insektenschutz\/auszubildende-n-zum-zur-buerokaufmann-und-frau-fuer-bueromanagement-m-w-d\/#primaryimage\"},\"image\":{\"@id\":\"https:\/\/alumar.de\/insektenschutz\/auszubildende-n-zum-zur-buerokaufmann-und-frau-fuer-bueromanagement-m-w-d\/#primaryimage\"},\"thumbnailUrl\":\"https:\/\/alumar.de\/insektenschutz\/wp-content\/uploads\/2021\/11\/CTA_BG_Insektenschutzgitter.png\",\"datePublished\":\"2025-08-27T14:03:26+00:00\",\"dateModified\":\"2025-09-18T15:06:54+00:00\",\"description\":\"Starte jetzt Deine Ausbildung zur Fachkraft f\u00fcr Metalltechnik bei Alumar in Krefeld! Wir freuen uns darauf, Dich kennenzulernen.\",\"breadcrumb\":{\"@id\":\"https:\/\/alumar.de\/insektenschutz\/auszubildende-n-zum-zur-buerokaufmann-und-frau-fuer-bueromanagement-m-w-d\/#breadcrumb\"},\"inLanguage\":\"de\",\"potentialAction\":[{\"@type\":\"ReadAction\",\"target\":[\"https:\/\/alumar.de\/insektenschutz\/auszubildende-n-zum-zur-buerokaufmann-und-frau-fuer-bueromanagement-m-w-d\/\"]}]},{\"@type\":\"ImageObject\",\"inLanguage\":\"de\",\"@id\":\"https:\/\/alumar.de\/insektenschutz\/auszubildende-n-zum-zur-buerokaufmann-und-frau-fuer-bueromanagement-m-w-d\/#primaryimage\",\"url\":\"https:\/\/alumar.de\/insektenschutz\/wp-content\/uploads\/2021\/11\/CTA_BG_Insektenschutzgitter.png\",\"contentUrl\":\"https:\/\/alumar.de\/insektenschutz\/wp-content\/uploads\/2021\/11\/CTA_BG_Insektenschutzgitter.png\",\"width\":2560,\"height\":170},{\"@type\":\"BreadcrumbList\",\"@id\":\"https:\/\/alumar.de\/insektenschutz\/auszubildende-n-zum-zur-buerokaufmann-und-frau-fuer-bueromanagement-m-w-d\/#breadcrumb\",\"itemListElement\":[{\"@type\":\"ListItem\",\"position\":1,\"name\":\"Startseite\",\"item\":\"https:\/\/alumar.de\/insektenschutz\/\"},{\"@type\":\"ListItem\",\"position\":2,\"name\":\"Auszubildende\/n zum\/zur B\u00fcrokaufmann und -frau f\u00fcr B\u00fcromanagement (M\/W\/D)\"}]},{\"@type\":\"WebSite\",\"@id\":\"https:\/\/alumar.de\/insektenschutz\/#website\",\"url\":\"https:\/\/alumar.de\/insektenschutz\/\",\"name\":\"\",\"description\":\"\",\"publisher\":{\"@id\":\"https:\/\/alumar.de\/insektenschutz\/#organization\"},\"potentialAction\":[{\"@type\":\"SearchAction\",\"target\":{\"@type\":\"EntryPoint\",\"urlTemplate\":\"https:\/\/alumar.de\/insektenschutz\/?s={search_term_string}\"},\"query-input\":{\"@type\":\"PropertyValueSpecification\",\"valueRequired\":true,\"valueName\":\"search_term_string\"}}],\"inLanguage\":\"de\"},{\"@type\":\"Organization\",\"@id\":\"https:\/\/alumar.de\/insektenschutz\/#organization\",\"name\":\"Alumar EK\",\"url\":\"https:\/\/alumar.de\/insektenschutz\/\",\"logo\":{\"@type\":\"ImageObject\",\"inLanguage\":\"de\",\"@id\":\"https:\/\/alumar.de\/insektenschutz\/#\/schema\/logo\/image\/\",\"url\":\"https:\/\/alumar.de\/insektenschutz\/wp-content\/uploads\/2021\/11\/Footer_logo.png\",\"contentUrl\":\"https:\/\/alumar.de\/insektenschutz\/wp-content\/uploads\/2021\/11\/Footer_logo.png\",\"width\":574,\"height\":384,\"caption\":\"Alumar EK\"},\"image\":{\"@id\":\"https:\/\/alumar.de\/insektenschutz\/#\/schema\/logo\/image\/\"},\"sameAs\":[\"https:\/\/www.facebook.com\/alumarinsektengitter\/\",\"https:\/\/www.instagram.com\/alumar_insektengitter\/\"]}]}<\/script>\n<!-- \/ Yoast SEO plugin. -->","yoast_head_json":{"title":"Ausbildung zur Fachkraft f\u00fcr Metalltechnik","description":"Starte jetzt Deine Ausbildung zur Fachkraft f\u00fcr Metalltechnik bei Alumar in Krefeld! Wir freuen uns darauf, Dich kennenzulernen.","robots":{"index":"index","follow":"follow","max-snippet":"max-snippet:-1","max-image-preview":"max-image-preview:large","max-video-preview":"max-video-preview:-1"},"canonical":"https:\/\/alumar.de\/insektenschutz\/auszubildende-n-zum-zur-buerokaufmann-und-frau-fuer-bueromanagement-m-w-d\/","og_locale":"de_DE","og_type":"article","og_title":"Ausbildung zur Fachkraft f\u00fcr Metalltechnik","og_description":"Starte jetzt Deine Ausbildung zur Fachkraft f\u00fcr Metalltechnik bei Alumar in Krefeld! Wir freuen uns darauf, Dich kennenzulernen.","og_url":"https:\/\/alumar.de\/insektenschutz\/auszubildende-n-zum-zur-buerokaufmann-und-frau-fuer-bueromanagement-m-w-d\/","article_publisher":"https:\/\/www.facebook.com\/alumarinsektengitter\/","article_modified_time":"2025-09-18T15:06:54+00:00","og_image":[{"width":2560,"height":170,"url":"https:\/\/alumar.de\/insektenschutz\/wp-content\/uploads\/2021\/11\/CTA_BG_Insektenschutzgitter.png","type":"image\/png"}],"twitter_card":"summary_large_image","twitter_misc":{"Gesch\u00e4tzte Lesezeit":"2\u00a0Minuten"},"schema":{"@context":"https:\/\/schema.org","@graph":[{"@type":"WebPage","@id":"https:\/\/alumar.de\/insektenschutz\/auszubildende-n-zum-zur-buerokaufmann-und-frau-fuer-bueromanagement-m-w-d\/","url":"https:\/\/alumar.de\/insektenschutz\/auszubildende-n-zum-zur-buerokaufmann-und-frau-fuer-bueromanagement-m-w-d\/","name":"Ausbildung zur Fachkraft f\u00fcr Metalltechnik","isPartOf":{"@id":"https:\/\/alumar.de\/insektenschutz\/#website"},"primaryImageOfPage":{"@id":"https:\/\/alumar.de\/insektenschutz\/auszubildende-n-zum-zur-buerokaufmann-und-frau-fuer-bueromanagement-m-w-d\/#primaryimage"},"image":{"@id":"https:\/\/alumar.de\/insektenschutz\/auszubildende-n-zum-zur-buerokaufmann-und-frau-fuer-bueromanagement-m-w-d\/#primaryimage"},"thumbnailUrl":"https:\/\/alumar.de\/insektenschutz\/wp-content\/uploads\/2021\/11\/CTA_BG_Insektenschutzgitter.png","datePublished":"2025-08-27T14:03:26+00:00","dateModified":"2025-09-18T15:06:54+00:00","description":"Starte jetzt Deine Ausbildung zur Fachkraft f\u00fcr Metalltechnik bei Alumar in Krefeld! Wir freuen uns darauf, Dich kennenzulernen.","breadcrumb":{"@id":"https:\/\/alumar.de\/insektenschutz\/auszubildende-n-zum-zur-buerokaufmann-und-frau-fuer-bueromanagement-m-w-d\/#breadcrumb"},"inLanguage":"de","potentialAction":[{"@type":"ReadAction","target":["https:\/\/alumar.de\/insektenschutz\/auszubildende-n-zum-zur-buerokaufmann-und-frau-fuer-bueromanagement-m-w-d\/"]}]},{"@type":"ImageObject","inLanguage":"de","@id":"https:\/\/alumar.de\/insektenschutz\/auszubildende-n-zum-zur-buerokaufmann-und-frau-fuer-bueromanagement-m-w-d\/#primaryimage","url":"https:\/\/alumar.de\/insektenschutz\/wp-content\/uploads\/2021\/11\/CTA_BG_Insektenschutzgitter.png","contentUrl":"https:\/\/alumar.de\/insektenschutz\/wp-content\/uploads\/2021\/11\/CTA_BG_Insektenschutzgitter.png","width":2560,"height":170},{"@type":"BreadcrumbList","@id":"https:\/\/alumar.de\/insektenschutz\/auszubildende-n-zum-zur-buerokaufmann-und-frau-fuer-bueromanagement-m-w-d\/#breadcrumb","itemListElement":[{"@type":"ListItem","position":1,"name":"Startseite","item":"https:\/\/alumar.de\/insektenschutz\/"},{"@type":"ListItem","position":2,"name":"Auszubildende\/n zum\/zur B\u00fcrokaufmann und -frau f\u00fcr B\u00fcromanagement (M\/W\/D)"}]},{"@type":"WebSite","@id":"https:\/\/alumar.de\/insektenschutz\/#website","url":"https:\/\/alumar.de\/insektenschutz\/","name":"","description":"","publisher":{"@id":"https:\/\/alumar.de\/insektenschutz\/#organization"},"potentialAction":[{"@type":"SearchAction","target":{"@type":"EntryPoint","urlTemplate":"https:\/\/alumar.de\/insektenschutz\/?s={search_term_string}"},"query-input":{"@type":"PropertyValueSpecification","valueRequired":true,"valueName":"search_term_string"}}],"inLanguage":"de"},{"@type":"Organization","@id":"https:\/\/alumar.de\/insektenschutz\/#organization","name":"Alumar EK","url":"https:\/\/alumar.de\/insektenschutz\/","logo":{"@type":"ImageObject","inLanguage":"de","@id":"https:\/\/alumar.de\/insektenschutz\/#\/schema\/logo\/image\/","url":"https:\/\/alumar.de\/insektenschutz\/wp-content\/uploads\/2021\/11\/Footer_logo.png","contentUrl":"https:\/\/alumar.de\/insektenschutz\/wp-content\/uploads\/2021\/11\/Footer_logo.png","width":574,"height":384,"caption":"Alumar EK"},"image":{"@id":"https:\/\/alumar.de\/insektenschutz\/#\/schema\/logo\/image\/"},"sameAs":["https:\/\/www.facebook.com\/alumarinsektengitter\/","https:\/\/www.instagram.com\/alumar_insektengitter\/"]}]}},"_links":{"self":[{"href":"https:\/\/alumar.de\/insektenschutz\/wp-json\/wp\/v2\/pages\/2470","targetHints":{"allow":["GET"]}}],"collection":[{"href":"https:\/\/alumar.de\/insektenschutz\/wp-json\/wp\/v2\/pages"}],"about":[{"href":"https:\/\/alumar.de\/insektenschutz\/wp-json\/wp\/v2\/types\/page"}],"author":[{"embeddable":true,"href":"https:\/\/alumar.de\/insektenschutz\/wp-json\/wp\/v2\/users\/4"}],"replies":[{"embeddable":true,"href":"https:\/\/alumar.de\/insektenschutz\/wp-json\/wp\/v2\/comments?post=2470"}],"version-history":[{"count":3,"href":"https:\/\/alumar.de\/insektenschutz\/wp-json\/wp\/v2\/pages\/2470\/revisions"}],"predecessor-version":[{"id":2486,"href":"https:\/\/alumar.de\/insektenschutz\/wp-json\/wp\/v2\/pages\/2470\/revisions\/2486"}],"wp:attachment":[{"href":"https:\/\/alumar.de\/insektenschutz\/wp-json\/wp\/v2\/media?parent=2470"}],"curies":[{"name":"wp","href":"https:\/\/api.w.org\/{rel}","templated":true}]}}