{"id":79,"date":"2020-01-23T09:49:49","date_gmt":"2020-01-23T09:49:49","guid":{"rendered":"https:\/\/alumar.de\/insektenschutz\/shopping-centers\/"},"modified":"2024-07-29T11:44:33","modified_gmt":"2024-07-29T09:44:33","slug":"insektenschutz-rollo","status":"publish","type":"page","link":"https:\/\/alumar.de\/insektenschutz\/insektenschutz-rollo\/","title":{"rendered":"Insekten\u00adschutz\u00adrollo"},"content":{"rendered":"\n<div class=\"wp-block-citadela-blocks-custom-container citadela-block-custom-container size-fullwidth bg-type-image inside-space-none bg-size-cover has-overlay has-min-height vertical-align-top\" style=\"min-height:240px\"><div class=\"bg-image-wrapper\" style=\"background-image:url(https:\/\/alumar.de\/insektenschutz\/wp-content\/uploads\/2021\/11\/Insektenschutz_header_Unterseite.jpg);background-repeat:no-repeat;background-position:0% 57%\"><\/div><div class=\"bg-image-overlay\" style=\"opacity:0.03\"><\/div><div class=\"inner-holder\">\n<div class=\"wp-block-group\"><div class=\"wp-block-group__inner-container is-layout-flow wp-block-group-is-layout-flow\">\n<div style=\"height:80px\" aria-hidden=\"true\" class=\"wp-block-spacer\"><\/div>\n\n\n\n<h1 class=\"wp-block-heading has-text-align-center has-white-color has-text-color\">INSEKTENSCHUTZROLLO<\/h1>\n<\/div><\/div>\n\n\n\n<div class=\"wp-block-citadela-blocks-spacer citadela-block-spacer\"><div class=\"inner-holder\" style=\"padding-top:5vw\"><\/div><\/div>\n<\/div><\/div>\n\n\n\n<div style=\"height:20px\" aria-hidden=\"true\" class=\"wp-block-spacer\"><\/div>\n\n\n\n<div class=\"wp-block-columns alignfull is-layout-flex wp-container-core-columns-is-layout-9d6595d7 wp-block-columns-is-layout-flex\">\n<div class=\"wp-block-column is-layout-flow wp-block-column-is-layout-flow\" style=\"flex-basis:15%\">\n<p class=\"has-small-font-size\"><a href=\"https:\/\/alumar.de\/insektenschutz\/sicht-und-sonnenschutz-systeme\/\" data-type=\"URL\" data-id=\"https:\/\/alumar.de\/insektenschutz\/sicht-und-sonnenschutz-systeme\/\">Sicht-und Sonnenschutz Systeme<\/a><\/p>\n<\/div>\n\n\n\n<div class=\"wp-block-column is-layout-flow wp-block-column-is-layout-flow\" style=\"flex-basis:15%\">\n<p class=\"has-small-font-size\"><a href=\"https:\/\/alumar.de\/insektenschutz\/clip-on-zip-screen-sonnenschutz\/\">Clip-On Zip-Screen Sonnenschutz<\/a><\/p>\n<\/div>\n\n\n\n<div class=\"wp-block-column is-layout-flow wp-block-column-is-layout-flow\" style=\"flex-basis:15%\">\n<p class=\"has-small-font-size\"><a href=\"https:\/\/alumar.de\/insektenschutz\/insektenschutz-produkte_insektenschutz-plissee\/\">Insektenschutzplissee f\u00fcr T\u00fcren (40mm)<\/a><\/p>\n<\/div>\n\n\n\n<div class=\"wp-block-column is-layout-flow wp-block-column-is-layout-flow\" style=\"flex-basis:15%\">\n<p class=\"has-small-font-size\"><a href=\"https:\/\/alumar.de\/insektenschutz\/insektenschutzplissee-fuer-tueren-micro-13\/\">Insektenschutzplissee f\u00fcr T\u00fcren (Micro 13)<\/a><\/p>\n<\/div>\n\n\n\n<div class=\"wp-block-column is-layout-flow wp-block-column-is-layout-flow\" style=\"flex-basis:10%\">\n<p class=\"has-small-font-size\"><a href=\"https:\/\/alumar.de\/insektenschutz\/insektenschutz-rollo\/\">Insekten\u00adschutz\u00adrollo<\/a><\/p>\n<\/div>\n\n\n\n<div class=\"wp-block-column is-layout-flow wp-block-column-is-layout-flow\" style=\"flex-basis:10%\">\n<p class=\"has-small-font-size\"><a href=\"https:\/\/alumar.de\/insektenschutz\/insektenschutz-spannrahmen\/\">Spann\u00adrahmen<\/a><\/p>\n<\/div>\n\n\n\n<div class=\"wp-block-column is-layout-flow wp-block-column-is-layout-flow\" style=\"flex-basis:10%\">\n<p class=\"has-small-font-size\"><a href=\"https:\/\/alumar.de\/insektenschutz\/insektenschutz-drehrahmen-fuer-tueren\/\">Drehrahmen f\u00fcr T\u00fcren<\/a><\/p>\n<\/div>\n\n\n\n<div class=\"wp-block-column is-layout-flow wp-block-column-is-layout-flow\" style=\"flex-basis:10%\">\n<p class=\"has-small-font-size\"><a href=\"https:\/\/alumar.de\/insektenschutz\/drehrahmen-fuer-fenster\/\">Drehrahmen f\u00fcr Fenster<\/a><\/p>\n<\/div>\n\n\n\n<div class=\"wp-block-column is-layout-flow wp-block-column-is-layout-flow\" style=\"flex-basis:10%\">\n<p class=\"has-small-font-size\"><a href=\"https:\/\/alumar.de\/insektenschutz\/insektenschutz-pendelrahmen-fuer-tueren\/\">Pendelrahmen f\u00fcr T\u00fcren<\/a><\/p>\n<\/div>\n\n\n\n<div class=\"wp-block-column is-layout-flow wp-block-column-is-layout-flow\" style=\"flex-basis:10%\">\n<p class=\"has-small-font-size\"><a href=\"https:\/\/alumar.de\/insektenschutz\/insektenschutz-schieberahmen\/\">Schiebe\u00adrahmen<\/a><\/p>\n<\/div>\n\n\n\n<div class=\"wp-block-column is-layout-flow wp-block-column-is-layout-flow\" style=\"flex-basis:10%\">\n<p class=\"has-small-font-size\"><a href=\"https:\/\/alumar.de\/insektenschutz\/insektenschutz-lichtschachtabdeckungen\/\">Licht\u00adschacht\u00adabdeckungen<\/a><\/p>\n<\/div>\n\n\n\n<div class=\"wp-block-column is-layout-flow wp-block-column-is-layout-flow\" style=\"flex-basis:10%\">\n<p class=\"has-small-font-size\"><a href=\"https:\/\/alumar.de\/insektenschutz\/alumar-fussabstreifer\/\">Alumar Fu\u00dfabstreifer<\/a><\/p>\n<\/div>\n<\/div>\n\n\n\n<div class=\"wp-block-citadela-blocks-spacer citadela-block-spacer\"><div class=\"inner-holder\" style=\"padding-top:4vw\"><\/div><\/div>\n\n\n\n<div class=\"wp-block-citadela-blocks-custom-container citadela-block-custom-container size-wide bg-type-none inside-space-none\"><div class=\"inner-holder\">\n<h2 class=\"wp-block-heading has-text-align-center has-text-color\" style=\"color:#82a2b5\"><strong>INSEKTENSCHUTZROLLO<\/strong><\/h2>\n\n\n\n<p class=\"has-text-align-center\">&#8211; ZUM AUFROLLEN &#8211;<\/p>\n\n\n\n<hr class=\"wp-block-separator has-text-color has-css-opacity has-background is-style-wide\" style=\"background-color:#82a2b5;color:#82a2b5\"\/>\n\n\n\n<p>Insektenschutz-Rollo f\u00fcr Fenster. Das Insektenschutzollo eignet sich besonders f\u00fcr Dachfl\u00e4chenfenster oder Fenster, die oft ge\u00f6ffnet werden, z. B. zum L\u00fcften oder Blumen gie\u00dfen. Dieser Schutz gegen Insekten wird vertikal bedient. Ein Druck und das Insektenschutzollo \u00f6ffnet sich automatisch und verschwindet im formsch\u00f6nen Rollo-Kasten. Um ein zu schnelles zur\u00fcckschnellen des Rollos zu verhindern, empfehlen wir eine Rollobremse f\u00fcr Ihr Fenster. Diese l\u00e4sst das Rollo leicht in den Kasten zur\u00fcckgleiten und bietet Ihnen einen Extra-Komfort. Bei Dachfl\u00e4chenfenstern wird in der Regel vor der Laibung montiert. So k\u00f6nnen Sie nach dem \u00f6ffnen zeitnah das Insektenschutzrollo herunterfahren und sind sofort vor den l\u00e4stigen Insekten gesch\u00fctzt. Haben Sie Fragen rund um Insektenschutz-Rollos und Ihren M\u00f6glichkeiten? Nehmen Sie Kontakt auf und rufen uns unter <a href=\"tel:021614634700\">02161 46 34 70 0<\/a> an. <\/p>\n\n\n\n<div class=\"wp-block-columns is-layout-flex wp-container-core-columns-is-layout-9d6595d7 wp-block-columns-is-layout-flex\">\n<div class=\"wp-block-column is-layout-flow wp-block-column-is-layout-flow\">\n\n<\/div>\n\n\n\n<div class=\"wp-block-column is-layout-flow wp-block-column-is-layout-flow\">\n<p><strong>Ihre Vorteile beim Insektenschutzrollo auf einen Blick:<\/strong><\/p>\n\n\n\n<ul class=\"wp-block-list\">\n<li>Bestens geeignet f\u00fcr Dachfl\u00e4chenfenster<\/li>\n\n\n\n<li>Flexible Insektenl\u00f6sung<\/li>\n\n\n\n<li>Ein Druck l\u00e4sst das Rollo zeitnah verschwinden<\/li>\n\n\n\n<li>Hochwertiges Qualit\u00e4tsprodukt<\/li>\n\n\n\n<li>Stabiler Einbaurahmen bietet h\u00f6chsten Qualit\u00e4tsstandard<br><\/li>\n<\/ul>\n\n\n\n<p>Um alle Einbaum\u00f6glichkeiten des Insektenschutz-Rollo kennen zu lernen, laden Sie bitte unseren Aufma\u00dfkatalog (siehe unten) herunter.<\/p>\n\n\n\n<p><\/p>\n<\/div>\n<\/div>\n\n\n\n<div class=\"wp-block-columns is-layout-flex wp-container-core-columns-is-layout-9d6595d7 wp-block-columns-is-layout-flex\">\n<div class=\"wp-block-column is-layout-flow wp-block-column-is-layout-flow\">\n<div class=\"wp-block-citadela-blocks-service citadela-block-service main-holder layout-box header-type-icon has-bg standard\" style=\"background-color:#82a2b5\"><div class=\"service-header\"><div class=\"service-icon\"><a href=\"https:\/\/alumar.de\/insektenschutz\/downloads\/Rollos.pdf\"><i class=\"far fa-file-pdf\" style=\"color:#ffffff\"><\/i><\/a><\/div><\/div><div class=\"service-content\"><div class=\"service-content-wrap\"><a href=\"https:\/\/alumar.de\/insektenschutz\/downloads\/Rollos.pdf\"><h3 class=\"service-title\" style=\"color:#ffffff\">Aufma\u00dfblatt<\/h3><\/a><p class=\"service-description\" style=\"color:#ffffff\">Insektenschutzrollo<\/p><\/div><\/div><\/div>\n<\/div>\n\n\n\n<div class=\"wp-block-column is-layout-flow wp-block-column-is-layout-flow\">\n<div class=\"wp-block-citadela-blocks-service citadela-block-service main-holder layout-box header-type-icon has-bg standard\" style=\"background-color:#82a2b5\"><div class=\"service-header\"><div class=\"service-icon\"><a href=\"https:\/\/alumar.de\/insektenschutz\/insektenschutzgewebe\"><i class=\"fas fa-th\" style=\"color:#ffffff\"><\/i><\/a><\/div><\/div><div class=\"service-content\"><div class=\"service-content-wrap\"><a href=\"https:\/\/alumar.de\/insektenschutz\/insektenschutzgewebe\"><h3 class=\"service-title\" style=\"color:#ffffff\">Gewebearten<\/h3><\/a><p class=\"service-description\" style=\"color:#ffffff\">Auswahl<\/p><\/div><\/div><\/div>\n<\/div>\n\n\n\n<div class=\"wp-block-column is-layout-flow wp-block-column-is-layout-flow\">\n<div class=\"wp-block-citadela-blocks-service citadela-block-service main-holder layout-box header-type-icon has-bg standard\" style=\"background-color:#82a2b5\"><div class=\"service-header\"><div class=\"service-icon\"><a href=\"https:\/\/alumar.de\/insektenschutz\/kontakt\/\"><i class=\"fas fa-phone\" style=\"color:#ffffff\"><\/i><\/a><\/div><\/div><div class=\"service-content\"><div class=\"service-content-wrap\"><a href=\"https:\/\/alumar.de\/insektenschutz\/kontakt\/\"><h3 class=\"service-title\" style=\"color:#ffffff\">Kontakt<\/h3><\/a><p class=\"service-description\" style=\"color:#ffffff\">F\u00fcr mehr Informtionen<\/p><\/div><\/div><\/div>\n<\/div>\n<\/div>\n\n\n\n<div style=\"height:80px\" aria-hidden=\"true\" class=\"wp-block-spacer\"><\/div>\n\n\n\n<div class=\"wp-block-cover alignfull is-light\" style=\"min-height:200px;aspect-ratio:unset;\"><span aria-hidden=\"true\" class=\"wp-block-cover__background has-background-dim-0 has-background-dim\"><\/span><img loading=\"lazy\" decoding=\"async\" width=\"2560\" height=\"170\" class=\"wp-block-cover__image-background wp-image-1123\" alt=\"\" src=\"https:\/\/alumar.de\/insektenschutz\/wp-content\/uploads\/2021\/11\/CTA_BG_Insektenschutzgitter.png\" data-object-fit=\"cover\" srcset=\"https:\/\/alumar.de\/insektenschutz\/wp-content\/uploads\/2021\/11\/CTA_BG_Insektenschutzgitter.png 2560w, https:\/\/alumar.de\/insektenschutz\/wp-content\/uploads\/2021\/11\/CTA_BG_Insektenschutzgitter-300x20.png 300w, https:\/\/alumar.de\/insektenschutz\/wp-content\/uploads\/2021\/11\/CTA_BG_Insektenschutzgitter-1024x68.png 1024w, https:\/\/alumar.de\/insektenschutz\/wp-content\/uploads\/2021\/11\/CTA_BG_Insektenschutzgitter-768x51.png 768w, https:\/\/alumar.de\/insektenschutz\/wp-content\/uploads\/2021\/11\/CTA_BG_Insektenschutzgitter-1536x102.png 1536w, https:\/\/alumar.de\/insektenschutz\/wp-content\/uploads\/2021\/11\/CTA_BG_Insektenschutzgitter-2048x136.png 2048w\" sizes=\"auto, (max-width: 2560px) 100vw, 2560px\" \/><div class=\"wp-block-cover__inner-container is-layout-flow wp-block-cover-is-layout-flow\">\n<div class=\"wp-block-columns is-layout-flex wp-container-core-columns-is-layout-9d6595d7 wp-block-columns-is-layout-flex\">\n<div class=\"wp-block-column is-layout-flow wp-block-column-is-layout-flow\">\n<h2 class=\"wp-block-heading has-large-font-size\">SIE W\u00dcNSCHEN EINE INDIVIDUELLE BERATUNG<\/h2>\n\n\n\n<h6 class=\"wp-block-heading has-normal-font-size\"> Kontaktieren Sie uns ganz einfach, wir helfen Ihnen gerne. <\/h6>\n\n\n\n<p><\/p>\n<\/div>\n\n\n\n<div class=\"wp-block-column is-layout-flow wp-block-column-is-layout-flow\"><\/div>\n\n\n\n<div class=\"wp-block-column is-layout-flow wp-block-column-is-layout-flow\">\n<center><i class=\"fa fa-phone IconPhone\"><\/i><\/center>\n\n\n\n<h2 class=\"wp-block-heading has-text-align-center has-large-font-size\">02161 46 34 70 0<\/h2>\n\n\n\n<hr class=\"wp-block-separator has-text-color has-css-opacity has-background aligncenter is-style-wide\" style=\"background-color:#1b5eaa;color:#1b5eaa\"\/>\n\n\n\n<p class=\"has-text-align-center has-white-color has-text-color\"><a href=\"mailto:mail@alumar.de\"><strong>E-Mail: mail@alumar.de<\/strong><\/a><\/p>\n<\/div>\n<\/div>\n<\/div><\/div>\n\n\n\n<div class=\"wp-block-citadela-blocks-spacer citadela-block-spacer\"><div class=\"inner-holder\" style=\"padding-top:3vw\"><\/div><\/div>\n<\/div><\/div>\n","protected":false},"excerpt":{"rendered":"","protected":false},"author":1,"featured_media":0,"parent":0,"menu_order":0,"comment_status":"closed","ping_status":"closed","template":"","meta":{"_citadela_hide_page_title":"1","_citadela_remove_header_space":"1","footnotes":""},"class_list":["post-79","page","type-page","status-publish","hentry"],"yoast_head":"<!-- This site is optimized with the Yoast SEO plugin v27.5 - https:\/\/yoast.com\/product\/yoast-seo-wordpress\/ -->\n<title>Insektenschutz-Rollo | Alumar in M\u00f6nchengladbach<\/title>\n<meta name=\"description\" content=\"Insektenschutz-Rollo f\u00fcr Fenster. Das Insektenschutzollo f\u00fcr Dachfl\u00e4chenfenster oder Fenster, die oft ge\u00f6ffnet werden. Jetzt entdecken!\" \/>\n<meta name=\"robots\" content=\"index, follow, max-snippet:-1, max-image-preview:large, max-video-preview:-1\" \/>\n<link rel=\"canonical\" href=\"https:\/\/alumar.de\/insektenschutz\/insektenschutz-rollo\/\" \/>\n<meta property=\"og:locale\" content=\"de_DE\" \/>\n<meta property=\"og:type\" content=\"article\" \/>\n<meta property=\"og:title\" content=\"Insektenschutz-Rollo | Alumar in M\u00f6nchengladbach\" \/>\n<meta property=\"og:description\" content=\"Insektenschutz-Rollo f\u00fcr Fenster. Das Insektenschutzollo f\u00fcr Dachfl\u00e4chenfenster oder Fenster, die oft ge\u00f6ffnet werden. Jetzt entdecken!\" \/>\n<meta property=\"og:url\" content=\"https:\/\/alumar.de\/insektenschutz\/insektenschutz-rollo\/\" \/>\n<meta property=\"article:publisher\" content=\"https:\/\/www.facebook.com\/alumarinsektengitter\/\" \/>\n<meta property=\"article:modified_time\" content=\"2024-07-29T09:44:33+00:00\" \/>\n<meta property=\"og:image\" content=\"https:\/\/alumar.de\/insektenschutz\/wp-content\/uploads\/2021\/11\/CTA_BG_Insektenschutzgitter.png\" \/>\n<meta name=\"twitter:card\" content=\"summary_large_image\" \/>\n<meta name=\"twitter:label1\" content=\"Gesch\u00e4tzte Lesezeit\" \/>\n\t<meta name=\"twitter:data1\" content=\"2\u00a0Minuten\" \/>\n<script type=\"application\/ld+json\" class=\"yoast-schema-graph\">{\"@context\":\"https:\\\/\\\/schema.org\",\"@graph\":[{\"@type\":\"WebPage\",\"@id\":\"https:\\\/\\\/alumar.de\\\/insektenschutz\\\/insektenschutz-rollo\\\/\",\"url\":\"https:\\\/\\\/alumar.de\\\/insektenschutz\\\/insektenschutz-rollo\\\/\",\"name\":\"Insektenschutz-Rollo | Alumar in M\u00f6nchengladbach\",\"isPartOf\":{\"@id\":\"https:\\\/\\\/alumar.de\\\/insektenschutz\\\/#website\"},\"primaryImageOfPage\":{\"@id\":\"https:\\\/\\\/alumar.de\\\/insektenschutz\\\/insektenschutz-rollo\\\/#primaryimage\"},\"image\":{\"@id\":\"https:\\\/\\\/alumar.de\\\/insektenschutz\\\/insektenschutz-rollo\\\/#primaryimage\"},\"thumbnailUrl\":\"https:\\\/\\\/alumar.de\\\/insektenschutz\\\/wp-content\\\/uploads\\\/2021\\\/11\\\/CTA_BG_Insektenschutzgitter.png\",\"datePublished\":\"2020-01-23T09:49:49+00:00\",\"dateModified\":\"2024-07-29T09:44:33+00:00\",\"description\":\"Insektenschutz-Rollo f\u00fcr Fenster. Das Insektenschutzollo f\u00fcr Dachfl\u00e4chenfenster oder Fenster, die oft ge\u00f6ffnet werden. Jetzt entdecken!\",\"breadcrumb\":{\"@id\":\"https:\\\/\\\/alumar.de\\\/insektenschutz\\\/insektenschutz-rollo\\\/#breadcrumb\"},\"inLanguage\":\"de\",\"potentialAction\":[{\"@type\":\"ReadAction\",\"target\":[\"https:\\\/\\\/alumar.de\\\/insektenschutz\\\/insektenschutz-rollo\\\/\"]}]},{\"@type\":\"ImageObject\",\"inLanguage\":\"de\",\"@id\":\"https:\\\/\\\/alumar.de\\\/insektenschutz\\\/insektenschutz-rollo\\\/#primaryimage\",\"url\":\"https:\\\/\\\/alumar.de\\\/insektenschutz\\\/wp-content\\\/uploads\\\/2021\\\/11\\\/CTA_BG_Insektenschutzgitter.png\",\"contentUrl\":\"https:\\\/\\\/alumar.de\\\/insektenschutz\\\/wp-content\\\/uploads\\\/2021\\\/11\\\/CTA_BG_Insektenschutzgitter.png\",\"width\":2560,\"height\":170},{\"@type\":\"BreadcrumbList\",\"@id\":\"https:\\\/\\\/alumar.de\\\/insektenschutz\\\/insektenschutz-rollo\\\/#breadcrumb\",\"itemListElement\":[{\"@type\":\"ListItem\",\"position\":1,\"name\":\"Startseite\",\"item\":\"https:\\\/\\\/alumar.de\\\/insektenschutz\\\/\"},{\"@type\":\"ListItem\",\"position\":2,\"name\":\"Insekten\u00adschutz\u00adrollo\"}]},{\"@type\":\"WebSite\",\"@id\":\"https:\\\/\\\/alumar.de\\\/insektenschutz\\\/#website\",\"url\":\"https:\\\/\\\/alumar.de\\\/insektenschutz\\\/\",\"name\":\"\",\"description\":\"\",\"publisher\":{\"@id\":\"https:\\\/\\\/alumar.de\\\/insektenschutz\\\/#organization\"},\"potentialAction\":[{\"@type\":\"SearchAction\",\"target\":{\"@type\":\"EntryPoint\",\"urlTemplate\":\"https:\\\/\\\/alumar.de\\\/insektenschutz\\\/?s={search_term_string}\"},\"query-input\":{\"@type\":\"PropertyValueSpecification\",\"valueRequired\":true,\"valueName\":\"search_term_string\"}}],\"inLanguage\":\"de\"},{\"@type\":\"Organization\",\"@id\":\"https:\\\/\\\/alumar.de\\\/insektenschutz\\\/#organization\",\"name\":\"Alumar EK\",\"url\":\"https:\\\/\\\/alumar.de\\\/insektenschutz\\\/\",\"logo\":{\"@type\":\"ImageObject\",\"inLanguage\":\"de\",\"@id\":\"https:\\\/\\\/alumar.de\\\/insektenschutz\\\/#\\\/schema\\\/logo\\\/image\\\/\",\"url\":\"https:\\\/\\\/alumar.de\\\/insektenschutz\\\/wp-content\\\/uploads\\\/2021\\\/11\\\/Footer_logo.png\",\"contentUrl\":\"https:\\\/\\\/alumar.de\\\/insektenschutz\\\/wp-content\\\/uploads\\\/2021\\\/11\\\/Footer_logo.png\",\"width\":574,\"height\":384,\"caption\":\"Alumar EK\"},\"image\":{\"@id\":\"https:\\\/\\\/alumar.de\\\/insektenschutz\\\/#\\\/schema\\\/logo\\\/image\\\/\"},\"sameAs\":[\"https:\\\/\\\/www.facebook.com\\\/alumarinsektengitter\\\/\",\"https:\\\/\\\/www.instagram.com\\\/alumar_insektengitter\\\/\"]}]}<\/script>\n<!-- \/ Yoast SEO plugin. -->","yoast_head_json":{"title":"Insektenschutz-Rollo | Alumar in M\u00f6nchengladbach","description":"Insektenschutz-Rollo f\u00fcr Fenster. Das Insektenschutzollo f\u00fcr Dachfl\u00e4chenfenster oder Fenster, die oft ge\u00f6ffnet werden. Jetzt entdecken!","robots":{"index":"index","follow":"follow","max-snippet":"max-snippet:-1","max-image-preview":"max-image-preview:large","max-video-preview":"max-video-preview:-1"},"canonical":"https:\/\/alumar.de\/insektenschutz\/insektenschutz-rollo\/","og_locale":"de_DE","og_type":"article","og_title":"Insektenschutz-Rollo | Alumar in M\u00f6nchengladbach","og_description":"Insektenschutz-Rollo f\u00fcr Fenster. Das Insektenschutzollo f\u00fcr Dachfl\u00e4chenfenster oder Fenster, die oft ge\u00f6ffnet werden. Jetzt entdecken!","og_url":"https:\/\/alumar.de\/insektenschutz\/insektenschutz-rollo\/","article_publisher":"https:\/\/www.facebook.com\/alumarinsektengitter\/","article_modified_time":"2024-07-29T09:44:33+00:00","og_image":[{"url":"https:\/\/alumar.de\/insektenschutz\/wp-content\/uploads\/2021\/11\/CTA_BG_Insektenschutzgitter.png","type":"","width":"","height":""}],"twitter_card":"summary_large_image","twitter_misc":{"Gesch\u00e4tzte Lesezeit":"2\u00a0Minuten"},"schema":{"@context":"https:\/\/schema.org","@graph":[{"@type":"WebPage","@id":"https:\/\/alumar.de\/insektenschutz\/insektenschutz-rollo\/","url":"https:\/\/alumar.de\/insektenschutz\/insektenschutz-rollo\/","name":"Insektenschutz-Rollo | Alumar in M\u00f6nchengladbach","isPartOf":{"@id":"https:\/\/alumar.de\/insektenschutz\/#website"},"primaryImageOfPage":{"@id":"https:\/\/alumar.de\/insektenschutz\/insektenschutz-rollo\/#primaryimage"},"image":{"@id":"https:\/\/alumar.de\/insektenschutz\/insektenschutz-rollo\/#primaryimage"},"thumbnailUrl":"https:\/\/alumar.de\/insektenschutz\/wp-content\/uploads\/2021\/11\/CTA_BG_Insektenschutzgitter.png","datePublished":"2020-01-23T09:49:49+00:00","dateModified":"2024-07-29T09:44:33+00:00","description":"Insektenschutz-Rollo f\u00fcr Fenster. Das Insektenschutzollo f\u00fcr Dachfl\u00e4chenfenster oder Fenster, die oft ge\u00f6ffnet werden. Jetzt entdecken!","breadcrumb":{"@id":"https:\/\/alumar.de\/insektenschutz\/insektenschutz-rollo\/#breadcrumb"},"inLanguage":"de","potentialAction":[{"@type":"ReadAction","target":["https:\/\/alumar.de\/insektenschutz\/insektenschutz-rollo\/"]}]},{"@type":"ImageObject","inLanguage":"de","@id":"https:\/\/alumar.de\/insektenschutz\/insektenschutz-rollo\/#primaryimage","url":"https:\/\/alumar.de\/insektenschutz\/wp-content\/uploads\/2021\/11\/CTA_BG_Insektenschutzgitter.png","contentUrl":"https:\/\/alumar.de\/insektenschutz\/wp-content\/uploads\/2021\/11\/CTA_BG_Insektenschutzgitter.png","width":2560,"height":170},{"@type":"BreadcrumbList","@id":"https:\/\/alumar.de\/insektenschutz\/insektenschutz-rollo\/#breadcrumb","itemListElement":[{"@type":"ListItem","position":1,"name":"Startseite","item":"https:\/\/alumar.de\/insektenschutz\/"},{"@type":"ListItem","position":2,"name":"Insekten\u00adschutz\u00adrollo"}]},{"@type":"WebSite","@id":"https:\/\/alumar.de\/insektenschutz\/#website","url":"https:\/\/alumar.de\/insektenschutz\/","name":"","description":"","publisher":{"@id":"https:\/\/alumar.de\/insektenschutz\/#organization"},"potentialAction":[{"@type":"SearchAction","target":{"@type":"EntryPoint","urlTemplate":"https:\/\/alumar.de\/insektenschutz\/?s={search_term_string}"},"query-input":{"@type":"PropertyValueSpecification","valueRequired":true,"valueName":"search_term_string"}}],"inLanguage":"de"},{"@type":"Organization","@id":"https:\/\/alumar.de\/insektenschutz\/#organization","name":"Alumar EK","url":"https:\/\/alumar.de\/insektenschutz\/","logo":{"@type":"ImageObject","inLanguage":"de","@id":"https:\/\/alumar.de\/insektenschutz\/#\/schema\/logo\/image\/","url":"https:\/\/alumar.de\/insektenschutz\/wp-content\/uploads\/2021\/11\/Footer_logo.png","contentUrl":"https:\/\/alumar.de\/insektenschutz\/wp-content\/uploads\/2021\/11\/Footer_logo.png","width":574,"height":384,"caption":"Alumar EK"},"image":{"@id":"https:\/\/alumar.de\/insektenschutz\/#\/schema\/logo\/image\/"},"sameAs":["https:\/\/www.facebook.com\/alumarinsektengitter\/","https:\/\/www.instagram.com\/alumar_insektengitter\/"]}]}},"_links":{"self":[{"href":"https:\/\/alumar.de\/insektenschutz\/wp-json\/wp\/v2\/pages\/79","targetHints":{"allow":["GET"]}}],"collection":[{"href":"https:\/\/alumar.de\/insektenschutz\/wp-json\/wp\/v2\/pages"}],"about":[{"href":"https:\/\/alumar.de\/insektenschutz\/wp-json\/wp\/v2\/types\/page"}],"author":[{"embeddable":true,"href":"https:\/\/alumar.de\/insektenschutz\/wp-json\/wp\/v2\/users\/1"}],"replies":[{"embeddable":true,"href":"https:\/\/alumar.de\/insektenschutz\/wp-json\/wp\/v2\/comments?post=79"}],"version-history":[{"count":10,"href":"https:\/\/alumar.de\/insektenschutz\/wp-json\/wp\/v2\/pages\/79\/revisions"}],"predecessor-version":[{"id":2369,"href":"https:\/\/alumar.de\/insektenschutz\/wp-json\/wp\/v2\/pages\/79\/revisions\/2369"}],"wp:attachment":[{"href":"https:\/\/alumar.de\/insektenschutz\/wp-json\/wp\/v2\/media?parent=79"}],"curies":[{"name":"wp","href":"https:\/\/api.w.org\/{rel}","templated":true}]}}